{"id":101,"date":"2020-10-21T11:16:14","date_gmt":"2020-10-21T15:16:14","guid":{"rendered":"https:\/\/tictelecom.ca\/our-solutions\/cablage-reseau-et-wifi\/"},"modified":"2020-11-16T08:55:18","modified_gmt":"2020-11-16T13:55:18","slug":"network-cabling-and-wifi","status":"publish","type":"page","link":"https:\/\/tictelecom.ca\/en\/our-solutions\/network-cabling-and-wifi\/","title":{"rendered":"Network cabling and wifi"},"content":{"rendered":"","protected":false},"excerpt":{"rendered":"","protected":false},"author":1,"featured_media":0,"parent":95,"menu_order":7,"comment_status":"closed","ping_status":"closed","template":"template\/cablage-en.php","meta":{"_acf_changed":false,"footnotes":""},"class_list":["post-101","page","type-page","status-publish","hentry"],"acf":[],"yoast_head":"<!-- This site is optimized with the Yoast SEO plugin v23.6 - https:\/\/yoast.com\/wordpress\/plugins\/seo\/ -->\n<title>Network and Wifi cabling solutions - TIC Telecom - Network cabling<\/title>\n<meta name=\"description\" content=\"Network and Wi-Fi Wiring Service Regardless of Network Wiring - Fiber Optic and WiFi Network Cabling - Category 5, 5e, 6, 6+ and 7 Network Cabling\" \/>\n<meta name=\"robots\" content=\"index, follow, max-snippet:-1, max-image-preview:large, max-video-preview:-1\" \/>\n<link rel=\"canonical\" href=\"https:\/\/tictelecom.ca\/our-solutions\/network-cabling-and-wifi\/\" \/>\n<meta property=\"og:locale\" content=\"en_US\" \/>\n<meta property=\"og:type\" content=\"article\" \/>\n<meta property=\"og:title\" content=\"Network and Wifi cabling solutions - TIC Telecom - Network cabling\" \/>\n<meta property=\"og:description\" content=\"Network and Wi-Fi Wiring Service Regardless of Network Wiring - Fiber Optic and WiFi Network Cabling - Category 5, 5e, 6, 6+ and 7 Network Cabling\" \/>\n<meta property=\"og:url\" content=\"https:\/\/tictelecom.ca\/our-solutions\/network-cabling-and-wifi\/\" \/>\n<meta property=\"og:site_name\" content=\"TIC t\u00e9l\u00e9phonie industrielle &amp; commerciale inc.\" \/>\n<meta property=\"article:modified_time\" content=\"2020-11-16T13:55:18+00:00\" \/>\n<meta name=\"twitter:card\" content=\"summary_large_image\" \/>\n<script type=\"application\/ld+json\" class=\"yoast-schema-graph\">{\"@context\":\"https:\/\/schema.org\",\"@graph\":[{\"@type\":\"WebPage\",\"@id\":\"https:\/\/tictelecom.ca\/our-solutions\/network-cabling-and-wifi\/\",\"url\":\"https:\/\/tictelecom.ca\/our-solutions\/network-cabling-and-wifi\/\",\"name\":\"Network and Wifi cabling solutions - TIC Telecom - Network cabling\",\"isPartOf\":{\"@id\":\"https:\/\/tictelecom.ca\/#website\"},\"datePublished\":\"2020-10-21T15:16:14+00:00\",\"dateModified\":\"2020-11-16T13:55:18+00:00\",\"description\":\"Network and Wi-Fi Wiring Service Regardless of Network Wiring - Fiber Optic and WiFi Network Cabling - Category 5, 5e, 6, 6+ and 7 Network Cabling\",\"breadcrumb\":{\"@id\":\"https:\/\/tictelecom.ca\/our-solutions\/network-cabling-and-wifi\/#breadcrumb\"},\"inLanguage\":\"en-US\",\"potentialAction\":[{\"@type\":\"ReadAction\",\"target\":[\"https:\/\/tictelecom.ca\/our-solutions\/network-cabling-and-wifi\/\"]}]},{\"@type\":\"BreadcrumbList\",\"@id\":\"https:\/\/tictelecom.ca\/our-solutions\/network-cabling-and-wifi\/#breadcrumb\",\"itemListElement\":[{\"@type\":\"ListItem\",\"position\":1,\"name\":\"Accueil\",\"item\":\"https:\/\/tictelecom.ca\/en\/\"},{\"@type\":\"ListItem\",\"position\":2,\"name\":\"Our solutions\",\"item\":\"https:\/\/tictelecom.ca\/our-solutions\/\"},{\"@type\":\"ListItem\",\"position\":3,\"name\":\"Network cabling and wifi\"}]},{\"@type\":\"WebSite\",\"@id\":\"https:\/\/tictelecom.ca\/#website\",\"url\":\"https:\/\/tictelecom.ca\/\",\"name\":\"TIC t\u00e9l\u00e9phonie industrielle &amp; commerciale inc.\",\"description\":\"T\u00e9l\u00e9phonie VoIP TIC T\u00e9l\u00e9com\",\"potentialAction\":[{\"@type\":\"SearchAction\",\"target\":{\"@type\":\"EntryPoint\",\"urlTemplate\":\"https:\/\/tictelecom.ca\/?s={search_term_string}\"},\"query-input\":{\"@type\":\"PropertyValueSpecification\",\"valueRequired\":true,\"valueName\":\"search_term_string\"}}],\"inLanguage\":\"en-US\"}]}<\/script>\n<!-- \/ Yoast SEO plugin. -->","yoast_head_json":{"title":"Network and Wifi cabling solutions - TIC Telecom - Network cabling","description":"Network and Wi-Fi Wiring Service Regardless of Network Wiring - Fiber Optic and WiFi Network Cabling - Category 5, 5e, 6, 6+ and 7 Network Cabling","robots":{"index":"index","follow":"follow","max-snippet":"max-snippet:-1","max-image-preview":"max-image-preview:large","max-video-preview":"max-video-preview:-1"},"canonical":"https:\/\/tictelecom.ca\/our-solutions\/network-cabling-and-wifi\/","og_locale":"en_US","og_type":"article","og_title":"Network and Wifi cabling solutions - TIC Telecom - Network cabling","og_description":"Network and Wi-Fi Wiring Service Regardless of Network Wiring - Fiber Optic and WiFi Network Cabling - Category 5, 5e, 6, 6+ and 7 Network Cabling","og_url":"https:\/\/tictelecom.ca\/our-solutions\/network-cabling-and-wifi\/","og_site_name":"TIC t\u00e9l\u00e9phonie industrielle &amp; commerciale inc.","article_modified_time":"2020-11-16T13:55:18+00:00","twitter_card":"summary_large_image","schema":{"@context":"https:\/\/schema.org","@graph":[{"@type":"WebPage","@id":"https:\/\/tictelecom.ca\/our-solutions\/network-cabling-and-wifi\/","url":"https:\/\/tictelecom.ca\/our-solutions\/network-cabling-and-wifi\/","name":"Network and Wifi cabling solutions - TIC Telecom - Network cabling","isPartOf":{"@id":"https:\/\/tictelecom.ca\/#website"},"datePublished":"2020-10-21T15:16:14+00:00","dateModified":"2020-11-16T13:55:18+00:00","description":"Network and Wi-Fi Wiring Service Regardless of Network Wiring - Fiber Optic and WiFi Network Cabling - Category 5, 5e, 6, 6+ and 7 Network Cabling","breadcrumb":{"@id":"https:\/\/tictelecom.ca\/our-solutions\/network-cabling-and-wifi\/#breadcrumb"},"inLanguage":"en-US","potentialAction":[{"@type":"ReadAction","target":["https:\/\/tictelecom.ca\/our-solutions\/network-cabling-and-wifi\/"]}]},{"@type":"BreadcrumbList","@id":"https:\/\/tictelecom.ca\/our-solutions\/network-cabling-and-wifi\/#breadcrumb","itemListElement":[{"@type":"ListItem","position":1,"name":"Accueil","item":"https:\/\/tictelecom.ca\/en\/"},{"@type":"ListItem","position":2,"name":"Our solutions","item":"https:\/\/tictelecom.ca\/our-solutions\/"},{"@type":"ListItem","position":3,"name":"Network cabling and wifi"}]},{"@type":"WebSite","@id":"https:\/\/tictelecom.ca\/#website","url":"https:\/\/tictelecom.ca\/","name":"TIC t\u00e9l\u00e9phonie industrielle &amp; commerciale inc.","description":"T\u00e9l\u00e9phonie VoIP TIC T\u00e9l\u00e9com","potentialAction":[{"@type":"SearchAction","target":{"@type":"EntryPoint","urlTemplate":"https:\/\/tictelecom.ca\/?s={search_term_string}"},"query-input":{"@type":"PropertyValueSpecification","valueRequired":true,"valueName":"search_term_string"}}],"inLanguage":"en-US"}]}},"_links":{"self":[{"href":"https:\/\/tictelecom.ca\/en\/wp-json\/wp\/v2\/pages\/101","targetHints":{"allow":["GET"]}}],"collection":[{"href":"https:\/\/tictelecom.ca\/en\/wp-json\/wp\/v2\/pages"}],"about":[{"href":"https:\/\/tictelecom.ca\/en\/wp-json\/wp\/v2\/types\/page"}],"author":[{"embeddable":true,"href":"https:\/\/tictelecom.ca\/en\/wp-json\/wp\/v2\/users\/1"}],"replies":[{"embeddable":true,"href":"https:\/\/tictelecom.ca\/en\/wp-json\/wp\/v2\/comments?post=101"}],"version-history":[{"count":1,"href":"https:\/\/tictelecom.ca\/en\/wp-json\/wp\/v2\/pages\/101\/revisions"}],"predecessor-version":[{"id":102,"href":"https:\/\/tictelecom.ca\/en\/wp-json\/wp\/v2\/pages\/101\/revisions\/102"}],"up":[{"embeddable":true,"href":"https:\/\/tictelecom.ca\/en\/wp-json\/wp\/v2\/pages\/95"}],"wp:attachment":[{"href":"https:\/\/tictelecom.ca\/en\/wp-json\/wp\/v2\/media?parent=101"}],"curies":[{"name":"wp","href":"https:\/\/api.w.org\/{rel}","templated":true}]}}