{"id":104,"date":"2020-10-21T12:58:20","date_gmt":"2020-10-21T16:58:20","guid":{"rendered":"https:\/\/tictelecom.ca\/our-solutions\/ipbx-en-nuage\/"},"modified":"2020-11-16T08:55:38","modified_gmt":"2020-11-16T13:55:38","slug":"ipbx-in-cloud","status":"publish","type":"page","link":"https:\/\/tictelecom.ca\/en\/our-solutions\/ipbx-in-cloud\/","title":{"rendered":"iPBX in cloud"},"content":{"rendered":"","protected":false},"excerpt":{"rendered":"","protected":false},"author":1,"featured_media":0,"parent":95,"menu_order":13,"comment_status":"closed","ping_status":"closed","template":"template\/tci-ipbx-en.php","meta":{"_acf_changed":false,"footnotes":""},"class_list":["post-104","page","type-page","status-publish","hentry"],"acf":[],"yoast_head":"<!-- This site is optimized with the Yoast SEO plugin v23.6 - https:\/\/yoast.com\/wordpress\/plugins\/seo\/ -->\n<title>IPBX telephony - IPBX in cloud - ICT IPBX - ICT Telecom - Granby<\/title>\n<meta name=\"description\" content=\"We offer a complete cloud IPBX solution - Choosing the IPBX telephony solution saves on many aspects - IPBX technology in Granby\" \/>\n<meta name=\"robots\" content=\"index, follow, max-snippet:-1, max-image-preview:large, max-video-preview:-1\" \/>\n<link rel=\"canonical\" href=\"https:\/\/tictelecom.ca\/our-solutions\/ipbx-in-cloud\/\" \/>\n<meta property=\"og:locale\" content=\"en_US\" \/>\n<meta property=\"og:type\" content=\"article\" \/>\n<meta property=\"og:title\" content=\"IPBX telephony - IPBX in cloud - ICT IPBX - ICT Telecom - Granby\" \/>\n<meta property=\"og:description\" content=\"We offer a complete cloud IPBX solution - Choosing the IPBX telephony solution saves on many aspects - IPBX technology in Granby\" \/>\n<meta property=\"og:url\" content=\"https:\/\/tictelecom.ca\/our-solutions\/ipbx-in-cloud\/\" \/>\n<meta property=\"og:site_name\" content=\"TIC t\u00e9l\u00e9phonie industrielle &amp; commerciale inc.\" \/>\n<meta property=\"article:modified_time\" content=\"2020-11-16T13:55:38+00:00\" \/>\n<meta name=\"twitter:card\" content=\"summary_large_image\" \/>\n<script type=\"application\/ld+json\" class=\"yoast-schema-graph\">{\"@context\":\"https:\/\/schema.org\",\"@graph\":[{\"@type\":\"WebPage\",\"@id\":\"https:\/\/tictelecom.ca\/our-solutions\/ipbx-in-cloud\/\",\"url\":\"https:\/\/tictelecom.ca\/our-solutions\/ipbx-in-cloud\/\",\"name\":\"IPBX telephony - IPBX in cloud - ICT IPBX - ICT Telecom - Granby\",\"isPartOf\":{\"@id\":\"https:\/\/tictelecom.ca\/#website\"},\"datePublished\":\"2020-10-21T16:58:20+00:00\",\"dateModified\":\"2020-11-16T13:55:38+00:00\",\"description\":\"We offer a complete cloud IPBX solution - Choosing the IPBX telephony solution saves on many aspects - IPBX technology in Granby\",\"breadcrumb\":{\"@id\":\"https:\/\/tictelecom.ca\/our-solutions\/ipbx-in-cloud\/#breadcrumb\"},\"inLanguage\":\"en-US\",\"potentialAction\":[{\"@type\":\"ReadAction\",\"target\":[\"https:\/\/tictelecom.ca\/our-solutions\/ipbx-in-cloud\/\"]}]},{\"@type\":\"BreadcrumbList\",\"@id\":\"https:\/\/tictelecom.ca\/our-solutions\/ipbx-in-cloud\/#breadcrumb\",\"itemListElement\":[{\"@type\":\"ListItem\",\"position\":1,\"name\":\"Accueil\",\"item\":\"https:\/\/tictelecom.ca\/en\/\"},{\"@type\":\"ListItem\",\"position\":2,\"name\":\"Our solutions\",\"item\":\"https:\/\/tictelecom.ca\/our-solutions\/\"},{\"@type\":\"ListItem\",\"position\":3,\"name\":\"iPBX in cloud\"}]},{\"@type\":\"WebSite\",\"@id\":\"https:\/\/tictelecom.ca\/#website\",\"url\":\"https:\/\/tictelecom.ca\/\",\"name\":\"TIC t\u00e9l\u00e9phonie industrielle &amp; commerciale inc.\",\"description\":\"T\u00e9l\u00e9phonie VoIP TIC T\u00e9l\u00e9com\",\"potentialAction\":[{\"@type\":\"SearchAction\",\"target\":{\"@type\":\"EntryPoint\",\"urlTemplate\":\"https:\/\/tictelecom.ca\/?s={search_term_string}\"},\"query-input\":{\"@type\":\"PropertyValueSpecification\",\"valueRequired\":true,\"valueName\":\"search_term_string\"}}],\"inLanguage\":\"en-US\"}]}<\/script>\n<!-- \/ Yoast SEO plugin. -->","yoast_head_json":{"title":"IPBX telephony - IPBX in cloud - ICT IPBX - ICT Telecom - Granby","description":"We offer a complete cloud IPBX solution - Choosing the IPBX telephony solution saves on many aspects - IPBX technology in Granby","robots":{"index":"index","follow":"follow","max-snippet":"max-snippet:-1","max-image-preview":"max-image-preview:large","max-video-preview":"max-video-preview:-1"},"canonical":"https:\/\/tictelecom.ca\/our-solutions\/ipbx-in-cloud\/","og_locale":"en_US","og_type":"article","og_title":"IPBX telephony - IPBX in cloud - ICT IPBX - ICT Telecom - Granby","og_description":"We offer a complete cloud IPBX solution - Choosing the IPBX telephony solution saves on many aspects - IPBX technology in Granby","og_url":"https:\/\/tictelecom.ca\/our-solutions\/ipbx-in-cloud\/","og_site_name":"TIC t\u00e9l\u00e9phonie industrielle &amp; commerciale inc.","article_modified_time":"2020-11-16T13:55:38+00:00","twitter_card":"summary_large_image","schema":{"@context":"https:\/\/schema.org","@graph":[{"@type":"WebPage","@id":"https:\/\/tictelecom.ca\/our-solutions\/ipbx-in-cloud\/","url":"https:\/\/tictelecom.ca\/our-solutions\/ipbx-in-cloud\/","name":"IPBX telephony - IPBX in cloud - ICT IPBX - ICT Telecom - Granby","isPartOf":{"@id":"https:\/\/tictelecom.ca\/#website"},"datePublished":"2020-10-21T16:58:20+00:00","dateModified":"2020-11-16T13:55:38+00:00","description":"We offer a complete cloud IPBX solution - Choosing the IPBX telephony solution saves on many aspects - IPBX technology in Granby","breadcrumb":{"@id":"https:\/\/tictelecom.ca\/our-solutions\/ipbx-in-cloud\/#breadcrumb"},"inLanguage":"en-US","potentialAction":[{"@type":"ReadAction","target":["https:\/\/tictelecom.ca\/our-solutions\/ipbx-in-cloud\/"]}]},{"@type":"BreadcrumbList","@id":"https:\/\/tictelecom.ca\/our-solutions\/ipbx-in-cloud\/#breadcrumb","itemListElement":[{"@type":"ListItem","position":1,"name":"Accueil","item":"https:\/\/tictelecom.ca\/en\/"},{"@type":"ListItem","position":2,"name":"Our solutions","item":"https:\/\/tictelecom.ca\/our-solutions\/"},{"@type":"ListItem","position":3,"name":"iPBX in cloud"}]},{"@type":"WebSite","@id":"https:\/\/tictelecom.ca\/#website","url":"https:\/\/tictelecom.ca\/","name":"TIC t\u00e9l\u00e9phonie industrielle &amp; commerciale inc.","description":"T\u00e9l\u00e9phonie VoIP TIC T\u00e9l\u00e9com","potentialAction":[{"@type":"SearchAction","target":{"@type":"EntryPoint","urlTemplate":"https:\/\/tictelecom.ca\/?s={search_term_string}"},"query-input":{"@type":"PropertyValueSpecification","valueRequired":true,"valueName":"search_term_string"}}],"inLanguage":"en-US"}]}},"_links":{"self":[{"href":"https:\/\/tictelecom.ca\/en\/wp-json\/wp\/v2\/pages\/104","targetHints":{"allow":["GET"]}}],"collection":[{"href":"https:\/\/tictelecom.ca\/en\/wp-json\/wp\/v2\/pages"}],"about":[{"href":"https:\/\/tictelecom.ca\/en\/wp-json\/wp\/v2\/types\/page"}],"author":[{"embeddable":true,"href":"https:\/\/tictelecom.ca\/en\/wp-json\/wp\/v2\/users\/1"}],"replies":[{"embeddable":true,"href":"https:\/\/tictelecom.ca\/en\/wp-json\/wp\/v2\/comments?post=104"}],"version-history":[{"count":1,"href":"https:\/\/tictelecom.ca\/en\/wp-json\/wp\/v2\/pages\/104\/revisions"}],"predecessor-version":[{"id":105,"href":"https:\/\/tictelecom.ca\/en\/wp-json\/wp\/v2\/pages\/104\/revisions\/105"}],"up":[{"embeddable":true,"href":"https:\/\/tictelecom.ca\/en\/wp-json\/wp\/v2\/pages\/95"}],"wp:attachment":[{"href":"https:\/\/tictelecom.ca\/en\/wp-json\/wp\/v2\/media?parent=104"}],"curies":[{"name":"wp","href":"https:\/\/api.w.org\/{rel}","templated":true}]}}