{"id":114,"date":"2020-10-21T11:35:15","date_gmt":"2020-10-21T15:35:15","guid":{"rendered":"https:\/\/tictelecom.ca\/our-solutions\/systeme-audio-commercial-pour-entreprise\/"},"modified":"2020-11-16T09:00:23","modified_gmt":"2020-11-16T14:00:23","slug":"commercial-audio-system-for-business","status":"publish","type":"page","link":"https:\/\/tictelecom.ca\/en\/our-solutions\/commercial-audio-system-for-business\/","title":{"rendered":"Commercial audio system for business"},"content":{"rendered":"","protected":false},"excerpt":{"rendered":"","protected":false},"author":1,"featured_media":0,"parent":95,"menu_order":27,"comment_status":"closed","ping_status":"closed","template":"template\/systeme-de-haut-parleurs-en.php","meta":{"_acf_changed":false,"footnotes":""},"class_list":["post-114","page","type-page","status-publish","hentry"],"acf":[],"yoast_head":"<!-- This site is optimized with the Yoast SEO plugin v23.6 - https:\/\/yoast.com\/wordpress\/plugins\/seo\/ -->\n<title>Commercial audio system for business - Audio system - TIC Telecom<\/title>\n<meta name=\"description\" content=\"Communicate quickly with your employees thanks to our high-performance audio system - We are located in Granby and we can cover your entire business with our commercial audio system - Commercial audio system\" \/>\n<meta name=\"robots\" content=\"index, follow, max-snippet:-1, max-image-preview:large, max-video-preview:-1\" \/>\n<link rel=\"canonical\" href=\"https:\/\/tictelecom.ca\/our-solutions\/commercial-audio-system-for-business\/\" \/>\n<meta property=\"og:locale\" content=\"en_US\" \/>\n<meta property=\"og:type\" content=\"article\" \/>\n<meta property=\"og:title\" content=\"Commercial audio system for business - Audio system - TIC Telecom\" \/>\n<meta property=\"og:description\" content=\"Communicate quickly with your employees thanks to our high-performance audio system - We are located in Granby and we can cover your entire business with our commercial audio system - Commercial audio system\" \/>\n<meta property=\"og:url\" content=\"https:\/\/tictelecom.ca\/our-solutions\/commercial-audio-system-for-business\/\" \/>\n<meta property=\"og:site_name\" content=\"TIC t\u00e9l\u00e9phonie industrielle &amp; commerciale inc.\" \/>\n<meta property=\"article:modified_time\" content=\"2020-11-16T14:00:23+00:00\" \/>\n<meta name=\"twitter:card\" content=\"summary_large_image\" \/>\n<script type=\"application\/ld+json\" class=\"yoast-schema-graph\">{\"@context\":\"https:\/\/schema.org\",\"@graph\":[{\"@type\":\"WebPage\",\"@id\":\"https:\/\/tictelecom.ca\/our-solutions\/commercial-audio-system-for-business\/\",\"url\":\"https:\/\/tictelecom.ca\/our-solutions\/commercial-audio-system-for-business\/\",\"name\":\"Commercial audio system for business - Audio system - TIC Telecom\",\"isPartOf\":{\"@id\":\"https:\/\/tictelecom.ca\/#website\"},\"datePublished\":\"2020-10-21T15:35:15+00:00\",\"dateModified\":\"2020-11-16T14:00:23+00:00\",\"description\":\"Communicate quickly with your employees thanks to our high-performance audio system - We are located in Granby and we can cover your entire business with our commercial audio system - Commercial audio system\",\"breadcrumb\":{\"@id\":\"https:\/\/tictelecom.ca\/our-solutions\/commercial-audio-system-for-business\/#breadcrumb\"},\"inLanguage\":\"en-US\",\"potentialAction\":[{\"@type\":\"ReadAction\",\"target\":[\"https:\/\/tictelecom.ca\/our-solutions\/commercial-audio-system-for-business\/\"]}]},{\"@type\":\"BreadcrumbList\",\"@id\":\"https:\/\/tictelecom.ca\/our-solutions\/commercial-audio-system-for-business\/#breadcrumb\",\"itemListElement\":[{\"@type\":\"ListItem\",\"position\":1,\"name\":\"Accueil\",\"item\":\"https:\/\/tictelecom.ca\/en\/\"},{\"@type\":\"ListItem\",\"position\":2,\"name\":\"Our solutions\",\"item\":\"https:\/\/tictelecom.ca\/our-solutions\/\"},{\"@type\":\"ListItem\",\"position\":3,\"name\":\"Commercial audio system for business\"}]},{\"@type\":\"WebSite\",\"@id\":\"https:\/\/tictelecom.ca\/#website\",\"url\":\"https:\/\/tictelecom.ca\/\",\"name\":\"TIC t\u00e9l\u00e9phonie industrielle &amp; commerciale inc.\",\"description\":\"T\u00e9l\u00e9phonie VoIP TIC T\u00e9l\u00e9com\",\"potentialAction\":[{\"@type\":\"SearchAction\",\"target\":{\"@type\":\"EntryPoint\",\"urlTemplate\":\"https:\/\/tictelecom.ca\/?s={search_term_string}\"},\"query-input\":{\"@type\":\"PropertyValueSpecification\",\"valueRequired\":true,\"valueName\":\"search_term_string\"}}],\"inLanguage\":\"en-US\"}]}<\/script>\n<!-- \/ Yoast SEO plugin. -->","yoast_head_json":{"title":"Commercial audio system for business - Audio system - TIC Telecom","description":"Communicate quickly with your employees thanks to our high-performance audio system - We are located in Granby and we can cover your entire business with our commercial audio system - Commercial audio system","robots":{"index":"index","follow":"follow","max-snippet":"max-snippet:-1","max-image-preview":"max-image-preview:large","max-video-preview":"max-video-preview:-1"},"canonical":"https:\/\/tictelecom.ca\/our-solutions\/commercial-audio-system-for-business\/","og_locale":"en_US","og_type":"article","og_title":"Commercial audio system for business - Audio system - TIC Telecom","og_description":"Communicate quickly with your employees thanks to our high-performance audio system - We are located in Granby and we can cover your entire business with our commercial audio system - Commercial audio system","og_url":"https:\/\/tictelecom.ca\/our-solutions\/commercial-audio-system-for-business\/","og_site_name":"TIC t\u00e9l\u00e9phonie industrielle &amp; commerciale inc.","article_modified_time":"2020-11-16T14:00:23+00:00","twitter_card":"summary_large_image","schema":{"@context":"https:\/\/schema.org","@graph":[{"@type":"WebPage","@id":"https:\/\/tictelecom.ca\/our-solutions\/commercial-audio-system-for-business\/","url":"https:\/\/tictelecom.ca\/our-solutions\/commercial-audio-system-for-business\/","name":"Commercial audio system for business - Audio system - TIC Telecom","isPartOf":{"@id":"https:\/\/tictelecom.ca\/#website"},"datePublished":"2020-10-21T15:35:15+00:00","dateModified":"2020-11-16T14:00:23+00:00","description":"Communicate quickly with your employees thanks to our high-performance audio system - We are located in Granby and we can cover your entire business with our commercial audio system - Commercial audio system","breadcrumb":{"@id":"https:\/\/tictelecom.ca\/our-solutions\/commercial-audio-system-for-business\/#breadcrumb"},"inLanguage":"en-US","potentialAction":[{"@type":"ReadAction","target":["https:\/\/tictelecom.ca\/our-solutions\/commercial-audio-system-for-business\/"]}]},{"@type":"BreadcrumbList","@id":"https:\/\/tictelecom.ca\/our-solutions\/commercial-audio-system-for-business\/#breadcrumb","itemListElement":[{"@type":"ListItem","position":1,"name":"Accueil","item":"https:\/\/tictelecom.ca\/en\/"},{"@type":"ListItem","position":2,"name":"Our solutions","item":"https:\/\/tictelecom.ca\/our-solutions\/"},{"@type":"ListItem","position":3,"name":"Commercial audio system for business"}]},{"@type":"WebSite","@id":"https:\/\/tictelecom.ca\/#website","url":"https:\/\/tictelecom.ca\/","name":"TIC t\u00e9l\u00e9phonie industrielle &amp; commerciale inc.","description":"T\u00e9l\u00e9phonie VoIP TIC T\u00e9l\u00e9com","potentialAction":[{"@type":"SearchAction","target":{"@type":"EntryPoint","urlTemplate":"https:\/\/tictelecom.ca\/?s={search_term_string}"},"query-input":{"@type":"PropertyValueSpecification","valueRequired":true,"valueName":"search_term_string"}}],"inLanguage":"en-US"}]}},"_links":{"self":[{"href":"https:\/\/tictelecom.ca\/en\/wp-json\/wp\/v2\/pages\/114","targetHints":{"allow":["GET"]}}],"collection":[{"href":"https:\/\/tictelecom.ca\/en\/wp-json\/wp\/v2\/pages"}],"about":[{"href":"https:\/\/tictelecom.ca\/en\/wp-json\/wp\/v2\/types\/page"}],"author":[{"embeddable":true,"href":"https:\/\/tictelecom.ca\/en\/wp-json\/wp\/v2\/users\/1"}],"replies":[{"embeddable":true,"href":"https:\/\/tictelecom.ca\/en\/wp-json\/wp\/v2\/comments?post=114"}],"version-history":[{"count":1,"href":"https:\/\/tictelecom.ca\/en\/wp-json\/wp\/v2\/pages\/114\/revisions"}],"predecessor-version":[{"id":115,"href":"https:\/\/tictelecom.ca\/en\/wp-json\/wp\/v2\/pages\/114\/revisions\/115"}],"up":[{"embeddable":true,"href":"https:\/\/tictelecom.ca\/en\/wp-json\/wp\/v2\/pages\/95"}],"wp:attachment":[{"href":"https:\/\/tictelecom.ca\/en\/wp-json\/wp\/v2\/media?parent=114"}],"curies":[{"name":"wp","href":"https:\/\/api.w.org\/{rel}","templated":true}]}}