{"id":88,"date":"2020-11-11T11:12:46","date_gmt":"2020-11-11T16:12:46","guid":{"rendered":"https:\/\/tictelecom.ca\/?page_id=88"},"modified":"2020-11-16T08:53:55","modified_gmt":"2020-11-16T13:53:55","slug":"contact-us","status":"publish","type":"page","link":"https:\/\/tictelecom.ca\/en\/contact-us\/","title":{"rendered":"Contact us"},"content":{"rendered":"","protected":false},"excerpt":{"rendered":"","protected":false},"author":1,"featured_media":0,"parent":0,"menu_order":9,"comment_status":"closed","ping_status":"closed","template":"template\/contact-en.php","meta":{"_acf_changed":false,"footnotes":""},"class_list":["post-88","page","type-page","status-publish","hentry"],"acf":[],"yoast_head":"<!-- This site is optimized with the Yoast SEO plugin v23.6 - https:\/\/yoast.com\/wordpress\/plugins\/seo\/ -->\n<title>Contact Us - TIC Industrial &amp; Commercial Telephony - Granby<\/title>\n<meta name=\"description\" content=\"We are one of the largest commercial and industrial IP telephony providers - We are located in the Greater Granby region of Mont\u00e9r\u00e9gie\" \/>\n<meta name=\"robots\" content=\"index, follow, max-snippet:-1, max-image-preview:large, max-video-preview:-1\" \/>\n<link rel=\"canonical\" href=\"https:\/\/tictelecom.ca\/contact-us\/\" \/>\n<meta property=\"og:locale\" content=\"en_US\" \/>\n<meta property=\"og:type\" content=\"article\" \/>\n<meta property=\"og:title\" content=\"Contact Us - TIC Industrial &amp; Commercial Telephony - Granby\" \/>\n<meta property=\"og:description\" content=\"We are one of the largest commercial and industrial IP telephony providers - We are located in the Greater Granby region of Mont\u00e9r\u00e9gie\" \/>\n<meta property=\"og:url\" content=\"https:\/\/tictelecom.ca\/contact-us\/\" \/>\n<meta property=\"og:site_name\" content=\"TIC t\u00e9l\u00e9phonie industrielle &amp; commerciale inc.\" \/>\n<meta property=\"article:modified_time\" content=\"2020-11-16T13:53:55+00:00\" \/>\n<meta name=\"twitter:card\" content=\"summary_large_image\" \/>\n<script type=\"application\/ld+json\" class=\"yoast-schema-graph\">{\"@context\":\"https:\/\/schema.org\",\"@graph\":[{\"@type\":\"WebPage\",\"@id\":\"https:\/\/tictelecom.ca\/contact-us\/\",\"url\":\"https:\/\/tictelecom.ca\/contact-us\/\",\"name\":\"Contact Us - TIC Industrial & Commercial Telephony - Granby\",\"isPartOf\":{\"@id\":\"https:\/\/tictelecom.ca\/#website\"},\"datePublished\":\"2020-11-11T16:12:46+00:00\",\"dateModified\":\"2020-11-16T13:53:55+00:00\",\"description\":\"We are one of the largest commercial and industrial IP telephony providers - We are located in the Greater Granby region of Mont\u00e9r\u00e9gie\",\"breadcrumb\":{\"@id\":\"https:\/\/tictelecom.ca\/contact-us\/#breadcrumb\"},\"inLanguage\":\"en-US\",\"potentialAction\":[{\"@type\":\"ReadAction\",\"target\":[\"https:\/\/tictelecom.ca\/contact-us\/\"]}]},{\"@type\":\"BreadcrumbList\",\"@id\":\"https:\/\/tictelecom.ca\/contact-us\/#breadcrumb\",\"itemListElement\":[{\"@type\":\"ListItem\",\"position\":1,\"name\":\"Accueil\",\"item\":\"https:\/\/tictelecom.ca\/en\/\"},{\"@type\":\"ListItem\",\"position\":2,\"name\":\"Contact us\"}]},{\"@type\":\"WebSite\",\"@id\":\"https:\/\/tictelecom.ca\/#website\",\"url\":\"https:\/\/tictelecom.ca\/\",\"name\":\"TIC t\u00e9l\u00e9phonie industrielle &amp; commerciale inc.\",\"description\":\"T\u00e9l\u00e9phonie VoIP TIC T\u00e9l\u00e9com\",\"potentialAction\":[{\"@type\":\"SearchAction\",\"target\":{\"@type\":\"EntryPoint\",\"urlTemplate\":\"https:\/\/tictelecom.ca\/?s={search_term_string}\"},\"query-input\":{\"@type\":\"PropertyValueSpecification\",\"valueRequired\":true,\"valueName\":\"search_term_string\"}}],\"inLanguage\":\"en-US\"}]}<\/script>\n<!-- \/ Yoast SEO plugin. -->","yoast_head_json":{"title":"Contact Us - TIC Industrial & Commercial Telephony - Granby","description":"We are one of the largest commercial and industrial IP telephony providers - We are located in the Greater Granby region of Mont\u00e9r\u00e9gie","robots":{"index":"index","follow":"follow","max-snippet":"max-snippet:-1","max-image-preview":"max-image-preview:large","max-video-preview":"max-video-preview:-1"},"canonical":"https:\/\/tictelecom.ca\/contact-us\/","og_locale":"en_US","og_type":"article","og_title":"Contact Us - TIC Industrial & Commercial Telephony - Granby","og_description":"We are one of the largest commercial and industrial IP telephony providers - We are located in the Greater Granby region of Mont\u00e9r\u00e9gie","og_url":"https:\/\/tictelecom.ca\/contact-us\/","og_site_name":"TIC t\u00e9l\u00e9phonie industrielle &amp; commerciale inc.","article_modified_time":"2020-11-16T13:53:55+00:00","twitter_card":"summary_large_image","schema":{"@context":"https:\/\/schema.org","@graph":[{"@type":"WebPage","@id":"https:\/\/tictelecom.ca\/contact-us\/","url":"https:\/\/tictelecom.ca\/contact-us\/","name":"Contact Us - TIC Industrial & Commercial Telephony - Granby","isPartOf":{"@id":"https:\/\/tictelecom.ca\/#website"},"datePublished":"2020-11-11T16:12:46+00:00","dateModified":"2020-11-16T13:53:55+00:00","description":"We are one of the largest commercial and industrial IP telephony providers - We are located in the Greater Granby region of Mont\u00e9r\u00e9gie","breadcrumb":{"@id":"https:\/\/tictelecom.ca\/contact-us\/#breadcrumb"},"inLanguage":"en-US","potentialAction":[{"@type":"ReadAction","target":["https:\/\/tictelecom.ca\/contact-us\/"]}]},{"@type":"BreadcrumbList","@id":"https:\/\/tictelecom.ca\/contact-us\/#breadcrumb","itemListElement":[{"@type":"ListItem","position":1,"name":"Accueil","item":"https:\/\/tictelecom.ca\/en\/"},{"@type":"ListItem","position":2,"name":"Contact us"}]},{"@type":"WebSite","@id":"https:\/\/tictelecom.ca\/#website","url":"https:\/\/tictelecom.ca\/","name":"TIC t\u00e9l\u00e9phonie industrielle &amp; commerciale inc.","description":"T\u00e9l\u00e9phonie VoIP TIC T\u00e9l\u00e9com","potentialAction":[{"@type":"SearchAction","target":{"@type":"EntryPoint","urlTemplate":"https:\/\/tictelecom.ca\/?s={search_term_string}"},"query-input":{"@type":"PropertyValueSpecification","valueRequired":true,"valueName":"search_term_string"}}],"inLanguage":"en-US"}]}},"_links":{"self":[{"href":"https:\/\/tictelecom.ca\/en\/wp-json\/wp\/v2\/pages\/88","targetHints":{"allow":["GET"]}}],"collection":[{"href":"https:\/\/tictelecom.ca\/en\/wp-json\/wp\/v2\/pages"}],"about":[{"href":"https:\/\/tictelecom.ca\/en\/wp-json\/wp\/v2\/types\/page"}],"author":[{"embeddable":true,"href":"https:\/\/tictelecom.ca\/en\/wp-json\/wp\/v2\/users\/1"}],"replies":[{"embeddable":true,"href":"https:\/\/tictelecom.ca\/en\/wp-json\/wp\/v2\/comments?post=88"}],"version-history":[{"count":1,"href":"https:\/\/tictelecom.ca\/en\/wp-json\/wp\/v2\/pages\/88\/revisions"}],"predecessor-version":[{"id":89,"href":"https:\/\/tictelecom.ca\/en\/wp-json\/wp\/v2\/pages\/88\/revisions\/89"}],"wp:attachment":[{"href":"https:\/\/tictelecom.ca\/en\/wp-json\/wp\/v2\/media?parent=88"}],"curies":[{"name":"wp","href":"https:\/\/api.w.org\/{rel}","templated":true}]}}