{"id":98,"date":"2020-10-21T11:08:49","date_gmt":"2020-10-21T15:08:49","guid":{"rendered":"https:\/\/tictelecom.ca\/our-solutions\/accessoires-de-telephonie-ip\/"},"modified":"2020-11-16T08:54:53","modified_gmt":"2020-11-16T13:54:53","slug":"telephony-accessories-ip","status":"publish","type":"page","link":"https:\/\/tictelecom.ca\/en\/our-solutions\/telephony-accessories-ip\/","title":{"rendered":"Telephony accessories IP"},"content":{"rendered":"","protected":false},"excerpt":{"rendered":"","protected":false},"author":1,"featured_media":0,"parent":95,"menu_order":3,"comment_status":"closed","ping_status":"closed","template":"template\/accessoires-en.php","meta":{"_acf_changed":false,"footnotes":""},"class_list":["post-98","page","type-page","status-publish","hentry"],"acf":[],"yoast_head":"<!-- This site is optimized with the Yoast SEO plugin v23.6 - https:\/\/yoast.com\/wordpress\/plugins\/seo\/ -->\n<title>IP Phone Accessories - Telecom Telecom Accessory - Granby<\/title>\n<meta name=\"description\" content=\"We have the best accessories for IP Phones - No matter what your IP telephony system we have your accessory - Whether for a headset or any other type of IP telephony accessory\" \/>\n<meta name=\"robots\" content=\"index, follow, max-snippet:-1, max-image-preview:large, max-video-preview:-1\" \/>\n<link rel=\"canonical\" href=\"https:\/\/tictelecom.ca\/our-solutions\/telephony-accessories-ip\/\" \/>\n<meta property=\"og:locale\" content=\"en_US\" \/>\n<meta property=\"og:type\" content=\"article\" \/>\n<meta property=\"og:title\" content=\"IP Phone Accessories - Telecom Telecom Accessory - Granby\" \/>\n<meta property=\"og:description\" content=\"We have the best accessories for IP Phones - No matter what your IP telephony system we have your accessory - Whether for a headset or any other type of IP telephony accessory\" \/>\n<meta property=\"og:url\" content=\"https:\/\/tictelecom.ca\/our-solutions\/telephony-accessories-ip\/\" \/>\n<meta property=\"og:site_name\" content=\"TIC t\u00e9l\u00e9phonie industrielle &amp; commerciale inc.\" \/>\n<meta property=\"article:modified_time\" content=\"2020-11-16T13:54:53+00:00\" \/>\n<meta name=\"twitter:card\" content=\"summary_large_image\" \/>\n<script type=\"application\/ld+json\" class=\"yoast-schema-graph\">{\"@context\":\"https:\/\/schema.org\",\"@graph\":[{\"@type\":\"WebPage\",\"@id\":\"https:\/\/tictelecom.ca\/our-solutions\/telephony-accessories-ip\/\",\"url\":\"https:\/\/tictelecom.ca\/our-solutions\/telephony-accessories-ip\/\",\"name\":\"IP Phone Accessories - Telecom Telecom Accessory - Granby\",\"isPartOf\":{\"@id\":\"https:\/\/tictelecom.ca\/#website\"},\"datePublished\":\"2020-10-21T15:08:49+00:00\",\"dateModified\":\"2020-11-16T13:54:53+00:00\",\"description\":\"We have the best accessories for IP Phones - No matter what your IP telephony system we have your accessory - Whether for a headset or any other type of IP telephony accessory\",\"breadcrumb\":{\"@id\":\"https:\/\/tictelecom.ca\/our-solutions\/telephony-accessories-ip\/#breadcrumb\"},\"inLanguage\":\"en-US\",\"potentialAction\":[{\"@type\":\"ReadAction\",\"target\":[\"https:\/\/tictelecom.ca\/our-solutions\/telephony-accessories-ip\/\"]}]},{\"@type\":\"BreadcrumbList\",\"@id\":\"https:\/\/tictelecom.ca\/our-solutions\/telephony-accessories-ip\/#breadcrumb\",\"itemListElement\":[{\"@type\":\"ListItem\",\"position\":1,\"name\":\"Accueil\",\"item\":\"https:\/\/tictelecom.ca\/en\/\"},{\"@type\":\"ListItem\",\"position\":2,\"name\":\"Our solutions\",\"item\":\"https:\/\/tictelecom.ca\/our-solutions\/\"},{\"@type\":\"ListItem\",\"position\":3,\"name\":\"Telephony accessories IP\"}]},{\"@type\":\"WebSite\",\"@id\":\"https:\/\/tictelecom.ca\/#website\",\"url\":\"https:\/\/tictelecom.ca\/\",\"name\":\"TIC t\u00e9l\u00e9phonie industrielle &amp; commerciale inc.\",\"description\":\"T\u00e9l\u00e9phonie VoIP TIC T\u00e9l\u00e9com\",\"potentialAction\":[{\"@type\":\"SearchAction\",\"target\":{\"@type\":\"EntryPoint\",\"urlTemplate\":\"https:\/\/tictelecom.ca\/?s={search_term_string}\"},\"query-input\":{\"@type\":\"PropertyValueSpecification\",\"valueRequired\":true,\"valueName\":\"search_term_string\"}}],\"inLanguage\":\"en-US\"}]}<\/script>\n<!-- \/ Yoast SEO plugin. -->","yoast_head_json":{"title":"IP Phone Accessories - Telecom Telecom Accessory - Granby","description":"We have the best accessories for IP Phones - No matter what your IP telephony system we have your accessory - Whether for a headset or any other type of IP telephony accessory","robots":{"index":"index","follow":"follow","max-snippet":"max-snippet:-1","max-image-preview":"max-image-preview:large","max-video-preview":"max-video-preview:-1"},"canonical":"https:\/\/tictelecom.ca\/our-solutions\/telephony-accessories-ip\/","og_locale":"en_US","og_type":"article","og_title":"IP Phone Accessories - Telecom Telecom Accessory - Granby","og_description":"We have the best accessories for IP Phones - No matter what your IP telephony system we have your accessory - Whether for a headset or any other type of IP telephony accessory","og_url":"https:\/\/tictelecom.ca\/our-solutions\/telephony-accessories-ip\/","og_site_name":"TIC t\u00e9l\u00e9phonie industrielle &amp; commerciale inc.","article_modified_time":"2020-11-16T13:54:53+00:00","twitter_card":"summary_large_image","schema":{"@context":"https:\/\/schema.org","@graph":[{"@type":"WebPage","@id":"https:\/\/tictelecom.ca\/our-solutions\/telephony-accessories-ip\/","url":"https:\/\/tictelecom.ca\/our-solutions\/telephony-accessories-ip\/","name":"IP Phone Accessories - Telecom Telecom Accessory - Granby","isPartOf":{"@id":"https:\/\/tictelecom.ca\/#website"},"datePublished":"2020-10-21T15:08:49+00:00","dateModified":"2020-11-16T13:54:53+00:00","description":"We have the best accessories for IP Phones - No matter what your IP telephony system we have your accessory - Whether for a headset or any other type of IP telephony accessory","breadcrumb":{"@id":"https:\/\/tictelecom.ca\/our-solutions\/telephony-accessories-ip\/#breadcrumb"},"inLanguage":"en-US","potentialAction":[{"@type":"ReadAction","target":["https:\/\/tictelecom.ca\/our-solutions\/telephony-accessories-ip\/"]}]},{"@type":"BreadcrumbList","@id":"https:\/\/tictelecom.ca\/our-solutions\/telephony-accessories-ip\/#breadcrumb","itemListElement":[{"@type":"ListItem","position":1,"name":"Accueil","item":"https:\/\/tictelecom.ca\/en\/"},{"@type":"ListItem","position":2,"name":"Our solutions","item":"https:\/\/tictelecom.ca\/our-solutions\/"},{"@type":"ListItem","position":3,"name":"Telephony accessories IP"}]},{"@type":"WebSite","@id":"https:\/\/tictelecom.ca\/#website","url":"https:\/\/tictelecom.ca\/","name":"TIC t\u00e9l\u00e9phonie industrielle &amp; commerciale inc.","description":"T\u00e9l\u00e9phonie VoIP TIC T\u00e9l\u00e9com","potentialAction":[{"@type":"SearchAction","target":{"@type":"EntryPoint","urlTemplate":"https:\/\/tictelecom.ca\/?s={search_term_string}"},"query-input":{"@type":"PropertyValueSpecification","valueRequired":true,"valueName":"search_term_string"}}],"inLanguage":"en-US"}]}},"_links":{"self":[{"href":"https:\/\/tictelecom.ca\/en\/wp-json\/wp\/v2\/pages\/98","targetHints":{"allow":["GET"]}}],"collection":[{"href":"https:\/\/tictelecom.ca\/en\/wp-json\/wp\/v2\/pages"}],"about":[{"href":"https:\/\/tictelecom.ca\/en\/wp-json\/wp\/v2\/types\/page"}],"author":[{"embeddable":true,"href":"https:\/\/tictelecom.ca\/en\/wp-json\/wp\/v2\/users\/1"}],"replies":[{"embeddable":true,"href":"https:\/\/tictelecom.ca\/en\/wp-json\/wp\/v2\/comments?post=98"}],"version-history":[{"count":1,"href":"https:\/\/tictelecom.ca\/en\/wp-json\/wp\/v2\/pages\/98\/revisions"}],"predecessor-version":[{"id":99,"href":"https:\/\/tictelecom.ca\/en\/wp-json\/wp\/v2\/pages\/98\/revisions\/99"}],"up":[{"embeddable":true,"href":"https:\/\/tictelecom.ca\/en\/wp-json\/wp\/v2\/pages\/95"}],"wp:attachment":[{"href":"https:\/\/tictelecom.ca\/en\/wp-json\/wp\/v2\/media?parent=98"}],"curies":[{"name":"wp","href":"https:\/\/api.w.org\/{rel}","templated":true}]}}