{"id":257,"date":"2020-11-11T16:58:40","date_gmt":"2020-11-11T21:58:40","guid":{"rendered":"https:\/\/tictelecom.ca\/produits\/telephone-ip-yealink-t53\/"},"modified":"2020-11-13T10:33:48","modified_gmt":"2020-11-13T15:33:48","slug":"yealink-t53-ip-phone","status":"publish","type":"product","link":"https:\/\/tictelecom.ca\/en\/products\/yealink-t53-ip-phone\/","title":{"rendered":"Yealink T53 IP Phone"},"content":{"rendered":"<p>Especially designed for busy executives and professionals, Yealink SIP-T53 is an easy-to-use Prime Business Phone with an adjustable 3.7-inch graphical LCD that you can easily and flexibly find the comfortable viewing angle according to the personal and environmental needs. Working with Yealink Bluetooth USB Dongle BT40 and Yealink Wi-Fi USB Dongle WF40\/WF50, the SIP-T53 IP Phone ensures you to keep up with the modern wireless technology and take the first chance in the future wireless age. Its built-in USB 2.0 port allows for USB recording or a direct wired\/wireless USB headset or up to three Yealink EXP50 expansion modules connection. Benefitting from these features, the Yealink SIP-T53 is a powerful and expandable office phone that delivers optimum desktop efficient and productivity.<\/p>\n<p>&nbsp;<\/p>\n<p>\u2022 3.7&#8243; 360&#215;160-pixel graphical LCD with backlight<\/p>\n<p>\u2022 Adjustable LCD screen<\/p>\n<p>\u2022 Bluetooth via BT40<\/p>\n<p>\u2022 Wi-Fi via WF40\/WF50<\/p>\n<p>\u2022 USB 2.0 port for USB recording, wired\/wireless USB headsets and EXP50<\/p>\n<p>\u2022 Up to 12 VoIP accounts<\/p>\n<p>\u2022 Dual-port Gigabit Ethernet<\/p>\n<p>\u2022 PoE support<\/p>\n<p>\u2022 HAC Handset<\/p>\n<p>\u2022 Paperless label design<\/p>\n<p>\u2022 Wall mountable<\/p>\n","protected":false},"excerpt":{"rendered":"<p>Especially designed for busy executives and professionals, Yealink SIP-T53 is an easy-to-use Prime Business Phone with an adjustable 3.7-inch graphical LCD that you can easily and flexibly find the comfortable viewing angle according to the personal and environmental needs. Working with Yealink Bluetooth USB Dongle BT40 and Yealink Wi-Fi USB Dongle WF40\/WF50, the SIP-T53 IP [&hellip;]<\/p>\n","protected":false},"featured_media":147,"template":"","meta":{"_acf_changed":false},"product_brand":[],"product_cat":[32],"product_tag":[],"class_list":{"0":"post-257","1":"product","2":"type-product","3":"status-publish","4":"has-post-thumbnail","6":"product_cat-yealink-ip-phone","8":"first","9":"instock","10":"taxable","11":"shipping-taxable","12":"purchasable","13":"product-type-simple"},"acf":[],"yoast_head":"<!-- This site is optimized with the Yoast SEO plugin v23.6 - https:\/\/yoast.com\/wordpress\/plugins\/seo\/ -->\n<title>Yealink T53 IP Phone - TIC t\u00e9l\u00e9phonie industrielle &amp; commerciale inc.<\/title>\n<meta name=\"robots\" content=\"index, follow, max-snippet:-1, max-image-preview:large, max-video-preview:-1\" \/>\n<link rel=\"canonical\" href=\"https:\/\/tictelecom.ca\/en\/products\/yealink-t53-ip-phone\/\" \/>\n<meta property=\"og:locale\" content=\"en_US\" \/>\n<meta property=\"og:type\" content=\"article\" \/>\n<meta property=\"og:title\" content=\"Yealink T53 IP Phone - TIC t\u00e9l\u00e9phonie industrielle &amp; commerciale inc.\" \/>\n<meta property=\"og:description\" content=\"Especially designed for busy executives and professionals, Yealink SIP-T53 is an easy-to-use Prime Business Phone with an adjustable 3.7-inch graphical LCD that you can easily and flexibly find the comfortable viewing angle according to the personal and environmental needs. Working with Yealink Bluetooth USB Dongle BT40 and Yealink Wi-Fi USB Dongle WF40\/WF50, the SIP-T53 IP [&hellip;]\" \/>\n<meta property=\"og:url\" content=\"https:\/\/tictelecom.ca\/en\/products\/yealink-t53-ip-phone\/\" \/>\n<meta property=\"og:site_name\" content=\"TIC t\u00e9l\u00e9phonie industrielle &amp; commerciale inc.\" \/>\n<meta property=\"article:modified_time\" content=\"2020-11-13T15:33:48+00:00\" \/>\n<meta property=\"og:image\" content=\"https:\/\/tictelecom.ca\/wp-content\/uploads\/2020\/11\/photo_34.png\" \/>\n\t<meta property=\"og:image:width\" content=\"400\" \/>\n\t<meta property=\"og:image:height\" content=\"263\" \/>\n\t<meta property=\"og:image:type\" content=\"image\/png\" \/>\n<meta name=\"twitter:card\" content=\"summary_large_image\" \/>\n<meta name=\"twitter:label1\" content=\"Est. reading time\" \/>\n\t<meta name=\"twitter:data1\" content=\"1 minute\" \/>\n<script type=\"application\/ld+json\" class=\"yoast-schema-graph\">{\"@context\":\"https:\/\/schema.org\",\"@graph\":[{\"@type\":\"WebPage\",\"@id\":\"https:\/\/tictelecom.ca\/en\/products\/yealink-t53-ip-phone\/\",\"url\":\"https:\/\/tictelecom.ca\/en\/products\/yealink-t53-ip-phone\/\",\"name\":\"Yealink T53 IP Phone - TIC t\u00e9l\u00e9phonie industrielle &amp; commerciale inc.\",\"isPartOf\":{\"@id\":\"https:\/\/tictelecom.ca\/#website\"},\"primaryImageOfPage\":{\"@id\":\"https:\/\/tictelecom.ca\/en\/products\/yealink-t53-ip-phone\/#primaryimage\"},\"image\":{\"@id\":\"https:\/\/tictelecom.ca\/en\/products\/yealink-t53-ip-phone\/#primaryimage\"},\"thumbnailUrl\":\"https:\/\/tictelecom.ca\/wp-content\/uploads\/2020\/11\/photo_34.png\",\"datePublished\":\"2020-11-11T21:58:40+00:00\",\"dateModified\":\"2020-11-13T15:33:48+00:00\",\"breadcrumb\":{\"@id\":\"https:\/\/tictelecom.ca\/en\/products\/yealink-t53-ip-phone\/#breadcrumb\"},\"inLanguage\":\"en-US\",\"potentialAction\":[{\"@type\":\"ReadAction\",\"target\":[\"https:\/\/tictelecom.ca\/en\/products\/yealink-t53-ip-phone\/\"]}]},{\"@type\":\"ImageObject\",\"inLanguage\":\"en-US\",\"@id\":\"https:\/\/tictelecom.ca\/en\/products\/yealink-t53-ip-phone\/#primaryimage\",\"url\":\"https:\/\/tictelecom.ca\/wp-content\/uploads\/2020\/11\/photo_34.png\",\"contentUrl\":\"https:\/\/tictelecom.ca\/wp-content\/uploads\/2020\/11\/photo_34.png\",\"width\":400,\"height\":263},{\"@type\":\"BreadcrumbList\",\"@id\":\"https:\/\/tictelecom.ca\/en\/products\/yealink-t53-ip-phone\/#breadcrumb\",\"itemListElement\":[{\"@type\":\"ListItem\",\"position\":1,\"name\":\"Accueil\",\"item\":\"https:\/\/tictelecom.ca\/en\/\"},{\"@type\":\"ListItem\",\"position\":2,\"name\":\"Produits\",\"item\":\"https:\/\/tictelecom.ca\/produits\/\"},{\"@type\":\"ListItem\",\"position\":3,\"name\":\"Yealink T53 IP Phone\"}]},{\"@type\":\"WebSite\",\"@id\":\"https:\/\/tictelecom.ca\/#website\",\"url\":\"https:\/\/tictelecom.ca\/\",\"name\":\"TIC t\u00e9l\u00e9phonie industrielle &amp; commerciale inc.\",\"description\":\"T\u00e9l\u00e9phonie VoIP TIC T\u00e9l\u00e9com\",\"potentialAction\":[{\"@type\":\"SearchAction\",\"target\":{\"@type\":\"EntryPoint\",\"urlTemplate\":\"https:\/\/tictelecom.ca\/?s={search_term_string}\"},\"query-input\":{\"@type\":\"PropertyValueSpecification\",\"valueRequired\":true,\"valueName\":\"search_term_string\"}}],\"inLanguage\":\"en-US\"}]}<\/script>\n<!-- \/ Yoast SEO plugin. -->","yoast_head_json":{"title":"Yealink T53 IP Phone - TIC t\u00e9l\u00e9phonie industrielle &amp; commerciale inc.","robots":{"index":"index","follow":"follow","max-snippet":"max-snippet:-1","max-image-preview":"max-image-preview:large","max-video-preview":"max-video-preview:-1"},"canonical":"https:\/\/tictelecom.ca\/en\/products\/yealink-t53-ip-phone\/","og_locale":"en_US","og_type":"article","og_title":"Yealink T53 IP Phone - TIC t\u00e9l\u00e9phonie industrielle &amp; commerciale inc.","og_description":"Especially designed for busy executives and professionals, Yealink SIP-T53 is an easy-to-use Prime Business Phone with an adjustable 3.7-inch graphical LCD that you can easily and flexibly find the comfortable viewing angle according to the personal and environmental needs. Working with Yealink Bluetooth USB Dongle BT40 and Yealink Wi-Fi USB Dongle WF40\/WF50, the SIP-T53 IP [&hellip;]","og_url":"https:\/\/tictelecom.ca\/en\/products\/yealink-t53-ip-phone\/","og_site_name":"TIC t\u00e9l\u00e9phonie industrielle &amp; commerciale inc.","article_modified_time":"2020-11-13T15:33:48+00:00","og_image":[{"width":400,"height":263,"url":"https:\/\/tictelecom.ca\/wp-content\/uploads\/2020\/11\/photo_34.png","type":"image\/png"}],"twitter_card":"summary_large_image","twitter_misc":{"Est. reading time":"1 minute"},"schema":{"@context":"https:\/\/schema.org","@graph":[{"@type":"WebPage","@id":"https:\/\/tictelecom.ca\/en\/products\/yealink-t53-ip-phone\/","url":"https:\/\/tictelecom.ca\/en\/products\/yealink-t53-ip-phone\/","name":"Yealink T53 IP Phone - TIC t\u00e9l\u00e9phonie industrielle &amp; commerciale inc.","isPartOf":{"@id":"https:\/\/tictelecom.ca\/#website"},"primaryImageOfPage":{"@id":"https:\/\/tictelecom.ca\/en\/products\/yealink-t53-ip-phone\/#primaryimage"},"image":{"@id":"https:\/\/tictelecom.ca\/en\/products\/yealink-t53-ip-phone\/#primaryimage"},"thumbnailUrl":"https:\/\/tictelecom.ca\/wp-content\/uploads\/2020\/11\/photo_34.png","datePublished":"2020-11-11T21:58:40+00:00","dateModified":"2020-11-13T15:33:48+00:00","breadcrumb":{"@id":"https:\/\/tictelecom.ca\/en\/products\/yealink-t53-ip-phone\/#breadcrumb"},"inLanguage":"en-US","potentialAction":[{"@type":"ReadAction","target":["https:\/\/tictelecom.ca\/en\/products\/yealink-t53-ip-phone\/"]}]},{"@type":"ImageObject","inLanguage":"en-US","@id":"https:\/\/tictelecom.ca\/en\/products\/yealink-t53-ip-phone\/#primaryimage","url":"https:\/\/tictelecom.ca\/wp-content\/uploads\/2020\/11\/photo_34.png","contentUrl":"https:\/\/tictelecom.ca\/wp-content\/uploads\/2020\/11\/photo_34.png","width":400,"height":263},{"@type":"BreadcrumbList","@id":"https:\/\/tictelecom.ca\/en\/products\/yealink-t53-ip-phone\/#breadcrumb","itemListElement":[{"@type":"ListItem","position":1,"name":"Accueil","item":"https:\/\/tictelecom.ca\/en\/"},{"@type":"ListItem","position":2,"name":"Produits","item":"https:\/\/tictelecom.ca\/produits\/"},{"@type":"ListItem","position":3,"name":"Yealink T53 IP Phone"}]},{"@type":"WebSite","@id":"https:\/\/tictelecom.ca\/#website","url":"https:\/\/tictelecom.ca\/","name":"TIC t\u00e9l\u00e9phonie industrielle &amp; commerciale inc.","description":"T\u00e9l\u00e9phonie VoIP TIC T\u00e9l\u00e9com","potentialAction":[{"@type":"SearchAction","target":{"@type":"EntryPoint","urlTemplate":"https:\/\/tictelecom.ca\/?s={search_term_string}"},"query-input":{"@type":"PropertyValueSpecification","valueRequired":true,"valueName":"search_term_string"}}],"inLanguage":"en-US"}]}},"_links":{"self":[{"href":"https:\/\/tictelecom.ca\/en\/wp-json\/wp\/v2\/product\/257","targetHints":{"allow":["GET"]}}],"collection":[{"href":"https:\/\/tictelecom.ca\/en\/wp-json\/wp\/v2\/product"}],"about":[{"href":"https:\/\/tictelecom.ca\/en\/wp-json\/wp\/v2\/types\/product"}],"wp:featuredmedia":[{"embeddable":true,"href":"https:\/\/tictelecom.ca\/en\/wp-json\/wp\/v2\/media\/147"}],"wp:attachment":[{"href":"https:\/\/tictelecom.ca\/en\/wp-json\/wp\/v2\/media?parent=257"}],"wp:term":[{"taxonomy":"product_brand","embeddable":true,"href":"https:\/\/tictelecom.ca\/en\/wp-json\/wp\/v2\/product_brand?post=257"},{"taxonomy":"product_cat","embeddable":true,"href":"https:\/\/tictelecom.ca\/en\/wp-json\/wp\/v2\/product_cat?post=257"},{"taxonomy":"product_tag","embeddable":true,"href":"https:\/\/tictelecom.ca\/en\/wp-json\/wp\/v2\/product_tag?post=257"}],"curies":[{"name":"wp","href":"https:\/\/api.w.org\/{rel}","templated":true}]}}