{"id":287,"date":"2020-11-13T09:22:08","date_gmt":"2020-11-13T14:22:08","guid":{"rendered":"https:\/\/tictelecom.ca\/produits\/repeteur-yealink-dect-rt30\/"},"modified":"2020-11-13T11:36:52","modified_gmt":"2020-11-13T16:36:52","slug":"yealink-rt30-dect-repeater","status":"publish","type":"product","link":"https:\/\/tictelecom.ca\/en\/products\/yealink-rt30-dect-repeater\/","title":{"rendered":"Yealink RT30 Dect repeater"},"content":{"rendered":"<p>Yealink DECT repeater RT30, designed in accordance with Digital Enhanced Cordless Telecommunication (DECT) standard, is characterized by wide compatibility, easy installation and a user friendly display concept. The repeater, base station and cordless handset employ wireless connection. It can be deployed to extend the DECT radio coverage of all Yealink base stations significantly in all directions. Signals with clear status LED display are exchanged without acoustical and visual differences. What\u2019s more, its slim design and easy plug-and-play installationare typically suitable to be used in the ambiance of modern business environments and homes<\/p>\n<p>\u2022 Compatible with DECT CAT-iq 2.0<\/p>\n<p>\u2022 Compatible with Yealink W60B\/W52 DECT IP Base Station<\/p>\n<p>\u2022 Up to 6 repeaters per base station<\/p>\n<p>\u2022 Star connection<\/p>\n<p>\u2022 Up to 2 repeaters can be arranged in cascade<\/p>\n<p>\u2022 Auto association<\/p>\n<p>\u2022 HD voice<\/p>\n<p>\u2022 Plug &amp; play setup<\/p>\n<p>\u2022 Clear status LED display<\/p>\n<p>\u2022 Elegant design<\/p>\n<p>\u2022 Wall mountable<\/p>\n","protected":false},"excerpt":{"rendered":"<p>Yealink DECT repeater RT30, designed in accordance with Digital Enhanced Cordless Telecommunication (DECT) standard, is characterized by wide compatibility, easy installation and a user friendly display concept. The repeater, base station and cordless handset employ wireless connection. It can be deployed to extend the DECT radio coverage of all Yealink base stations significantly in all [&hellip;]<\/p>\n","protected":false},"featured_media":182,"template":"","meta":{"_acf_changed":false},"product_brand":[],"product_cat":[34],"product_tag":[],"class_list":{"0":"post-287","1":"product","2":"type-product","3":"status-publish","4":"has-post-thumbnail","6":"product_cat-wireless-phone","8":"first","9":"outofstock","10":"taxable","11":"shipping-taxable","12":"purchasable","13":"product-type-simple"},"acf":[],"yoast_head":"<!-- This site is optimized with the Yoast SEO plugin v23.6 - https:\/\/yoast.com\/wordpress\/plugins\/seo\/ -->\n<title>Yealink RT30 Dect repeater - TIC t\u00e9l\u00e9phonie industrielle &amp; commerciale inc.<\/title>\n<meta name=\"robots\" content=\"index, follow, max-snippet:-1, max-image-preview:large, max-video-preview:-1\" \/>\n<link rel=\"canonical\" href=\"https:\/\/tictelecom.ca\/en\/products\/yealink-rt30-dect-repeater\/\" \/>\n<meta property=\"og:locale\" content=\"en_US\" \/>\n<meta property=\"og:type\" content=\"article\" \/>\n<meta property=\"og:title\" content=\"Yealink RT30 Dect repeater - TIC t\u00e9l\u00e9phonie industrielle &amp; commerciale inc.\" \/>\n<meta property=\"og:description\" content=\"Yealink DECT repeater RT30, designed in accordance with Digital Enhanced Cordless Telecommunication (DECT) standard, is characterized by wide compatibility, easy installation and a user friendly display concept. The repeater, base station and cordless handset employ wireless connection. It can be deployed to extend the DECT radio coverage of all Yealink base stations significantly in all [&hellip;]\" \/>\n<meta property=\"og:url\" content=\"https:\/\/tictelecom.ca\/en\/products\/yealink-rt30-dect-repeater\/\" \/>\n<meta property=\"og:site_name\" content=\"TIC t\u00e9l\u00e9phonie industrielle &amp; commerciale inc.\" \/>\n<meta property=\"article:modified_time\" content=\"2020-11-13T16:36:52+00:00\" \/>\n<meta property=\"og:image\" content=\"https:\/\/tictelecom.ca\/wp-content\/uploads\/2020\/11\/photo_29.png\" \/>\n\t<meta property=\"og:image:width\" content=\"314\" \/>\n\t<meta property=\"og:image:height\" content=\"400\" \/>\n\t<meta property=\"og:image:type\" content=\"image\/png\" \/>\n<meta name=\"twitter:card\" content=\"summary_large_image\" \/>\n<meta name=\"twitter:label1\" content=\"Est. reading time\" \/>\n\t<meta name=\"twitter:data1\" content=\"1 minute\" \/>\n<script type=\"application\/ld+json\" class=\"yoast-schema-graph\">{\"@context\":\"https:\/\/schema.org\",\"@graph\":[{\"@type\":\"WebPage\",\"@id\":\"https:\/\/tictelecom.ca\/en\/products\/yealink-rt30-dect-repeater\/\",\"url\":\"https:\/\/tictelecom.ca\/en\/products\/yealink-rt30-dect-repeater\/\",\"name\":\"Yealink RT30 Dect repeater - TIC t\u00e9l\u00e9phonie industrielle &amp; commerciale inc.\",\"isPartOf\":{\"@id\":\"https:\/\/tictelecom.ca\/#website\"},\"primaryImageOfPage\":{\"@id\":\"https:\/\/tictelecom.ca\/en\/products\/yealink-rt30-dect-repeater\/#primaryimage\"},\"image\":{\"@id\":\"https:\/\/tictelecom.ca\/en\/products\/yealink-rt30-dect-repeater\/#primaryimage\"},\"thumbnailUrl\":\"https:\/\/tictelecom.ca\/wp-content\/uploads\/2020\/11\/photo_29.png\",\"datePublished\":\"2020-11-13T14:22:08+00:00\",\"dateModified\":\"2020-11-13T16:36:52+00:00\",\"breadcrumb\":{\"@id\":\"https:\/\/tictelecom.ca\/en\/products\/yealink-rt30-dect-repeater\/#breadcrumb\"},\"inLanguage\":\"en-US\",\"potentialAction\":[{\"@type\":\"ReadAction\",\"target\":[\"https:\/\/tictelecom.ca\/en\/products\/yealink-rt30-dect-repeater\/\"]}]},{\"@type\":\"ImageObject\",\"inLanguage\":\"en-US\",\"@id\":\"https:\/\/tictelecom.ca\/en\/products\/yealink-rt30-dect-repeater\/#primaryimage\",\"url\":\"https:\/\/tictelecom.ca\/wp-content\/uploads\/2020\/11\/photo_29.png\",\"contentUrl\":\"https:\/\/tictelecom.ca\/wp-content\/uploads\/2020\/11\/photo_29.png\",\"width\":314,\"height\":400},{\"@type\":\"BreadcrumbList\",\"@id\":\"https:\/\/tictelecom.ca\/en\/products\/yealink-rt30-dect-repeater\/#breadcrumb\",\"itemListElement\":[{\"@type\":\"ListItem\",\"position\":1,\"name\":\"Accueil\",\"item\":\"https:\/\/tictelecom.ca\/en\/\"},{\"@type\":\"ListItem\",\"position\":2,\"name\":\"Produits\",\"item\":\"https:\/\/tictelecom.ca\/produits\/\"},{\"@type\":\"ListItem\",\"position\":3,\"name\":\"Yealink RT30 Dect repeater\"}]},{\"@type\":\"WebSite\",\"@id\":\"https:\/\/tictelecom.ca\/#website\",\"url\":\"https:\/\/tictelecom.ca\/\",\"name\":\"TIC t\u00e9l\u00e9phonie industrielle &amp; commerciale inc.\",\"description\":\"T\u00e9l\u00e9phonie VoIP TIC T\u00e9l\u00e9com\",\"potentialAction\":[{\"@type\":\"SearchAction\",\"target\":{\"@type\":\"EntryPoint\",\"urlTemplate\":\"https:\/\/tictelecom.ca\/?s={search_term_string}\"},\"query-input\":{\"@type\":\"PropertyValueSpecification\",\"valueRequired\":true,\"valueName\":\"search_term_string\"}}],\"inLanguage\":\"en-US\"}]}<\/script>\n<!-- \/ Yoast SEO plugin. -->","yoast_head_json":{"title":"Yealink RT30 Dect repeater - TIC t\u00e9l\u00e9phonie industrielle &amp; commerciale inc.","robots":{"index":"index","follow":"follow","max-snippet":"max-snippet:-1","max-image-preview":"max-image-preview:large","max-video-preview":"max-video-preview:-1"},"canonical":"https:\/\/tictelecom.ca\/en\/products\/yealink-rt30-dect-repeater\/","og_locale":"en_US","og_type":"article","og_title":"Yealink RT30 Dect repeater - TIC t\u00e9l\u00e9phonie industrielle &amp; commerciale inc.","og_description":"Yealink DECT repeater RT30, designed in accordance with Digital Enhanced Cordless Telecommunication (DECT) standard, is characterized by wide compatibility, easy installation and a user friendly display concept. The repeater, base station and cordless handset employ wireless connection. It can be deployed to extend the DECT radio coverage of all Yealink base stations significantly in all [&hellip;]","og_url":"https:\/\/tictelecom.ca\/en\/products\/yealink-rt30-dect-repeater\/","og_site_name":"TIC t\u00e9l\u00e9phonie industrielle &amp; commerciale inc.","article_modified_time":"2020-11-13T16:36:52+00:00","og_image":[{"width":314,"height":400,"url":"https:\/\/tictelecom.ca\/wp-content\/uploads\/2020\/11\/photo_29.png","type":"image\/png"}],"twitter_card":"summary_large_image","twitter_misc":{"Est. reading time":"1 minute"},"schema":{"@context":"https:\/\/schema.org","@graph":[{"@type":"WebPage","@id":"https:\/\/tictelecom.ca\/en\/products\/yealink-rt30-dect-repeater\/","url":"https:\/\/tictelecom.ca\/en\/products\/yealink-rt30-dect-repeater\/","name":"Yealink RT30 Dect repeater - TIC t\u00e9l\u00e9phonie industrielle &amp; commerciale inc.","isPartOf":{"@id":"https:\/\/tictelecom.ca\/#website"},"primaryImageOfPage":{"@id":"https:\/\/tictelecom.ca\/en\/products\/yealink-rt30-dect-repeater\/#primaryimage"},"image":{"@id":"https:\/\/tictelecom.ca\/en\/products\/yealink-rt30-dect-repeater\/#primaryimage"},"thumbnailUrl":"https:\/\/tictelecom.ca\/wp-content\/uploads\/2020\/11\/photo_29.png","datePublished":"2020-11-13T14:22:08+00:00","dateModified":"2020-11-13T16:36:52+00:00","breadcrumb":{"@id":"https:\/\/tictelecom.ca\/en\/products\/yealink-rt30-dect-repeater\/#breadcrumb"},"inLanguage":"en-US","potentialAction":[{"@type":"ReadAction","target":["https:\/\/tictelecom.ca\/en\/products\/yealink-rt30-dect-repeater\/"]}]},{"@type":"ImageObject","inLanguage":"en-US","@id":"https:\/\/tictelecom.ca\/en\/products\/yealink-rt30-dect-repeater\/#primaryimage","url":"https:\/\/tictelecom.ca\/wp-content\/uploads\/2020\/11\/photo_29.png","contentUrl":"https:\/\/tictelecom.ca\/wp-content\/uploads\/2020\/11\/photo_29.png","width":314,"height":400},{"@type":"BreadcrumbList","@id":"https:\/\/tictelecom.ca\/en\/products\/yealink-rt30-dect-repeater\/#breadcrumb","itemListElement":[{"@type":"ListItem","position":1,"name":"Accueil","item":"https:\/\/tictelecom.ca\/en\/"},{"@type":"ListItem","position":2,"name":"Produits","item":"https:\/\/tictelecom.ca\/produits\/"},{"@type":"ListItem","position":3,"name":"Yealink RT30 Dect repeater"}]},{"@type":"WebSite","@id":"https:\/\/tictelecom.ca\/#website","url":"https:\/\/tictelecom.ca\/","name":"TIC t\u00e9l\u00e9phonie industrielle &amp; commerciale inc.","description":"T\u00e9l\u00e9phonie VoIP TIC T\u00e9l\u00e9com","potentialAction":[{"@type":"SearchAction","target":{"@type":"EntryPoint","urlTemplate":"https:\/\/tictelecom.ca\/?s={search_term_string}"},"query-input":{"@type":"PropertyValueSpecification","valueRequired":true,"valueName":"search_term_string"}}],"inLanguage":"en-US"}]}},"_links":{"self":[{"href":"https:\/\/tictelecom.ca\/en\/wp-json\/wp\/v2\/product\/287","targetHints":{"allow":["GET"]}}],"collection":[{"href":"https:\/\/tictelecom.ca\/en\/wp-json\/wp\/v2\/product"}],"about":[{"href":"https:\/\/tictelecom.ca\/en\/wp-json\/wp\/v2\/types\/product"}],"wp:featuredmedia":[{"embeddable":true,"href":"https:\/\/tictelecom.ca\/en\/wp-json\/wp\/v2\/media\/182"}],"wp:attachment":[{"href":"https:\/\/tictelecom.ca\/en\/wp-json\/wp\/v2\/media?parent=287"}],"wp:term":[{"taxonomy":"product_brand","embeddable":true,"href":"https:\/\/tictelecom.ca\/en\/wp-json\/wp\/v2\/product_brand?post=287"},{"taxonomy":"product_cat","embeddable":true,"href":"https:\/\/tictelecom.ca\/en\/wp-json\/wp\/v2\/product_cat?post=287"},{"taxonomy":"product_tag","embeddable":true,"href":"https:\/\/tictelecom.ca\/en\/wp-json\/wp\/v2\/product_tag?post=287"}],"curies":[{"name":"wp","href":"https:\/\/api.w.org\/{rel}","templated":true}]}}