{"id":297,"date":"2020-11-13T09:32:11","date_gmt":"2020-11-13T14:32:11","guid":{"rendered":"https:\/\/tictelecom.ca\/produits\/plantronics-voyager-4220-bluetooth\/"},"modified":"2020-11-13T11:43:29","modified_gmt":"2020-11-13T16:43:29","slug":"plantronics-voyager-4220-bluetooth","status":"publish","type":"product","link":"https:\/\/tictelecom.ca\/en\/products\/plantronics-voyager-4220-bluetooth\/","title":{"rendered":"Plantronics Voyager 4220 Bluetooth"},"content":{"rendered":"<p>Voyager 4200 UC Series meets the needs of office professionals as well as IT. With the choice of stereo or mono, crystal-clear audio, wireless freedom, and the ability to switch seamlessly between mobile phone and PC, Voyager 4200 UC Series helps you be more productive and enriches your voice communications experience.<\/p>\n","protected":false},"excerpt":{"rendered":"<p>Voyager 4200 UC Series meets the needs of office professionals as well as IT. With the choice of stereo or mono, crystal-clear audio, wireless freedom, and the ability to switch seamlessly between mobile phone and PC, Voyager 4200 UC Series helps you be more productive and enriches your voice communications experience.<\/p>\n","protected":false},"featured_media":201,"template":"","meta":{"_acf_changed":false},"product_brand":[],"product_cat":[30],"product_tag":[],"class_list":{"0":"post-297","1":"product","2":"type-product","3":"status-publish","4":"has-post-thumbnail","6":"product_cat-bluetooth-wireless-headset","8":"first","9":"instock","10":"taxable","11":"shipping-taxable","12":"purchasable","13":"product-type-simple"},"acf":[],"yoast_head":"<!-- This site is optimized with the Yoast SEO plugin v23.6 - https:\/\/yoast.com\/wordpress\/plugins\/seo\/ -->\n<title>Plantronics Voyager 4220 Bluetooth - TIC t\u00e9l\u00e9phonie industrielle &amp; commerciale inc.<\/title>\n<meta name=\"robots\" content=\"index, follow, max-snippet:-1, max-image-preview:large, max-video-preview:-1\" \/>\n<link rel=\"canonical\" href=\"https:\/\/tictelecom.ca\/en\/products\/plantronics-voyager-4220-bluetooth\/\" \/>\n<meta property=\"og:locale\" content=\"en_US\" \/>\n<meta property=\"og:type\" content=\"article\" \/>\n<meta property=\"og:title\" content=\"Plantronics Voyager 4220 Bluetooth - TIC t\u00e9l\u00e9phonie industrielle &amp; commerciale inc.\" \/>\n<meta property=\"og:description\" content=\"Voyager 4200 UC Series meets the needs of office professionals as well as IT. With the choice of stereo or mono, crystal-clear audio, wireless freedom, and the ability to switch seamlessly between mobile phone and PC, Voyager 4200 UC Series helps you be more productive and enriches your voice communications experience.\" \/>\n<meta property=\"og:url\" content=\"https:\/\/tictelecom.ca\/en\/products\/plantronics-voyager-4220-bluetooth\/\" \/>\n<meta property=\"og:site_name\" content=\"TIC t\u00e9l\u00e9phonie industrielle &amp; commerciale inc.\" \/>\n<meta property=\"article:modified_time\" content=\"2020-11-13T16:43:29+00:00\" \/>\n<meta property=\"og:image\" content=\"https:\/\/tictelecom.ca\/wp-content\/uploads\/2020\/11\/photo_42.png\" \/>\n\t<meta property=\"og:image:width\" content=\"296\" \/>\n\t<meta property=\"og:image:height\" content=\"400\" \/>\n\t<meta property=\"og:image:type\" content=\"image\/png\" \/>\n<meta name=\"twitter:card\" content=\"summary_large_image\" \/>\n<script type=\"application\/ld+json\" class=\"yoast-schema-graph\">{\"@context\":\"https:\/\/schema.org\",\"@graph\":[{\"@type\":\"WebPage\",\"@id\":\"https:\/\/tictelecom.ca\/en\/products\/plantronics-voyager-4220-bluetooth\/\",\"url\":\"https:\/\/tictelecom.ca\/en\/products\/plantronics-voyager-4220-bluetooth\/\",\"name\":\"Plantronics Voyager 4220 Bluetooth - TIC t\u00e9l\u00e9phonie industrielle &amp; commerciale inc.\",\"isPartOf\":{\"@id\":\"https:\/\/tictelecom.ca\/#website\"},\"primaryImageOfPage\":{\"@id\":\"https:\/\/tictelecom.ca\/en\/products\/plantronics-voyager-4220-bluetooth\/#primaryimage\"},\"image\":{\"@id\":\"https:\/\/tictelecom.ca\/en\/products\/plantronics-voyager-4220-bluetooth\/#primaryimage\"},\"thumbnailUrl\":\"https:\/\/tictelecom.ca\/wp-content\/uploads\/2020\/11\/photo_42.png\",\"datePublished\":\"2020-11-13T14:32:11+00:00\",\"dateModified\":\"2020-11-13T16:43:29+00:00\",\"breadcrumb\":{\"@id\":\"https:\/\/tictelecom.ca\/en\/products\/plantronics-voyager-4220-bluetooth\/#breadcrumb\"},\"inLanguage\":\"en-US\",\"potentialAction\":[{\"@type\":\"ReadAction\",\"target\":[\"https:\/\/tictelecom.ca\/en\/products\/plantronics-voyager-4220-bluetooth\/\"]}]},{\"@type\":\"ImageObject\",\"inLanguage\":\"en-US\",\"@id\":\"https:\/\/tictelecom.ca\/en\/products\/plantronics-voyager-4220-bluetooth\/#primaryimage\",\"url\":\"https:\/\/tictelecom.ca\/wp-content\/uploads\/2020\/11\/photo_42.png\",\"contentUrl\":\"https:\/\/tictelecom.ca\/wp-content\/uploads\/2020\/11\/photo_42.png\",\"width\":296,\"height\":400},{\"@type\":\"BreadcrumbList\",\"@id\":\"https:\/\/tictelecom.ca\/en\/products\/plantronics-voyager-4220-bluetooth\/#breadcrumb\",\"itemListElement\":[{\"@type\":\"ListItem\",\"position\":1,\"name\":\"Accueil\",\"item\":\"https:\/\/tictelecom.ca\/en\/\"},{\"@type\":\"ListItem\",\"position\":2,\"name\":\"Produits\",\"item\":\"https:\/\/tictelecom.ca\/produits\/\"},{\"@type\":\"ListItem\",\"position\":3,\"name\":\"Plantronics Voyager 4220 Bluetooth\"}]},{\"@type\":\"WebSite\",\"@id\":\"https:\/\/tictelecom.ca\/#website\",\"url\":\"https:\/\/tictelecom.ca\/\",\"name\":\"TIC t\u00e9l\u00e9phonie industrielle &amp; commerciale inc.\",\"description\":\"T\u00e9l\u00e9phonie VoIP TIC T\u00e9l\u00e9com\",\"potentialAction\":[{\"@type\":\"SearchAction\",\"target\":{\"@type\":\"EntryPoint\",\"urlTemplate\":\"https:\/\/tictelecom.ca\/?s={search_term_string}\"},\"query-input\":{\"@type\":\"PropertyValueSpecification\",\"valueRequired\":true,\"valueName\":\"search_term_string\"}}],\"inLanguage\":\"en-US\"}]}<\/script>\n<!-- \/ Yoast SEO plugin. -->","yoast_head_json":{"title":"Plantronics Voyager 4220 Bluetooth - TIC t\u00e9l\u00e9phonie industrielle &amp; commerciale inc.","robots":{"index":"index","follow":"follow","max-snippet":"max-snippet:-1","max-image-preview":"max-image-preview:large","max-video-preview":"max-video-preview:-1"},"canonical":"https:\/\/tictelecom.ca\/en\/products\/plantronics-voyager-4220-bluetooth\/","og_locale":"en_US","og_type":"article","og_title":"Plantronics Voyager 4220 Bluetooth - TIC t\u00e9l\u00e9phonie industrielle &amp; commerciale inc.","og_description":"Voyager 4200 UC Series meets the needs of office professionals as well as IT. With the choice of stereo or mono, crystal-clear audio, wireless freedom, and the ability to switch seamlessly between mobile phone and PC, Voyager 4200 UC Series helps you be more productive and enriches your voice communications experience.","og_url":"https:\/\/tictelecom.ca\/en\/products\/plantronics-voyager-4220-bluetooth\/","og_site_name":"TIC t\u00e9l\u00e9phonie industrielle &amp; commerciale inc.","article_modified_time":"2020-11-13T16:43:29+00:00","og_image":[{"width":296,"height":400,"url":"https:\/\/tictelecom.ca\/wp-content\/uploads\/2020\/11\/photo_42.png","type":"image\/png"}],"twitter_card":"summary_large_image","schema":{"@context":"https:\/\/schema.org","@graph":[{"@type":"WebPage","@id":"https:\/\/tictelecom.ca\/en\/products\/plantronics-voyager-4220-bluetooth\/","url":"https:\/\/tictelecom.ca\/en\/products\/plantronics-voyager-4220-bluetooth\/","name":"Plantronics Voyager 4220 Bluetooth - TIC t\u00e9l\u00e9phonie industrielle &amp; commerciale inc.","isPartOf":{"@id":"https:\/\/tictelecom.ca\/#website"},"primaryImageOfPage":{"@id":"https:\/\/tictelecom.ca\/en\/products\/plantronics-voyager-4220-bluetooth\/#primaryimage"},"image":{"@id":"https:\/\/tictelecom.ca\/en\/products\/plantronics-voyager-4220-bluetooth\/#primaryimage"},"thumbnailUrl":"https:\/\/tictelecom.ca\/wp-content\/uploads\/2020\/11\/photo_42.png","datePublished":"2020-11-13T14:32:11+00:00","dateModified":"2020-11-13T16:43:29+00:00","breadcrumb":{"@id":"https:\/\/tictelecom.ca\/en\/products\/plantronics-voyager-4220-bluetooth\/#breadcrumb"},"inLanguage":"en-US","potentialAction":[{"@type":"ReadAction","target":["https:\/\/tictelecom.ca\/en\/products\/plantronics-voyager-4220-bluetooth\/"]}]},{"@type":"ImageObject","inLanguage":"en-US","@id":"https:\/\/tictelecom.ca\/en\/products\/plantronics-voyager-4220-bluetooth\/#primaryimage","url":"https:\/\/tictelecom.ca\/wp-content\/uploads\/2020\/11\/photo_42.png","contentUrl":"https:\/\/tictelecom.ca\/wp-content\/uploads\/2020\/11\/photo_42.png","width":296,"height":400},{"@type":"BreadcrumbList","@id":"https:\/\/tictelecom.ca\/en\/products\/plantronics-voyager-4220-bluetooth\/#breadcrumb","itemListElement":[{"@type":"ListItem","position":1,"name":"Accueil","item":"https:\/\/tictelecom.ca\/en\/"},{"@type":"ListItem","position":2,"name":"Produits","item":"https:\/\/tictelecom.ca\/produits\/"},{"@type":"ListItem","position":3,"name":"Plantronics Voyager 4220 Bluetooth"}]},{"@type":"WebSite","@id":"https:\/\/tictelecom.ca\/#website","url":"https:\/\/tictelecom.ca\/","name":"TIC t\u00e9l\u00e9phonie industrielle &amp; commerciale inc.","description":"T\u00e9l\u00e9phonie VoIP TIC T\u00e9l\u00e9com","potentialAction":[{"@type":"SearchAction","target":{"@type":"EntryPoint","urlTemplate":"https:\/\/tictelecom.ca\/?s={search_term_string}"},"query-input":{"@type":"PropertyValueSpecification","valueRequired":true,"valueName":"search_term_string"}}],"inLanguage":"en-US"}]}},"_links":{"self":[{"href":"https:\/\/tictelecom.ca\/en\/wp-json\/wp\/v2\/product\/297","targetHints":{"allow":["GET"]}}],"collection":[{"href":"https:\/\/tictelecom.ca\/en\/wp-json\/wp\/v2\/product"}],"about":[{"href":"https:\/\/tictelecom.ca\/en\/wp-json\/wp\/v2\/types\/product"}],"wp:featuredmedia":[{"embeddable":true,"href":"https:\/\/tictelecom.ca\/en\/wp-json\/wp\/v2\/media\/201"}],"wp:attachment":[{"href":"https:\/\/tictelecom.ca\/en\/wp-json\/wp\/v2\/media?parent=297"}],"wp:term":[{"taxonomy":"product_brand","embeddable":true,"href":"https:\/\/tictelecom.ca\/en\/wp-json\/wp\/v2\/product_brand?post=297"},{"taxonomy":"product_cat","embeddable":true,"href":"https:\/\/tictelecom.ca\/en\/wp-json\/wp\/v2\/product_cat?post=297"},{"taxonomy":"product_tag","embeddable":true,"href":"https:\/\/tictelecom.ca\/en\/wp-json\/wp\/v2\/product_tag?post=297"}],"curies":[{"name":"wp","href":"https:\/\/api.w.org\/{rel}","templated":true}]}}