{"id":306,"date":"2020-11-13T09:39:35","date_gmt":"2020-11-13T14:39:35","guid":{"rendered":"https:\/\/tictelecom.ca\/produits\/plantronics-cs540\/"},"modified":"2020-11-13T11:50:35","modified_gmt":"2020-11-13T16:50:35","slug":"plantronics-cs540","status":"publish","type":"product","link":"https:\/\/tictelecom.ca\/en\/products\/plantronics-cs540\/","title":{"rendered":"Plantronics CS540"},"content":{"rendered":"<p>The Plantronics CS540 headset is a versatile headset with several accessories &#8220;headband, ear inserts&#8221; .<\/p>\n<ul>\n<li>Stay mobile with the excellent Dect signal up to 100 meters<\/li>\n<li>One button for all functions, off-hook\/on-hook, volume\/mute<\/li>\n<li>Adaptive, energy-efficient power system to improve range and talktime<\/li>\n<li>Conference with three additional CS500 or Savi headsets for enhanced collaboration<\/li>\n<li>The new headsets can be combined with a base by simply placing them on<\/li>\n<li>Use with an electronic switch cable or with a handset lifter to answer calls and hang up remotely<\/li>\n<\/ul>\n","protected":false},"excerpt":{"rendered":"<p>The Plantronics CS540 headset is a versatile headset with several accessories &#8220;headband, ear inserts&#8221; . Stay mobile with the excellent Dect signal up to 100 meters One button for all functions, off-hook\/on-hook, volume\/mute Adaptive, energy-efficient power system to improve range and talktime Conference with three additional CS500 or Savi headsets for enhanced collaboration The new [&hellip;]<\/p>\n","protected":false},"featured_media":213,"template":"","meta":{"_acf_changed":false},"product_brand":[],"product_cat":[31],"product_tag":[],"class_list":{"0":"post-306","1":"product","2":"type-product","3":"status-publish","4":"has-post-thumbnail","6":"product_cat-dect-wireless-headset","8":"first","9":"outofstock","10":"taxable","11":"shipping-taxable","12":"purchasable","13":"product-type-simple"},"acf":[],"yoast_head":"<!-- This site is optimized with the Yoast SEO plugin v23.6 - https:\/\/yoast.com\/wordpress\/plugins\/seo\/ -->\n<title>Plantronics CS540 - TIC t\u00e9l\u00e9phonie industrielle &amp; commerciale inc.<\/title>\n<meta name=\"robots\" content=\"index, follow, max-snippet:-1, max-image-preview:large, max-video-preview:-1\" \/>\n<link rel=\"canonical\" href=\"https:\/\/tictelecom.ca\/en\/products\/plantronics-cs540\/\" \/>\n<meta property=\"og:locale\" content=\"en_US\" \/>\n<meta property=\"og:type\" content=\"article\" \/>\n<meta property=\"og:title\" content=\"Plantronics CS540 - TIC t\u00e9l\u00e9phonie industrielle &amp; commerciale inc.\" \/>\n<meta property=\"og:description\" content=\"The Plantronics CS540 headset is a versatile headset with several accessories &#8220;headband, ear inserts&#8221; . Stay mobile with the excellent Dect signal up to 100 meters One button for all functions, off-hook\/on-hook, volume\/mute Adaptive, energy-efficient power system to improve range and talktime Conference with three additional CS500 or Savi headsets for enhanced collaboration The new [&hellip;]\" \/>\n<meta property=\"og:url\" content=\"https:\/\/tictelecom.ca\/en\/products\/plantronics-cs540\/\" \/>\n<meta property=\"og:site_name\" content=\"TIC t\u00e9l\u00e9phonie industrielle &amp; commerciale inc.\" \/>\n<meta property=\"article:modified_time\" content=\"2020-11-13T16:50:35+00:00\" \/>\n<meta property=\"og:image\" content=\"https:\/\/tictelecom.ca\/wp-content\/uploads\/2020\/11\/photo_11.png\" \/>\n\t<meta property=\"og:image:width\" content=\"239\" \/>\n\t<meta property=\"og:image:height\" content=\"300\" \/>\n\t<meta property=\"og:image:type\" content=\"image\/png\" \/>\n<meta name=\"twitter:card\" content=\"summary_large_image\" \/>\n<script type=\"application\/ld+json\" class=\"yoast-schema-graph\">{\"@context\":\"https:\/\/schema.org\",\"@graph\":[{\"@type\":\"WebPage\",\"@id\":\"https:\/\/tictelecom.ca\/en\/products\/plantronics-cs540\/\",\"url\":\"https:\/\/tictelecom.ca\/en\/products\/plantronics-cs540\/\",\"name\":\"Plantronics CS540 - TIC t\u00e9l\u00e9phonie industrielle &amp; commerciale inc.\",\"isPartOf\":{\"@id\":\"https:\/\/tictelecom.ca\/#website\"},\"primaryImageOfPage\":{\"@id\":\"https:\/\/tictelecom.ca\/en\/products\/plantronics-cs540\/#primaryimage\"},\"image\":{\"@id\":\"https:\/\/tictelecom.ca\/en\/products\/plantronics-cs540\/#primaryimage\"},\"thumbnailUrl\":\"https:\/\/tictelecom.ca\/wp-content\/uploads\/2020\/11\/photo_11.png\",\"datePublished\":\"2020-11-13T14:39:35+00:00\",\"dateModified\":\"2020-11-13T16:50:35+00:00\",\"breadcrumb\":{\"@id\":\"https:\/\/tictelecom.ca\/en\/products\/plantronics-cs540\/#breadcrumb\"},\"inLanguage\":\"en-US\",\"potentialAction\":[{\"@type\":\"ReadAction\",\"target\":[\"https:\/\/tictelecom.ca\/en\/products\/plantronics-cs540\/\"]}]},{\"@type\":\"ImageObject\",\"inLanguage\":\"en-US\",\"@id\":\"https:\/\/tictelecom.ca\/en\/products\/plantronics-cs540\/#primaryimage\",\"url\":\"https:\/\/tictelecom.ca\/wp-content\/uploads\/2020\/11\/photo_11.png\",\"contentUrl\":\"https:\/\/tictelecom.ca\/wp-content\/uploads\/2020\/11\/photo_11.png\",\"width\":239,\"height\":300},{\"@type\":\"BreadcrumbList\",\"@id\":\"https:\/\/tictelecom.ca\/en\/products\/plantronics-cs540\/#breadcrumb\",\"itemListElement\":[{\"@type\":\"ListItem\",\"position\":1,\"name\":\"Accueil\",\"item\":\"https:\/\/tictelecom.ca\/en\/\"},{\"@type\":\"ListItem\",\"position\":2,\"name\":\"Produits\",\"item\":\"https:\/\/tictelecom.ca\/produits\/\"},{\"@type\":\"ListItem\",\"position\":3,\"name\":\"Plantronics CS540\"}]},{\"@type\":\"WebSite\",\"@id\":\"https:\/\/tictelecom.ca\/#website\",\"url\":\"https:\/\/tictelecom.ca\/\",\"name\":\"TIC t\u00e9l\u00e9phonie industrielle &amp; commerciale inc.\",\"description\":\"T\u00e9l\u00e9phonie VoIP TIC T\u00e9l\u00e9com\",\"potentialAction\":[{\"@type\":\"SearchAction\",\"target\":{\"@type\":\"EntryPoint\",\"urlTemplate\":\"https:\/\/tictelecom.ca\/?s={search_term_string}\"},\"query-input\":{\"@type\":\"PropertyValueSpecification\",\"valueRequired\":true,\"valueName\":\"search_term_string\"}}],\"inLanguage\":\"en-US\"}]}<\/script>\n<!-- \/ Yoast SEO plugin. -->","yoast_head_json":{"title":"Plantronics CS540 - TIC t\u00e9l\u00e9phonie industrielle &amp; commerciale inc.","robots":{"index":"index","follow":"follow","max-snippet":"max-snippet:-1","max-image-preview":"max-image-preview:large","max-video-preview":"max-video-preview:-1"},"canonical":"https:\/\/tictelecom.ca\/en\/products\/plantronics-cs540\/","og_locale":"en_US","og_type":"article","og_title":"Plantronics CS540 - TIC t\u00e9l\u00e9phonie industrielle &amp; commerciale inc.","og_description":"The Plantronics CS540 headset is a versatile headset with several accessories &#8220;headband, ear inserts&#8221; . Stay mobile with the excellent Dect signal up to 100 meters One button for all functions, off-hook\/on-hook, volume\/mute Adaptive, energy-efficient power system to improve range and talktime Conference with three additional CS500 or Savi headsets for enhanced collaboration The new [&hellip;]","og_url":"https:\/\/tictelecom.ca\/en\/products\/plantronics-cs540\/","og_site_name":"TIC t\u00e9l\u00e9phonie industrielle &amp; commerciale inc.","article_modified_time":"2020-11-13T16:50:35+00:00","og_image":[{"width":239,"height":300,"url":"https:\/\/tictelecom.ca\/wp-content\/uploads\/2020\/11\/photo_11.png","type":"image\/png"}],"twitter_card":"summary_large_image","schema":{"@context":"https:\/\/schema.org","@graph":[{"@type":"WebPage","@id":"https:\/\/tictelecom.ca\/en\/products\/plantronics-cs540\/","url":"https:\/\/tictelecom.ca\/en\/products\/plantronics-cs540\/","name":"Plantronics CS540 - TIC t\u00e9l\u00e9phonie industrielle &amp; commerciale inc.","isPartOf":{"@id":"https:\/\/tictelecom.ca\/#website"},"primaryImageOfPage":{"@id":"https:\/\/tictelecom.ca\/en\/products\/plantronics-cs540\/#primaryimage"},"image":{"@id":"https:\/\/tictelecom.ca\/en\/products\/plantronics-cs540\/#primaryimage"},"thumbnailUrl":"https:\/\/tictelecom.ca\/wp-content\/uploads\/2020\/11\/photo_11.png","datePublished":"2020-11-13T14:39:35+00:00","dateModified":"2020-11-13T16:50:35+00:00","breadcrumb":{"@id":"https:\/\/tictelecom.ca\/en\/products\/plantronics-cs540\/#breadcrumb"},"inLanguage":"en-US","potentialAction":[{"@type":"ReadAction","target":["https:\/\/tictelecom.ca\/en\/products\/plantronics-cs540\/"]}]},{"@type":"ImageObject","inLanguage":"en-US","@id":"https:\/\/tictelecom.ca\/en\/products\/plantronics-cs540\/#primaryimage","url":"https:\/\/tictelecom.ca\/wp-content\/uploads\/2020\/11\/photo_11.png","contentUrl":"https:\/\/tictelecom.ca\/wp-content\/uploads\/2020\/11\/photo_11.png","width":239,"height":300},{"@type":"BreadcrumbList","@id":"https:\/\/tictelecom.ca\/en\/products\/plantronics-cs540\/#breadcrumb","itemListElement":[{"@type":"ListItem","position":1,"name":"Accueil","item":"https:\/\/tictelecom.ca\/en\/"},{"@type":"ListItem","position":2,"name":"Produits","item":"https:\/\/tictelecom.ca\/produits\/"},{"@type":"ListItem","position":3,"name":"Plantronics CS540"}]},{"@type":"WebSite","@id":"https:\/\/tictelecom.ca\/#website","url":"https:\/\/tictelecom.ca\/","name":"TIC t\u00e9l\u00e9phonie industrielle &amp; commerciale inc.","description":"T\u00e9l\u00e9phonie VoIP TIC T\u00e9l\u00e9com","potentialAction":[{"@type":"SearchAction","target":{"@type":"EntryPoint","urlTemplate":"https:\/\/tictelecom.ca\/?s={search_term_string}"},"query-input":{"@type":"PropertyValueSpecification","valueRequired":true,"valueName":"search_term_string"}}],"inLanguage":"en-US"}]}},"_links":{"self":[{"href":"https:\/\/tictelecom.ca\/en\/wp-json\/wp\/v2\/product\/306","targetHints":{"allow":["GET"]}}],"collection":[{"href":"https:\/\/tictelecom.ca\/en\/wp-json\/wp\/v2\/product"}],"about":[{"href":"https:\/\/tictelecom.ca\/en\/wp-json\/wp\/v2\/types\/product"}],"wp:featuredmedia":[{"embeddable":true,"href":"https:\/\/tictelecom.ca\/en\/wp-json\/wp\/v2\/media\/213"}],"wp:attachment":[{"href":"https:\/\/tictelecom.ca\/en\/wp-json\/wp\/v2\/media?parent=306"}],"wp:term":[{"taxonomy":"product_brand","embeddable":true,"href":"https:\/\/tictelecom.ca\/en\/wp-json\/wp\/v2\/product_brand?post=306"},{"taxonomy":"product_cat","embeddable":true,"href":"https:\/\/tictelecom.ca\/en\/wp-json\/wp\/v2\/product_cat?post=306"},{"taxonomy":"product_tag","embeddable":true,"href":"https:\/\/tictelecom.ca\/en\/wp-json\/wp\/v2\/product_tag?post=306"}],"curies":[{"name":"wp","href":"https:\/\/api.w.org\/{rel}","templated":true}]}}