{"id":322,"date":"2020-11-13T09:49:56","date_gmt":"2020-11-13T14:49:56","guid":{"rendered":"https:\/\/tictelecom.ca\/produits\/levier-electronique-ehs40-pour-telephone-yealink\/"},"modified":"2020-11-13T11:59:18","modified_gmt":"2020-11-13T16:59:18","slug":"ehs40-yealink-electronic-usb-lifter","status":"publish","type":"product","link":"https:\/\/tictelecom.ca\/en\/products\/ehs40-yealink-electronic-usb-lifter\/","title":{"rendered":"EHS40 Yealink electronic USB lifter"},"content":{"rendered":"<p>EHS40 EHS (Electronic Hook Switch) USB adapter for specific Jabra, Plantronics &amp; Sennheiser wireless headsets and VP59, T58A, T57W, T54W, T53W, T53, T48S, T46S, T42S, T41 telephone<\/p>\n","protected":false},"excerpt":{"rendered":"<p>EHS40 EHS (Electronic Hook Switch) USB adapter for specific Jabra, Plantronics &amp; Sennheiser wireless headsets and VP59, T58A, T57W, T54W, T53W, T53, T48S, T46S, T42S, T41 telephone<\/p>\n","protected":false},"featured_media":237,"template":"","meta":{"_acf_changed":false},"product_brand":[],"product_cat":[28],"product_tag":[],"class_list":{"0":"post-322","1":"product","2":"type-product","3":"status-publish","4":"has-post-thumbnail","6":"product_cat-accessories","8":"first","9":"instock","10":"taxable","11":"shipping-taxable","12":"purchasable","13":"product-type-simple"},"acf":[],"yoast_head":"<!-- This site is optimized with the Yoast SEO plugin v23.6 - https:\/\/yoast.com\/wordpress\/plugins\/seo\/ -->\n<title>EHS40 Yealink electronic USB lifter - TIC t\u00e9l\u00e9phonie industrielle &amp; commerciale inc.<\/title>\n<meta name=\"robots\" content=\"index, follow, max-snippet:-1, max-image-preview:large, max-video-preview:-1\" \/>\n<link rel=\"canonical\" href=\"https:\/\/tictelecom.ca\/en\/products\/ehs40-yealink-electronic-usb-lifter\/\" \/>\n<meta property=\"og:locale\" content=\"en_US\" \/>\n<meta property=\"og:type\" content=\"article\" \/>\n<meta property=\"og:title\" content=\"EHS40 Yealink electronic USB lifter - TIC t\u00e9l\u00e9phonie industrielle &amp; commerciale inc.\" \/>\n<meta property=\"og:description\" content=\"EHS40 EHS (Electronic Hook Switch) USB adapter for specific Jabra, Plantronics &amp; Sennheiser wireless headsets and VP59, T58A, T57W, T54W, T53W, T53, T48S, T46S, T42S, T41 telephone\" \/>\n<meta property=\"og:url\" content=\"https:\/\/tictelecom.ca\/en\/products\/ehs40-yealink-electronic-usb-lifter\/\" \/>\n<meta property=\"og:site_name\" content=\"TIC t\u00e9l\u00e9phonie industrielle &amp; commerciale inc.\" \/>\n<meta property=\"article:modified_time\" content=\"2020-11-13T16:59:18+00:00\" \/>\n<meta property=\"og:image\" content=\"https:\/\/tictelecom.ca\/wp-content\/uploads\/2020\/11\/photo_56.jpg\" \/>\n\t<meta property=\"og:image:width\" content=\"499\" \/>\n\t<meta property=\"og:image:height\" content=\"323\" \/>\n\t<meta property=\"og:image:type\" content=\"image\/jpeg\" \/>\n<meta name=\"twitter:card\" content=\"summary_large_image\" \/>\n<script type=\"application\/ld+json\" class=\"yoast-schema-graph\">{\"@context\":\"https:\/\/schema.org\",\"@graph\":[{\"@type\":\"WebPage\",\"@id\":\"https:\/\/tictelecom.ca\/en\/products\/ehs40-yealink-electronic-usb-lifter\/\",\"url\":\"https:\/\/tictelecom.ca\/en\/products\/ehs40-yealink-electronic-usb-lifter\/\",\"name\":\"EHS40 Yealink electronic USB lifter - TIC t\u00e9l\u00e9phonie industrielle &amp; commerciale inc.\",\"isPartOf\":{\"@id\":\"https:\/\/tictelecom.ca\/#website\"},\"primaryImageOfPage\":{\"@id\":\"https:\/\/tictelecom.ca\/en\/products\/ehs40-yealink-electronic-usb-lifter\/#primaryimage\"},\"image\":{\"@id\":\"https:\/\/tictelecom.ca\/en\/products\/ehs40-yealink-electronic-usb-lifter\/#primaryimage\"},\"thumbnailUrl\":\"https:\/\/tictelecom.ca\/wp-content\/uploads\/2020\/11\/photo_56.jpg\",\"datePublished\":\"2020-11-13T14:49:56+00:00\",\"dateModified\":\"2020-11-13T16:59:18+00:00\",\"breadcrumb\":{\"@id\":\"https:\/\/tictelecom.ca\/en\/products\/ehs40-yealink-electronic-usb-lifter\/#breadcrumb\"},\"inLanguage\":\"en-US\",\"potentialAction\":[{\"@type\":\"ReadAction\",\"target\":[\"https:\/\/tictelecom.ca\/en\/products\/ehs40-yealink-electronic-usb-lifter\/\"]}]},{\"@type\":\"ImageObject\",\"inLanguage\":\"en-US\",\"@id\":\"https:\/\/tictelecom.ca\/en\/products\/ehs40-yealink-electronic-usb-lifter\/#primaryimage\",\"url\":\"https:\/\/tictelecom.ca\/wp-content\/uploads\/2020\/11\/photo_56.jpg\",\"contentUrl\":\"https:\/\/tictelecom.ca\/wp-content\/uploads\/2020\/11\/photo_56.jpg\",\"width\":499,\"height\":323},{\"@type\":\"BreadcrumbList\",\"@id\":\"https:\/\/tictelecom.ca\/en\/products\/ehs40-yealink-electronic-usb-lifter\/#breadcrumb\",\"itemListElement\":[{\"@type\":\"ListItem\",\"position\":1,\"name\":\"Accueil\",\"item\":\"https:\/\/tictelecom.ca\/en\/\"},{\"@type\":\"ListItem\",\"position\":2,\"name\":\"Produits\",\"item\":\"https:\/\/tictelecom.ca\/produits\/\"},{\"@type\":\"ListItem\",\"position\":3,\"name\":\"EHS40 Yealink electronic USB lifter\"}]},{\"@type\":\"WebSite\",\"@id\":\"https:\/\/tictelecom.ca\/#website\",\"url\":\"https:\/\/tictelecom.ca\/\",\"name\":\"TIC t\u00e9l\u00e9phonie industrielle &amp; commerciale inc.\",\"description\":\"T\u00e9l\u00e9phonie VoIP TIC T\u00e9l\u00e9com\",\"potentialAction\":[{\"@type\":\"SearchAction\",\"target\":{\"@type\":\"EntryPoint\",\"urlTemplate\":\"https:\/\/tictelecom.ca\/?s={search_term_string}\"},\"query-input\":{\"@type\":\"PropertyValueSpecification\",\"valueRequired\":true,\"valueName\":\"search_term_string\"}}],\"inLanguage\":\"en-US\"}]}<\/script>\n<!-- \/ Yoast SEO plugin. -->","yoast_head_json":{"title":"EHS40 Yealink electronic USB lifter - TIC t\u00e9l\u00e9phonie industrielle &amp; commerciale inc.","robots":{"index":"index","follow":"follow","max-snippet":"max-snippet:-1","max-image-preview":"max-image-preview:large","max-video-preview":"max-video-preview:-1"},"canonical":"https:\/\/tictelecom.ca\/en\/products\/ehs40-yealink-electronic-usb-lifter\/","og_locale":"en_US","og_type":"article","og_title":"EHS40 Yealink electronic USB lifter - TIC t\u00e9l\u00e9phonie industrielle &amp; commerciale inc.","og_description":"EHS40 EHS (Electronic Hook Switch) USB adapter for specific Jabra, Plantronics &amp; Sennheiser wireless headsets and VP59, T58A, T57W, T54W, T53W, T53, T48S, T46S, T42S, T41 telephone","og_url":"https:\/\/tictelecom.ca\/en\/products\/ehs40-yealink-electronic-usb-lifter\/","og_site_name":"TIC t\u00e9l\u00e9phonie industrielle &amp; commerciale inc.","article_modified_time":"2020-11-13T16:59:18+00:00","og_image":[{"width":499,"height":323,"url":"https:\/\/tictelecom.ca\/wp-content\/uploads\/2020\/11\/photo_56.jpg","type":"image\/jpeg"}],"twitter_card":"summary_large_image","schema":{"@context":"https:\/\/schema.org","@graph":[{"@type":"WebPage","@id":"https:\/\/tictelecom.ca\/en\/products\/ehs40-yealink-electronic-usb-lifter\/","url":"https:\/\/tictelecom.ca\/en\/products\/ehs40-yealink-electronic-usb-lifter\/","name":"EHS40 Yealink electronic USB lifter - TIC t\u00e9l\u00e9phonie industrielle &amp; commerciale inc.","isPartOf":{"@id":"https:\/\/tictelecom.ca\/#website"},"primaryImageOfPage":{"@id":"https:\/\/tictelecom.ca\/en\/products\/ehs40-yealink-electronic-usb-lifter\/#primaryimage"},"image":{"@id":"https:\/\/tictelecom.ca\/en\/products\/ehs40-yealink-electronic-usb-lifter\/#primaryimage"},"thumbnailUrl":"https:\/\/tictelecom.ca\/wp-content\/uploads\/2020\/11\/photo_56.jpg","datePublished":"2020-11-13T14:49:56+00:00","dateModified":"2020-11-13T16:59:18+00:00","breadcrumb":{"@id":"https:\/\/tictelecom.ca\/en\/products\/ehs40-yealink-electronic-usb-lifter\/#breadcrumb"},"inLanguage":"en-US","potentialAction":[{"@type":"ReadAction","target":["https:\/\/tictelecom.ca\/en\/products\/ehs40-yealink-electronic-usb-lifter\/"]}]},{"@type":"ImageObject","inLanguage":"en-US","@id":"https:\/\/tictelecom.ca\/en\/products\/ehs40-yealink-electronic-usb-lifter\/#primaryimage","url":"https:\/\/tictelecom.ca\/wp-content\/uploads\/2020\/11\/photo_56.jpg","contentUrl":"https:\/\/tictelecom.ca\/wp-content\/uploads\/2020\/11\/photo_56.jpg","width":499,"height":323},{"@type":"BreadcrumbList","@id":"https:\/\/tictelecom.ca\/en\/products\/ehs40-yealink-electronic-usb-lifter\/#breadcrumb","itemListElement":[{"@type":"ListItem","position":1,"name":"Accueil","item":"https:\/\/tictelecom.ca\/en\/"},{"@type":"ListItem","position":2,"name":"Produits","item":"https:\/\/tictelecom.ca\/produits\/"},{"@type":"ListItem","position":3,"name":"EHS40 Yealink electronic USB lifter"}]},{"@type":"WebSite","@id":"https:\/\/tictelecom.ca\/#website","url":"https:\/\/tictelecom.ca\/","name":"TIC t\u00e9l\u00e9phonie industrielle &amp; commerciale inc.","description":"T\u00e9l\u00e9phonie VoIP TIC T\u00e9l\u00e9com","potentialAction":[{"@type":"SearchAction","target":{"@type":"EntryPoint","urlTemplate":"https:\/\/tictelecom.ca\/?s={search_term_string}"},"query-input":{"@type":"PropertyValueSpecification","valueRequired":true,"valueName":"search_term_string"}}],"inLanguage":"en-US"}]}},"_links":{"self":[{"href":"https:\/\/tictelecom.ca\/en\/wp-json\/wp\/v2\/product\/322","targetHints":{"allow":["GET"]}}],"collection":[{"href":"https:\/\/tictelecom.ca\/en\/wp-json\/wp\/v2\/product"}],"about":[{"href":"https:\/\/tictelecom.ca\/en\/wp-json\/wp\/v2\/types\/product"}],"wp:featuredmedia":[{"embeddable":true,"href":"https:\/\/tictelecom.ca\/en\/wp-json\/wp\/v2\/media\/237"}],"wp:attachment":[{"href":"https:\/\/tictelecom.ca\/en\/wp-json\/wp\/v2\/media?parent=322"}],"wp:term":[{"taxonomy":"product_brand","embeddable":true,"href":"https:\/\/tictelecom.ca\/en\/wp-json\/wp\/v2\/product_brand?post=322"},{"taxonomy":"product_cat","embeddable":true,"href":"https:\/\/tictelecom.ca\/en\/wp-json\/wp\/v2\/product_cat?post=322"},{"taxonomy":"product_tag","embeddable":true,"href":"https:\/\/tictelecom.ca\/en\/wp-json\/wp\/v2\/product_tag?post=322"}],"curies":[{"name":"wp","href":"https:\/\/api.w.org\/{rel}","templated":true}]}}