{"id":473,"date":"2022-01-03T14:43:38","date_gmt":"2022-01-03T19:43:38","guid":{"rendered":"https:\/\/tictelecom.ca\/produits\/plantronics-poly-voyager-focus-2-binaural\/"},"modified":"2022-01-03T14:44:51","modified_gmt":"2022-01-03T19:44:51","slug":"plantronics-poly-voyager-focus-2-binaural","status":"publish","type":"product","link":"https:\/\/tictelecom.ca\/en\/products\/plantronics-poly-voyager-focus-2-binaural\/","title":{"rendered":"Plantronics Poly Voyager Focus 2 Binaural"},"content":{"rendered":"<p>Poly Voyager Focus 2 Headset &#8211; Stereo &#8211; USB Type A &#8211; Wired\/Wireless &#8211; Bluetooth &#8211; 164 ft &#8211; 20 Hz &#8211; 20 kHz &#8211; On-ear &#8211; Binaural &#8211; Ear-cup &#8211; MEMS Technology, Noise Cancelling, Electret, Condenser Microphone &#8211; Noise Canceling &#8211; Black<\/p>\n<p>VOYAGER FOCUS 2<\/p>\n<p>We couldn&#8217;t build a wall around you to block out background noise, so we did the next best thing: created a &#8220;focus zone&#8221; with the new Voyager Focus 2 headset. All you hear is your call with three levels of hybrid active noise canceling (ANC). All they hear is you with our pro-grade microphones using Poly Acoustic Fence technology. And while you&#8217;re thinking about your call, it&#8217;s thinking for you, alerting you so you never again have to say, &#8220;Oops, I forgot I&#8217;m on mute.&#8221; Heck, just put on the headset and it automatically answers the call for you. It&#8217;s all the Poly next-level engineering you expect with the wear-it-all-day comfort you need.<br \/>\n&#8211; Three levels of Advanced Digital Hybrid Active Noise Canceling (ANC).<br \/>\n&#8211; Advanced multiple microphone noise canceling with Acoustic Fence technology in\u00a0 \u00a0 a discreet boom.<br \/>\n&#8211; Stereo sound for calls and media\/music.<br \/>\n&#8211; Dynamic Mute Alert senses and tells you when talking while muted.<\/p>\n","protected":false},"excerpt":{"rendered":"<p>Poly Voyager Focus 2 Headset &#8211; Stereo &#8211; USB Type A &#8211; Wired\/Wireless &#8211; Bluetooth &#8211; 164 ft &#8211; 20 Hz &#8211; 20 kHz &#8211; On-ear &#8211; Binaural &#8211; Ear-cup &#8211; MEMS Technology, Noise Cancelling, Electret, Condenser Microphone &#8211; Noise Canceling &#8211; Black VOYAGER FOCUS 2 We couldn&#8217;t build a wall around you to block [&hellip;]<\/p>\n","protected":false},"featured_media":472,"template":"","meta":{"_acf_changed":false},"product_brand":[],"product_cat":[30],"product_tag":[],"class_list":{"0":"post-473","1":"product","2":"type-product","3":"status-publish","4":"has-post-thumbnail","6":"product_cat-bluetooth-wireless-headset","8":"first","9":"instock","10":"taxable","11":"shipping-taxable","12":"purchasable","13":"product-type-simple"},"acf":[],"yoast_head":"<!-- This site is optimized with the Yoast SEO plugin v23.6 - https:\/\/yoast.com\/wordpress\/plugins\/seo\/ -->\n<title>Plantronics Poly Voyager Focus 2 Binaural - TIC t\u00e9l\u00e9phonie industrielle &amp; commerciale inc.<\/title>\n<meta name=\"robots\" content=\"index, follow, max-snippet:-1, max-image-preview:large, max-video-preview:-1\" \/>\n<link rel=\"canonical\" href=\"https:\/\/tictelecom.ca\/en\/products\/plantronics-poly-voyager-focus-2-binaural\/\" \/>\n<meta property=\"og:locale\" content=\"en_US\" \/>\n<meta property=\"og:type\" content=\"article\" \/>\n<meta property=\"og:title\" content=\"Plantronics Poly Voyager Focus 2 Binaural - TIC t\u00e9l\u00e9phonie industrielle &amp; commerciale inc.\" \/>\n<meta property=\"og:description\" content=\"Poly Voyager Focus 2 Headset &#8211; Stereo &#8211; USB Type A &#8211; Wired\/Wireless &#8211; Bluetooth &#8211; 164 ft &#8211; 20 Hz &#8211; 20 kHz &#8211; On-ear &#8211; Binaural &#8211; Ear-cup &#8211; MEMS Technology, Noise Cancelling, Electret, Condenser Microphone &#8211; Noise Canceling &#8211; Black VOYAGER FOCUS 2 We couldn&#8217;t build a wall around you to block [&hellip;]\" \/>\n<meta property=\"og:url\" content=\"https:\/\/tictelecom.ca\/en\/products\/plantronics-poly-voyager-focus-2-binaural\/\" \/>\n<meta property=\"og:site_name\" content=\"TIC t\u00e9l\u00e9phonie industrielle &amp; commerciale inc.\" \/>\n<meta property=\"article:modified_time\" content=\"2022-01-03T19:44:51+00:00\" \/>\n<meta property=\"og:image\" content=\"https:\/\/tictelecom.ca\/wp-content\/uploads\/2022\/01\/213727-01-1.png\" \/>\n\t<meta property=\"og:image:width\" content=\"495\" \/>\n\t<meta property=\"og:image:height\" content=\"500\" \/>\n\t<meta property=\"og:image:type\" content=\"image\/png\" \/>\n<meta name=\"twitter:card\" content=\"summary_large_image\" \/>\n<meta name=\"twitter:label1\" content=\"Est. reading time\" \/>\n\t<meta name=\"twitter:data1\" content=\"1 minute\" \/>\n<script type=\"application\/ld+json\" class=\"yoast-schema-graph\">{\"@context\":\"https:\/\/schema.org\",\"@graph\":[{\"@type\":\"WebPage\",\"@id\":\"https:\/\/tictelecom.ca\/en\/products\/plantronics-poly-voyager-focus-2-binaural\/\",\"url\":\"https:\/\/tictelecom.ca\/en\/products\/plantronics-poly-voyager-focus-2-binaural\/\",\"name\":\"Plantronics Poly Voyager Focus 2 Binaural - TIC t\u00e9l\u00e9phonie industrielle &amp; commerciale inc.\",\"isPartOf\":{\"@id\":\"https:\/\/tictelecom.ca\/#website\"},\"primaryImageOfPage\":{\"@id\":\"https:\/\/tictelecom.ca\/en\/products\/plantronics-poly-voyager-focus-2-binaural\/#primaryimage\"},\"image\":{\"@id\":\"https:\/\/tictelecom.ca\/en\/products\/plantronics-poly-voyager-focus-2-binaural\/#primaryimage\"},\"thumbnailUrl\":\"https:\/\/tictelecom.ca\/wp-content\/uploads\/2022\/01\/213727-01-1.png\",\"datePublished\":\"2022-01-03T19:43:38+00:00\",\"dateModified\":\"2022-01-03T19:44:51+00:00\",\"breadcrumb\":{\"@id\":\"https:\/\/tictelecom.ca\/en\/products\/plantronics-poly-voyager-focus-2-binaural\/#breadcrumb\"},\"inLanguage\":\"en-US\",\"potentialAction\":[{\"@type\":\"ReadAction\",\"target\":[\"https:\/\/tictelecom.ca\/en\/products\/plantronics-poly-voyager-focus-2-binaural\/\"]}]},{\"@type\":\"ImageObject\",\"inLanguage\":\"en-US\",\"@id\":\"https:\/\/tictelecom.ca\/en\/products\/plantronics-poly-voyager-focus-2-binaural\/#primaryimage\",\"url\":\"https:\/\/tictelecom.ca\/wp-content\/uploads\/2022\/01\/213727-01-1.png\",\"contentUrl\":\"https:\/\/tictelecom.ca\/wp-content\/uploads\/2022\/01\/213727-01-1.png\",\"width\":495,\"height\":500},{\"@type\":\"BreadcrumbList\",\"@id\":\"https:\/\/tictelecom.ca\/en\/products\/plantronics-poly-voyager-focus-2-binaural\/#breadcrumb\",\"itemListElement\":[{\"@type\":\"ListItem\",\"position\":1,\"name\":\"Accueil\",\"item\":\"https:\/\/tictelecom.ca\/en\/\"},{\"@type\":\"ListItem\",\"position\":2,\"name\":\"Produits\",\"item\":\"https:\/\/tictelecom.ca\/produits\/\"},{\"@type\":\"ListItem\",\"position\":3,\"name\":\"Plantronics Poly Voyager Focus 2 Binaural\"}]},{\"@type\":\"WebSite\",\"@id\":\"https:\/\/tictelecom.ca\/#website\",\"url\":\"https:\/\/tictelecom.ca\/\",\"name\":\"TIC t\u00e9l\u00e9phonie industrielle &amp; commerciale inc.\",\"description\":\"T\u00e9l\u00e9phonie VoIP TIC T\u00e9l\u00e9com\",\"potentialAction\":[{\"@type\":\"SearchAction\",\"target\":{\"@type\":\"EntryPoint\",\"urlTemplate\":\"https:\/\/tictelecom.ca\/?s={search_term_string}\"},\"query-input\":{\"@type\":\"PropertyValueSpecification\",\"valueRequired\":true,\"valueName\":\"search_term_string\"}}],\"inLanguage\":\"en-US\"}]}<\/script>\n<!-- \/ Yoast SEO plugin. -->","yoast_head_json":{"title":"Plantronics Poly Voyager Focus 2 Binaural - TIC t\u00e9l\u00e9phonie industrielle &amp; commerciale inc.","robots":{"index":"index","follow":"follow","max-snippet":"max-snippet:-1","max-image-preview":"max-image-preview:large","max-video-preview":"max-video-preview:-1"},"canonical":"https:\/\/tictelecom.ca\/en\/products\/plantronics-poly-voyager-focus-2-binaural\/","og_locale":"en_US","og_type":"article","og_title":"Plantronics Poly Voyager Focus 2 Binaural - TIC t\u00e9l\u00e9phonie industrielle &amp; commerciale inc.","og_description":"Poly Voyager Focus 2 Headset &#8211; Stereo &#8211; USB Type A &#8211; Wired\/Wireless &#8211; Bluetooth &#8211; 164 ft &#8211; 20 Hz &#8211; 20 kHz &#8211; On-ear &#8211; Binaural &#8211; Ear-cup &#8211; MEMS Technology, Noise Cancelling, Electret, Condenser Microphone &#8211; Noise Canceling &#8211; Black VOYAGER FOCUS 2 We couldn&#8217;t build a wall around you to block [&hellip;]","og_url":"https:\/\/tictelecom.ca\/en\/products\/plantronics-poly-voyager-focus-2-binaural\/","og_site_name":"TIC t\u00e9l\u00e9phonie industrielle &amp; commerciale inc.","article_modified_time":"2022-01-03T19:44:51+00:00","og_image":[{"width":495,"height":500,"url":"https:\/\/tictelecom.ca\/wp-content\/uploads\/2022\/01\/213727-01-1.png","type":"image\/png"}],"twitter_card":"summary_large_image","twitter_misc":{"Est. reading time":"1 minute"},"schema":{"@context":"https:\/\/schema.org","@graph":[{"@type":"WebPage","@id":"https:\/\/tictelecom.ca\/en\/products\/plantronics-poly-voyager-focus-2-binaural\/","url":"https:\/\/tictelecom.ca\/en\/products\/plantronics-poly-voyager-focus-2-binaural\/","name":"Plantronics Poly Voyager Focus 2 Binaural - TIC t\u00e9l\u00e9phonie industrielle &amp; commerciale inc.","isPartOf":{"@id":"https:\/\/tictelecom.ca\/#website"},"primaryImageOfPage":{"@id":"https:\/\/tictelecom.ca\/en\/products\/plantronics-poly-voyager-focus-2-binaural\/#primaryimage"},"image":{"@id":"https:\/\/tictelecom.ca\/en\/products\/plantronics-poly-voyager-focus-2-binaural\/#primaryimage"},"thumbnailUrl":"https:\/\/tictelecom.ca\/wp-content\/uploads\/2022\/01\/213727-01-1.png","datePublished":"2022-01-03T19:43:38+00:00","dateModified":"2022-01-03T19:44:51+00:00","breadcrumb":{"@id":"https:\/\/tictelecom.ca\/en\/products\/plantronics-poly-voyager-focus-2-binaural\/#breadcrumb"},"inLanguage":"en-US","potentialAction":[{"@type":"ReadAction","target":["https:\/\/tictelecom.ca\/en\/products\/plantronics-poly-voyager-focus-2-binaural\/"]}]},{"@type":"ImageObject","inLanguage":"en-US","@id":"https:\/\/tictelecom.ca\/en\/products\/plantronics-poly-voyager-focus-2-binaural\/#primaryimage","url":"https:\/\/tictelecom.ca\/wp-content\/uploads\/2022\/01\/213727-01-1.png","contentUrl":"https:\/\/tictelecom.ca\/wp-content\/uploads\/2022\/01\/213727-01-1.png","width":495,"height":500},{"@type":"BreadcrumbList","@id":"https:\/\/tictelecom.ca\/en\/products\/plantronics-poly-voyager-focus-2-binaural\/#breadcrumb","itemListElement":[{"@type":"ListItem","position":1,"name":"Accueil","item":"https:\/\/tictelecom.ca\/en\/"},{"@type":"ListItem","position":2,"name":"Produits","item":"https:\/\/tictelecom.ca\/produits\/"},{"@type":"ListItem","position":3,"name":"Plantronics Poly Voyager Focus 2 Binaural"}]},{"@type":"WebSite","@id":"https:\/\/tictelecom.ca\/#website","url":"https:\/\/tictelecom.ca\/","name":"TIC t\u00e9l\u00e9phonie industrielle &amp; commerciale inc.","description":"T\u00e9l\u00e9phonie VoIP TIC T\u00e9l\u00e9com","potentialAction":[{"@type":"SearchAction","target":{"@type":"EntryPoint","urlTemplate":"https:\/\/tictelecom.ca\/?s={search_term_string}"},"query-input":{"@type":"PropertyValueSpecification","valueRequired":true,"valueName":"search_term_string"}}],"inLanguage":"en-US"}]}},"_links":{"self":[{"href":"https:\/\/tictelecom.ca\/en\/wp-json\/wp\/v2\/product\/473","targetHints":{"allow":["GET"]}}],"collection":[{"href":"https:\/\/tictelecom.ca\/en\/wp-json\/wp\/v2\/product"}],"about":[{"href":"https:\/\/tictelecom.ca\/en\/wp-json\/wp\/v2\/types\/product"}],"wp:featuredmedia":[{"embeddable":true,"href":"https:\/\/tictelecom.ca\/en\/wp-json\/wp\/v2\/media\/472"}],"wp:attachment":[{"href":"https:\/\/tictelecom.ca\/en\/wp-json\/wp\/v2\/media?parent=473"}],"wp:term":[{"taxonomy":"product_brand","embeddable":true,"href":"https:\/\/tictelecom.ca\/en\/wp-json\/wp\/v2\/product_brand?post=473"},{"taxonomy":"product_cat","embeddable":true,"href":"https:\/\/tictelecom.ca\/en\/wp-json\/wp\/v2\/product_cat?post=473"},{"taxonomy":"product_tag","embeddable":true,"href":"https:\/\/tictelecom.ca\/en\/wp-json\/wp\/v2\/product_tag?post=473"}],"curies":[{"name":"wp","href":"https:\/\/api.w.org\/{rel}","templated":true}]}}