{"id":489,"date":"2022-01-13T09:35:11","date_gmt":"2022-01-13T14:35:11","guid":{"rendered":"https:\/\/tictelecom.ca\/produits\/yealink-wh63-teams-dect-and-usb-headset\/"},"modified":"2022-01-13T09:37:15","modified_gmt":"2022-01-13T14:37:15","slug":"yealink-wh63-teams-dect-and-usb-headset","status":"publish","type":"product","link":"https:\/\/tictelecom.ca\/en\/products\/yealink-wh63-teams-dect-and-usb-headset\/","title":{"rendered":"Yealink WH63 Teams DECT and USB Headset"},"content":{"rendered":"<p>The Yealink WH63 is a new entry-level convertible DECT wireless headset. Work seamlessly with major UC platforms and<br \/>\nintegrate natively with Yealink IP Phones. For crystal sound experience, Yealink Super Wideband HD Audio Technology<br \/>\nand Acoustic Shield Technology make you talk and hear clearly during phone calls and video conferencing. Easily fingertouch control, 19g lightweight design, interruption free, WH63 is a nice convertible headset for work.<\/p>\n<ul>\n<li>Acoustic Shield Technology<\/li>\n<li>Optima Audio Experience<\/li>\n<li>Four Wearing Options<\/li>\n<li>Multiple Devices Connection<\/li>\n<li>Customizable Busylight<\/li>\n<li>Easy Management<\/li>\n<li>Built-in Ringer<\/li>\n<li>Plug and Play<\/li>\n<\/ul>\n","protected":false},"excerpt":{"rendered":"<p>The Yealink WH63 is a new entry-level convertible DECT wireless headset. Work seamlessly with major UC platforms and integrate natively with Yealink IP Phones. For crystal sound experience, Yealink Super Wideband HD Audio Technology and Acoustic Shield Technology make you talk and hear clearly during phone calls and video conferencing. Easily fingertouch control, 19g lightweight [&hellip;]<\/p>\n","protected":false},"featured_media":486,"template":"","meta":{"_acf_changed":false},"product_brand":[],"product_cat":[31],"product_tag":[],"class_list":{"0":"post-489","1":"product","2":"type-product","3":"status-publish","4":"has-post-thumbnail","6":"product_cat-dect-wireless-headset","8":"first","9":"instock","10":"taxable","11":"shipping-taxable","12":"purchasable","13":"product-type-simple"},"acf":[],"yoast_head":"<!-- This site is optimized with the Yoast SEO plugin v23.6 - https:\/\/yoast.com\/wordpress\/plugins\/seo\/ -->\n<title>Yealink WH63 Teams DECT and USB Headset - TIC t\u00e9l\u00e9phonie industrielle &amp; commerciale inc.<\/title>\n<meta name=\"robots\" content=\"index, follow, max-snippet:-1, max-image-preview:large, max-video-preview:-1\" \/>\n<link rel=\"canonical\" href=\"https:\/\/tictelecom.ca\/en\/products\/yealink-wh63-teams-dect-and-usb-headset\/\" \/>\n<meta property=\"og:locale\" content=\"en_US\" \/>\n<meta property=\"og:type\" content=\"article\" \/>\n<meta property=\"og:title\" content=\"Yealink WH63 Teams DECT and USB Headset - TIC t\u00e9l\u00e9phonie industrielle &amp; commerciale inc.\" \/>\n<meta property=\"og:description\" content=\"The Yealink WH63 is a new entry-level convertible DECT wireless headset. Work seamlessly with major UC platforms and integrate natively with Yealink IP Phones. For crystal sound experience, Yealink Super Wideband HD Audio Technology and Acoustic Shield Technology make you talk and hear clearly during phone calls and video conferencing. Easily fingertouch control, 19g lightweight [&hellip;]\" \/>\n<meta property=\"og:url\" content=\"https:\/\/tictelecom.ca\/en\/products\/yealink-wh63-teams-dect-and-usb-headset\/\" \/>\n<meta property=\"og:site_name\" content=\"TIC t\u00e9l\u00e9phonie industrielle &amp; commerciale inc.\" \/>\n<meta property=\"article:modified_time\" content=\"2022-01-13T14:37:15+00:00\" \/>\n<meta property=\"og:image\" content=\"https:\/\/tictelecom.ca\/wp-content\/uploads\/2022\/01\/wh63_2.jpg\" \/>\n\t<meta property=\"og:image:width\" content=\"457\" \/>\n\t<meta property=\"og:image:height\" content=\"500\" \/>\n\t<meta property=\"og:image:type\" content=\"image\/jpeg\" \/>\n<meta name=\"twitter:card\" content=\"summary_large_image\" \/>\n<script type=\"application\/ld+json\" class=\"yoast-schema-graph\">{\"@context\":\"https:\/\/schema.org\",\"@graph\":[{\"@type\":\"WebPage\",\"@id\":\"https:\/\/tictelecom.ca\/en\/products\/yealink-wh63-teams-dect-and-usb-headset\/\",\"url\":\"https:\/\/tictelecom.ca\/en\/products\/yealink-wh63-teams-dect-and-usb-headset\/\",\"name\":\"Yealink WH63 Teams DECT and USB Headset - TIC t\u00e9l\u00e9phonie industrielle &amp; commerciale inc.\",\"isPartOf\":{\"@id\":\"https:\/\/tictelecom.ca\/#website\"},\"primaryImageOfPage\":{\"@id\":\"https:\/\/tictelecom.ca\/en\/products\/yealink-wh63-teams-dect-and-usb-headset\/#primaryimage\"},\"image\":{\"@id\":\"https:\/\/tictelecom.ca\/en\/products\/yealink-wh63-teams-dect-and-usb-headset\/#primaryimage\"},\"thumbnailUrl\":\"https:\/\/tictelecom.ca\/wp-content\/uploads\/2022\/01\/wh63_2.jpg\",\"datePublished\":\"2022-01-13T14:35:11+00:00\",\"dateModified\":\"2022-01-13T14:37:15+00:00\",\"breadcrumb\":{\"@id\":\"https:\/\/tictelecom.ca\/en\/products\/yealink-wh63-teams-dect-and-usb-headset\/#breadcrumb\"},\"inLanguage\":\"en-US\",\"potentialAction\":[{\"@type\":\"ReadAction\",\"target\":[\"https:\/\/tictelecom.ca\/en\/products\/yealink-wh63-teams-dect-and-usb-headset\/\"]}]},{\"@type\":\"ImageObject\",\"inLanguage\":\"en-US\",\"@id\":\"https:\/\/tictelecom.ca\/en\/products\/yealink-wh63-teams-dect-and-usb-headset\/#primaryimage\",\"url\":\"https:\/\/tictelecom.ca\/wp-content\/uploads\/2022\/01\/wh63_2.jpg\",\"contentUrl\":\"https:\/\/tictelecom.ca\/wp-content\/uploads\/2022\/01\/wh63_2.jpg\",\"width\":457,\"height\":500},{\"@type\":\"BreadcrumbList\",\"@id\":\"https:\/\/tictelecom.ca\/en\/products\/yealink-wh63-teams-dect-and-usb-headset\/#breadcrumb\",\"itemListElement\":[{\"@type\":\"ListItem\",\"position\":1,\"name\":\"Accueil\",\"item\":\"https:\/\/tictelecom.ca\/en\/\"},{\"@type\":\"ListItem\",\"position\":2,\"name\":\"Produits\",\"item\":\"https:\/\/tictelecom.ca\/produits\/\"},{\"@type\":\"ListItem\",\"position\":3,\"name\":\"Yealink WH63 Teams DECT and USB Headset\"}]},{\"@type\":\"WebSite\",\"@id\":\"https:\/\/tictelecom.ca\/#website\",\"url\":\"https:\/\/tictelecom.ca\/\",\"name\":\"TIC t\u00e9l\u00e9phonie industrielle &amp; commerciale inc.\",\"description\":\"T\u00e9l\u00e9phonie VoIP TIC T\u00e9l\u00e9com\",\"potentialAction\":[{\"@type\":\"SearchAction\",\"target\":{\"@type\":\"EntryPoint\",\"urlTemplate\":\"https:\/\/tictelecom.ca\/?s={search_term_string}\"},\"query-input\":{\"@type\":\"PropertyValueSpecification\",\"valueRequired\":true,\"valueName\":\"search_term_string\"}}],\"inLanguage\":\"en-US\"}]}<\/script>\n<!-- \/ Yoast SEO plugin. -->","yoast_head_json":{"title":"Yealink WH63 Teams DECT and USB Headset - TIC t\u00e9l\u00e9phonie industrielle &amp; commerciale inc.","robots":{"index":"index","follow":"follow","max-snippet":"max-snippet:-1","max-image-preview":"max-image-preview:large","max-video-preview":"max-video-preview:-1"},"canonical":"https:\/\/tictelecom.ca\/en\/products\/yealink-wh63-teams-dect-and-usb-headset\/","og_locale":"en_US","og_type":"article","og_title":"Yealink WH63 Teams DECT and USB Headset - TIC t\u00e9l\u00e9phonie industrielle &amp; commerciale inc.","og_description":"The Yealink WH63 is a new entry-level convertible DECT wireless headset. Work seamlessly with major UC platforms and integrate natively with Yealink IP Phones. For crystal sound experience, Yealink Super Wideband HD Audio Technology and Acoustic Shield Technology make you talk and hear clearly during phone calls and video conferencing. Easily fingertouch control, 19g lightweight [&hellip;]","og_url":"https:\/\/tictelecom.ca\/en\/products\/yealink-wh63-teams-dect-and-usb-headset\/","og_site_name":"TIC t\u00e9l\u00e9phonie industrielle &amp; commerciale inc.","article_modified_time":"2022-01-13T14:37:15+00:00","og_image":[{"width":457,"height":500,"url":"https:\/\/tictelecom.ca\/wp-content\/uploads\/2022\/01\/wh63_2.jpg","type":"image\/jpeg"}],"twitter_card":"summary_large_image","schema":{"@context":"https:\/\/schema.org","@graph":[{"@type":"WebPage","@id":"https:\/\/tictelecom.ca\/en\/products\/yealink-wh63-teams-dect-and-usb-headset\/","url":"https:\/\/tictelecom.ca\/en\/products\/yealink-wh63-teams-dect-and-usb-headset\/","name":"Yealink WH63 Teams DECT and USB Headset - TIC t\u00e9l\u00e9phonie industrielle &amp; commerciale inc.","isPartOf":{"@id":"https:\/\/tictelecom.ca\/#website"},"primaryImageOfPage":{"@id":"https:\/\/tictelecom.ca\/en\/products\/yealink-wh63-teams-dect-and-usb-headset\/#primaryimage"},"image":{"@id":"https:\/\/tictelecom.ca\/en\/products\/yealink-wh63-teams-dect-and-usb-headset\/#primaryimage"},"thumbnailUrl":"https:\/\/tictelecom.ca\/wp-content\/uploads\/2022\/01\/wh63_2.jpg","datePublished":"2022-01-13T14:35:11+00:00","dateModified":"2022-01-13T14:37:15+00:00","breadcrumb":{"@id":"https:\/\/tictelecom.ca\/en\/products\/yealink-wh63-teams-dect-and-usb-headset\/#breadcrumb"},"inLanguage":"en-US","potentialAction":[{"@type":"ReadAction","target":["https:\/\/tictelecom.ca\/en\/products\/yealink-wh63-teams-dect-and-usb-headset\/"]}]},{"@type":"ImageObject","inLanguage":"en-US","@id":"https:\/\/tictelecom.ca\/en\/products\/yealink-wh63-teams-dect-and-usb-headset\/#primaryimage","url":"https:\/\/tictelecom.ca\/wp-content\/uploads\/2022\/01\/wh63_2.jpg","contentUrl":"https:\/\/tictelecom.ca\/wp-content\/uploads\/2022\/01\/wh63_2.jpg","width":457,"height":500},{"@type":"BreadcrumbList","@id":"https:\/\/tictelecom.ca\/en\/products\/yealink-wh63-teams-dect-and-usb-headset\/#breadcrumb","itemListElement":[{"@type":"ListItem","position":1,"name":"Accueil","item":"https:\/\/tictelecom.ca\/en\/"},{"@type":"ListItem","position":2,"name":"Produits","item":"https:\/\/tictelecom.ca\/produits\/"},{"@type":"ListItem","position":3,"name":"Yealink WH63 Teams DECT and USB Headset"}]},{"@type":"WebSite","@id":"https:\/\/tictelecom.ca\/#website","url":"https:\/\/tictelecom.ca\/","name":"TIC t\u00e9l\u00e9phonie industrielle &amp; commerciale inc.","description":"T\u00e9l\u00e9phonie VoIP TIC T\u00e9l\u00e9com","potentialAction":[{"@type":"SearchAction","target":{"@type":"EntryPoint","urlTemplate":"https:\/\/tictelecom.ca\/?s={search_term_string}"},"query-input":{"@type":"PropertyValueSpecification","valueRequired":true,"valueName":"search_term_string"}}],"inLanguage":"en-US"}]}},"_links":{"self":[{"href":"https:\/\/tictelecom.ca\/en\/wp-json\/wp\/v2\/product\/489","targetHints":{"allow":["GET"]}}],"collection":[{"href":"https:\/\/tictelecom.ca\/en\/wp-json\/wp\/v2\/product"}],"about":[{"href":"https:\/\/tictelecom.ca\/en\/wp-json\/wp\/v2\/types\/product"}],"wp:featuredmedia":[{"embeddable":true,"href":"https:\/\/tictelecom.ca\/en\/wp-json\/wp\/v2\/media\/486"}],"wp:attachment":[{"href":"https:\/\/tictelecom.ca\/en\/wp-json\/wp\/v2\/media?parent=489"}],"wp:term":[{"taxonomy":"product_brand","embeddable":true,"href":"https:\/\/tictelecom.ca\/en\/wp-json\/wp\/v2\/product_brand?post=489"},{"taxonomy":"product_cat","embeddable":true,"href":"https:\/\/tictelecom.ca\/en\/wp-json\/wp\/v2\/product_cat?post=489"},{"taxonomy":"product_tag","embeddable":true,"href":"https:\/\/tictelecom.ca\/en\/wp-json\/wp\/v2\/product_tag?post=489"}],"curies":[{"name":"wp","href":"https:\/\/api.w.org\/{rel}","templated":true}]}}