{"id":523,"date":"2022-05-17T08:51:39","date_gmt":"2022-05-17T12:51:39","guid":{"rendered":"https:\/\/tictelecom.ca\/produits\/yealink-wh67-teams\/"},"modified":"2022-05-17T08:51:39","modified_gmt":"2022-05-17T12:51:39","slug":"yealink-wh67-teams","status":"publish","type":"product","link":"https:\/\/tictelecom.ca\/en\/products\/yealink-wh67-teams\/","title":{"rendered":"Yealink WH67 Teams"},"content":{"rendered":"<p>Desktop collaboration boosts efficiency a lot especially when Working from Home,<br \/>\nbut it can be also annoyed that the desktop is very messy with multiple device<br \/>\ncables. Take control of your desktop collaboration environment with WH67:<br \/>\n\u2022 Connect all devices you want with built-in Bluetooth and USB port.<br \/>\n\u2022 Expand PC\u2019s connectivity with 2-port USB hub.<br \/>\n\u2022 Control all calls on the 4.0 inch (480 x 800) capacitive touch screen by simply<br \/>\nfinger touch.<br \/>\n\u2022 Function as a hand-free phone, freeing from wearing headset.<br \/>\n\u2022 Charge mobile phone wirelessly and transform it into nice efficient conferencing<br \/>\ndevice. ( Charger is optional )<\/p>\n","protected":false},"excerpt":{"rendered":"<p>Desktop collaboration boosts efficiency a lot especially when Working from Home, but it can be also annoyed that the desktop is very messy with multiple device cables. Take control of your desktop collaboration environment with WH67: \u2022 Connect all devices you want with built-in Bluetooth and USB port. \u2022 Expand PC\u2019s connectivity with 2-port USB [&hellip;]<\/p>\n","protected":false},"featured_media":520,"template":"","meta":{"_acf_changed":false},"product_brand":[],"product_cat":[30,31,29],"product_tag":[],"class_list":{"0":"post-523","1":"product","2":"type-product","3":"status-publish","4":"has-post-thumbnail","6":"product_cat-bluetooth-wireless-headset","7":"product_cat-dect-wireless-headset","8":"product_cat-usb-headset","10":"first","11":"instock","12":"taxable","13":"shipping-taxable","14":"purchasable","15":"product-type-simple"},"acf":[],"yoast_head":"<!-- This site is optimized with the Yoast SEO plugin v23.6 - https:\/\/yoast.com\/wordpress\/plugins\/seo\/ -->\n<title>Yealink WH67 Teams - TIC t\u00e9l\u00e9phonie industrielle &amp; commerciale inc.<\/title>\n<meta name=\"robots\" content=\"index, follow, max-snippet:-1, max-image-preview:large, max-video-preview:-1\" \/>\n<link rel=\"canonical\" href=\"https:\/\/tictelecom.ca\/en\/products\/yealink-wh67-teams\/\" \/>\n<meta property=\"og:locale\" content=\"en_US\" \/>\n<meta property=\"og:type\" content=\"article\" \/>\n<meta property=\"og:title\" content=\"Yealink WH67 Teams - TIC t\u00e9l\u00e9phonie industrielle &amp; commerciale inc.\" \/>\n<meta property=\"og:description\" content=\"Desktop collaboration boosts efficiency a lot especially when Working from Home, but it can be also annoyed that the desktop is very messy with multiple device cables. Take control of your desktop collaboration environment with WH67: \u2022 Connect all devices you want with built-in Bluetooth and USB port. \u2022 Expand PC\u2019s connectivity with 2-port USB [&hellip;]\" \/>\n<meta property=\"og:url\" content=\"https:\/\/tictelecom.ca\/en\/products\/yealink-wh67-teams\/\" \/>\n<meta property=\"og:site_name\" content=\"TIC t\u00e9l\u00e9phonie industrielle &amp; commerciale inc.\" \/>\n<meta property=\"og:image\" content=\"https:\/\/tictelecom.ca\/wp-content\/uploads\/2022\/05\/yealink-wh67-mono.jpg\" \/>\n\t<meta property=\"og:image:width\" content=\"800\" \/>\n\t<meta property=\"og:image:height\" content=\"800\" \/>\n\t<meta property=\"og:image:type\" content=\"image\/jpeg\" \/>\n<meta name=\"twitter:card\" content=\"summary_large_image\" \/>\n<script type=\"application\/ld+json\" class=\"yoast-schema-graph\">{\"@context\":\"https:\/\/schema.org\",\"@graph\":[{\"@type\":\"WebPage\",\"@id\":\"https:\/\/tictelecom.ca\/en\/products\/yealink-wh67-teams\/\",\"url\":\"https:\/\/tictelecom.ca\/en\/products\/yealink-wh67-teams\/\",\"name\":\"Yealink WH67 Teams - TIC t\u00e9l\u00e9phonie industrielle &amp; commerciale inc.\",\"isPartOf\":{\"@id\":\"https:\/\/tictelecom.ca\/#website\"},\"primaryImageOfPage\":{\"@id\":\"https:\/\/tictelecom.ca\/en\/products\/yealink-wh67-teams\/#primaryimage\"},\"image\":{\"@id\":\"https:\/\/tictelecom.ca\/en\/products\/yealink-wh67-teams\/#primaryimage\"},\"thumbnailUrl\":\"https:\/\/tictelecom.ca\/wp-content\/uploads\/2022\/05\/yealink-wh67-mono.jpg\",\"datePublished\":\"2022-05-17T12:51:39+00:00\",\"dateModified\":\"2022-05-17T12:51:39+00:00\",\"breadcrumb\":{\"@id\":\"https:\/\/tictelecom.ca\/en\/products\/yealink-wh67-teams\/#breadcrumb\"},\"inLanguage\":\"en-US\",\"potentialAction\":[{\"@type\":\"ReadAction\",\"target\":[\"https:\/\/tictelecom.ca\/en\/products\/yealink-wh67-teams\/\"]}]},{\"@type\":\"ImageObject\",\"inLanguage\":\"en-US\",\"@id\":\"https:\/\/tictelecom.ca\/en\/products\/yealink-wh67-teams\/#primaryimage\",\"url\":\"https:\/\/tictelecom.ca\/wp-content\/uploads\/2022\/05\/yealink-wh67-mono.jpg\",\"contentUrl\":\"https:\/\/tictelecom.ca\/wp-content\/uploads\/2022\/05\/yealink-wh67-mono.jpg\",\"width\":800,\"height\":800},{\"@type\":\"BreadcrumbList\",\"@id\":\"https:\/\/tictelecom.ca\/en\/products\/yealink-wh67-teams\/#breadcrumb\",\"itemListElement\":[{\"@type\":\"ListItem\",\"position\":1,\"name\":\"Accueil\",\"item\":\"https:\/\/tictelecom.ca\/en\/\"},{\"@type\":\"ListItem\",\"position\":2,\"name\":\"Produits\",\"item\":\"https:\/\/tictelecom.ca\/produits\/\"},{\"@type\":\"ListItem\",\"position\":3,\"name\":\"Yealink WH67 Teams\"}]},{\"@type\":\"WebSite\",\"@id\":\"https:\/\/tictelecom.ca\/#website\",\"url\":\"https:\/\/tictelecom.ca\/\",\"name\":\"TIC t\u00e9l\u00e9phonie industrielle &amp; commerciale inc.\",\"description\":\"T\u00e9l\u00e9phonie VoIP TIC T\u00e9l\u00e9com\",\"potentialAction\":[{\"@type\":\"SearchAction\",\"target\":{\"@type\":\"EntryPoint\",\"urlTemplate\":\"https:\/\/tictelecom.ca\/?s={search_term_string}\"},\"query-input\":{\"@type\":\"PropertyValueSpecification\",\"valueRequired\":true,\"valueName\":\"search_term_string\"}}],\"inLanguage\":\"en-US\"}]}<\/script>\n<!-- \/ Yoast SEO plugin. -->","yoast_head_json":{"title":"Yealink WH67 Teams - TIC t\u00e9l\u00e9phonie industrielle &amp; commerciale inc.","robots":{"index":"index","follow":"follow","max-snippet":"max-snippet:-1","max-image-preview":"max-image-preview:large","max-video-preview":"max-video-preview:-1"},"canonical":"https:\/\/tictelecom.ca\/en\/products\/yealink-wh67-teams\/","og_locale":"en_US","og_type":"article","og_title":"Yealink WH67 Teams - TIC t\u00e9l\u00e9phonie industrielle &amp; commerciale inc.","og_description":"Desktop collaboration boosts efficiency a lot especially when Working from Home, but it can be also annoyed that the desktop is very messy with multiple device cables. Take control of your desktop collaboration environment with WH67: \u2022 Connect all devices you want with built-in Bluetooth and USB port. \u2022 Expand PC\u2019s connectivity with 2-port USB [&hellip;]","og_url":"https:\/\/tictelecom.ca\/en\/products\/yealink-wh67-teams\/","og_site_name":"TIC t\u00e9l\u00e9phonie industrielle &amp; commerciale inc.","og_image":[{"width":800,"height":800,"url":"https:\/\/tictelecom.ca\/wp-content\/uploads\/2022\/05\/yealink-wh67-mono.jpg","type":"image\/jpeg"}],"twitter_card":"summary_large_image","schema":{"@context":"https:\/\/schema.org","@graph":[{"@type":"WebPage","@id":"https:\/\/tictelecom.ca\/en\/products\/yealink-wh67-teams\/","url":"https:\/\/tictelecom.ca\/en\/products\/yealink-wh67-teams\/","name":"Yealink WH67 Teams - TIC t\u00e9l\u00e9phonie industrielle &amp; commerciale inc.","isPartOf":{"@id":"https:\/\/tictelecom.ca\/#website"},"primaryImageOfPage":{"@id":"https:\/\/tictelecom.ca\/en\/products\/yealink-wh67-teams\/#primaryimage"},"image":{"@id":"https:\/\/tictelecom.ca\/en\/products\/yealink-wh67-teams\/#primaryimage"},"thumbnailUrl":"https:\/\/tictelecom.ca\/wp-content\/uploads\/2022\/05\/yealink-wh67-mono.jpg","datePublished":"2022-05-17T12:51:39+00:00","dateModified":"2022-05-17T12:51:39+00:00","breadcrumb":{"@id":"https:\/\/tictelecom.ca\/en\/products\/yealink-wh67-teams\/#breadcrumb"},"inLanguage":"en-US","potentialAction":[{"@type":"ReadAction","target":["https:\/\/tictelecom.ca\/en\/products\/yealink-wh67-teams\/"]}]},{"@type":"ImageObject","inLanguage":"en-US","@id":"https:\/\/tictelecom.ca\/en\/products\/yealink-wh67-teams\/#primaryimage","url":"https:\/\/tictelecom.ca\/wp-content\/uploads\/2022\/05\/yealink-wh67-mono.jpg","contentUrl":"https:\/\/tictelecom.ca\/wp-content\/uploads\/2022\/05\/yealink-wh67-mono.jpg","width":800,"height":800},{"@type":"BreadcrumbList","@id":"https:\/\/tictelecom.ca\/en\/products\/yealink-wh67-teams\/#breadcrumb","itemListElement":[{"@type":"ListItem","position":1,"name":"Accueil","item":"https:\/\/tictelecom.ca\/en\/"},{"@type":"ListItem","position":2,"name":"Produits","item":"https:\/\/tictelecom.ca\/produits\/"},{"@type":"ListItem","position":3,"name":"Yealink WH67 Teams"}]},{"@type":"WebSite","@id":"https:\/\/tictelecom.ca\/#website","url":"https:\/\/tictelecom.ca\/","name":"TIC t\u00e9l\u00e9phonie industrielle &amp; commerciale inc.","description":"T\u00e9l\u00e9phonie VoIP TIC T\u00e9l\u00e9com","potentialAction":[{"@type":"SearchAction","target":{"@type":"EntryPoint","urlTemplate":"https:\/\/tictelecom.ca\/?s={search_term_string}"},"query-input":{"@type":"PropertyValueSpecification","valueRequired":true,"valueName":"search_term_string"}}],"inLanguage":"en-US"}]}},"_links":{"self":[{"href":"https:\/\/tictelecom.ca\/en\/wp-json\/wp\/v2\/product\/523","targetHints":{"allow":["GET"]}}],"collection":[{"href":"https:\/\/tictelecom.ca\/en\/wp-json\/wp\/v2\/product"}],"about":[{"href":"https:\/\/tictelecom.ca\/en\/wp-json\/wp\/v2\/types\/product"}],"wp:featuredmedia":[{"embeddable":true,"href":"https:\/\/tictelecom.ca\/en\/wp-json\/wp\/v2\/media\/520"}],"wp:attachment":[{"href":"https:\/\/tictelecom.ca\/en\/wp-json\/wp\/v2\/media?parent=523"}],"wp:term":[{"taxonomy":"product_brand","embeddable":true,"href":"https:\/\/tictelecom.ca\/en\/wp-json\/wp\/v2\/product_brand?post=523"},{"taxonomy":"product_cat","embeddable":true,"href":"https:\/\/tictelecom.ca\/en\/wp-json\/wp\/v2\/product_cat?post=523"},{"taxonomy":"product_tag","embeddable":true,"href":"https:\/\/tictelecom.ca\/en\/wp-json\/wp\/v2\/product_tag?post=523"}],"curies":[{"name":"wp","href":"https:\/\/api.w.org\/{rel}","templated":true}]}}