{"id":593,"date":"2023-11-16T14:18:02","date_gmt":"2023-11-16T19:18:02","guid":{"rendered":"https:\/\/tictelecom.ca\/produits\/telephone-ip-dect-yealink-w73h\/"},"modified":"2023-11-16T14:27:00","modified_gmt":"2023-11-16T19:27:00","slug":"telephone-ip-dect-yealink-w73h","status":"publish","type":"product","link":"https:\/\/tictelecom.ca\/en\/products\/telephone-ip-dect-yealink-w73h\/","title":{"rendered":"Yealink Wireless Dect IP Phone W73H"},"content":{"rendered":"<p>W73H, SIP DECT handset, 1.8 inch colour TFT LCD, HD audio, 3.5mm headset jack, Li-ion battery, requires W60B \/ W70B \/ W73P \/ W76P \/ W80B \/ W90B.<\/p>\n","protected":false},"excerpt":{"rendered":"<p>W73H, SIP DECT handset, 1.8 inch colour TFT LCD, HD audio, 3.5mm headset jack, Li-ion battery, requires W60B \/ W70B \/ W73P \/ W76P \/ W80B \/ W90B.<\/p>\n","protected":false},"featured_media":591,"template":"","meta":{"_acf_changed":false},"product_brand":[],"product_cat":[34],"product_tag":[],"class_list":{"0":"post-593","1":"product","2":"type-product","3":"status-publish","4":"has-post-thumbnail","6":"product_cat-wireless-phone","8":"first","9":"outofstock","10":"taxable","11":"shipping-taxable","12":"purchasable","13":"product-type-simple"},"acf":[],"yoast_head":"<!-- This site is optimized with the Yoast SEO plugin v23.6 - https:\/\/yoast.com\/wordpress\/plugins\/seo\/ -->\n<title>Yealink Wireless Dect IP Phone W73H - TIC t\u00e9l\u00e9phonie industrielle &amp; commerciale inc.<\/title>\n<meta name=\"robots\" content=\"index, follow, max-snippet:-1, max-image-preview:large, max-video-preview:-1\" \/>\n<link rel=\"canonical\" href=\"https:\/\/tictelecom.ca\/en\/products\/telephone-ip-dect-yealink-w73h\/\" \/>\n<meta property=\"og:locale\" content=\"en_US\" \/>\n<meta property=\"og:type\" content=\"article\" \/>\n<meta property=\"og:title\" content=\"Yealink Wireless Dect IP Phone W73H - TIC t\u00e9l\u00e9phonie industrielle &amp; commerciale inc.\" \/>\n<meta property=\"og:description\" content=\"W73H, SIP DECT handset, 1.8 inch colour TFT LCD, HD audio, 3.5mm headset jack, Li-ion battery, requires W60B \/ W70B \/ W73P \/ W76P \/ W80B \/ W90B.\" \/>\n<meta property=\"og:url\" content=\"https:\/\/tictelecom.ca\/en\/products\/telephone-ip-dect-yealink-w73h\/\" \/>\n<meta property=\"og:site_name\" content=\"TIC t\u00e9l\u00e9phonie industrielle &amp; commerciale inc.\" \/>\n<meta property=\"article:modified_time\" content=\"2023-11-16T19:27:00+00:00\" \/>\n<meta property=\"og:image\" content=\"https:\/\/tictelecom.ca\/wp-content\/uploads\/2023\/11\/YKW73H-1024x1024.png\" \/>\n\t<meta property=\"og:image:width\" content=\"1024\" \/>\n\t<meta property=\"og:image:height\" content=\"1024\" \/>\n\t<meta property=\"og:image:type\" content=\"image\/png\" \/>\n<meta name=\"twitter:card\" content=\"summary_large_image\" \/>\n<meta name=\"twitter:label1\" content=\"Est. reading time\" \/>\n\t<meta name=\"twitter:data1\" content=\"1 minute\" \/>\n<script type=\"application\/ld+json\" class=\"yoast-schema-graph\">{\"@context\":\"https:\/\/schema.org\",\"@graph\":[{\"@type\":\"WebPage\",\"@id\":\"https:\/\/tictelecom.ca\/en\/products\/telephone-ip-dect-yealink-w73h\/\",\"url\":\"https:\/\/tictelecom.ca\/en\/products\/telephone-ip-dect-yealink-w73h\/\",\"name\":\"Yealink Wireless Dect IP Phone W73H - TIC t\u00e9l\u00e9phonie industrielle &amp; commerciale inc.\",\"isPartOf\":{\"@id\":\"https:\/\/tictelecom.ca\/#website\"},\"primaryImageOfPage\":{\"@id\":\"https:\/\/tictelecom.ca\/en\/products\/telephone-ip-dect-yealink-w73h\/#primaryimage\"},\"image\":{\"@id\":\"https:\/\/tictelecom.ca\/en\/products\/telephone-ip-dect-yealink-w73h\/#primaryimage\"},\"thumbnailUrl\":\"https:\/\/tictelecom.ca\/wp-content\/uploads\/2023\/11\/YKW73H.png\",\"datePublished\":\"2023-11-16T19:18:02+00:00\",\"dateModified\":\"2023-11-16T19:27:00+00:00\",\"breadcrumb\":{\"@id\":\"https:\/\/tictelecom.ca\/en\/products\/telephone-ip-dect-yealink-w73h\/#breadcrumb\"},\"inLanguage\":\"en-US\",\"potentialAction\":[{\"@type\":\"ReadAction\",\"target\":[\"https:\/\/tictelecom.ca\/en\/products\/telephone-ip-dect-yealink-w73h\/\"]}]},{\"@type\":\"ImageObject\",\"inLanguage\":\"en-US\",\"@id\":\"https:\/\/tictelecom.ca\/en\/products\/telephone-ip-dect-yealink-w73h\/#primaryimage\",\"url\":\"https:\/\/tictelecom.ca\/wp-content\/uploads\/2023\/11\/YKW73H.png\",\"contentUrl\":\"https:\/\/tictelecom.ca\/wp-content\/uploads\/2023\/11\/YKW73H.png\",\"width\":4000,\"height\":4000},{\"@type\":\"BreadcrumbList\",\"@id\":\"https:\/\/tictelecom.ca\/en\/products\/telephone-ip-dect-yealink-w73h\/#breadcrumb\",\"itemListElement\":[{\"@type\":\"ListItem\",\"position\":1,\"name\":\"Accueil\",\"item\":\"https:\/\/tictelecom.ca\/en\/\"},{\"@type\":\"ListItem\",\"position\":2,\"name\":\"Produits\",\"item\":\"https:\/\/tictelecom.ca\/produits\/\"},{\"@type\":\"ListItem\",\"position\":3,\"name\":\"Yealink Wireless Dect IP Phone W73H\"}]},{\"@type\":\"WebSite\",\"@id\":\"https:\/\/tictelecom.ca\/#website\",\"url\":\"https:\/\/tictelecom.ca\/\",\"name\":\"TIC t\u00e9l\u00e9phonie industrielle &amp; commerciale inc.\",\"description\":\"T\u00e9l\u00e9phonie VoIP TIC T\u00e9l\u00e9com\",\"potentialAction\":[{\"@type\":\"SearchAction\",\"target\":{\"@type\":\"EntryPoint\",\"urlTemplate\":\"https:\/\/tictelecom.ca\/?s={search_term_string}\"},\"query-input\":{\"@type\":\"PropertyValueSpecification\",\"valueRequired\":true,\"valueName\":\"search_term_string\"}}],\"inLanguage\":\"en-US\"}]}<\/script>\n<!-- \/ Yoast SEO plugin. -->","yoast_head_json":{"title":"Yealink Wireless Dect IP Phone W73H - TIC t\u00e9l\u00e9phonie industrielle &amp; commerciale inc.","robots":{"index":"index","follow":"follow","max-snippet":"max-snippet:-1","max-image-preview":"max-image-preview:large","max-video-preview":"max-video-preview:-1"},"canonical":"https:\/\/tictelecom.ca\/en\/products\/telephone-ip-dect-yealink-w73h\/","og_locale":"en_US","og_type":"article","og_title":"Yealink Wireless Dect IP Phone W73H - TIC t\u00e9l\u00e9phonie industrielle &amp; commerciale inc.","og_description":"W73H, SIP DECT handset, 1.8 inch colour TFT LCD, HD audio, 3.5mm headset jack, Li-ion battery, requires W60B \/ W70B \/ W73P \/ W76P \/ W80B \/ W90B.","og_url":"https:\/\/tictelecom.ca\/en\/products\/telephone-ip-dect-yealink-w73h\/","og_site_name":"TIC t\u00e9l\u00e9phonie industrielle &amp; commerciale inc.","article_modified_time":"2023-11-16T19:27:00+00:00","og_image":[{"width":1024,"height":1024,"url":"https:\/\/tictelecom.ca\/wp-content\/uploads\/2023\/11\/YKW73H-1024x1024.png","type":"image\/png"}],"twitter_card":"summary_large_image","twitter_misc":{"Est. reading time":"1 minute"},"schema":{"@context":"https:\/\/schema.org","@graph":[{"@type":"WebPage","@id":"https:\/\/tictelecom.ca\/en\/products\/telephone-ip-dect-yealink-w73h\/","url":"https:\/\/tictelecom.ca\/en\/products\/telephone-ip-dect-yealink-w73h\/","name":"Yealink Wireless Dect IP Phone W73H - TIC t\u00e9l\u00e9phonie industrielle &amp; commerciale inc.","isPartOf":{"@id":"https:\/\/tictelecom.ca\/#website"},"primaryImageOfPage":{"@id":"https:\/\/tictelecom.ca\/en\/products\/telephone-ip-dect-yealink-w73h\/#primaryimage"},"image":{"@id":"https:\/\/tictelecom.ca\/en\/products\/telephone-ip-dect-yealink-w73h\/#primaryimage"},"thumbnailUrl":"https:\/\/tictelecom.ca\/wp-content\/uploads\/2023\/11\/YKW73H.png","datePublished":"2023-11-16T19:18:02+00:00","dateModified":"2023-11-16T19:27:00+00:00","breadcrumb":{"@id":"https:\/\/tictelecom.ca\/en\/products\/telephone-ip-dect-yealink-w73h\/#breadcrumb"},"inLanguage":"en-US","potentialAction":[{"@type":"ReadAction","target":["https:\/\/tictelecom.ca\/en\/products\/telephone-ip-dect-yealink-w73h\/"]}]},{"@type":"ImageObject","inLanguage":"en-US","@id":"https:\/\/tictelecom.ca\/en\/products\/telephone-ip-dect-yealink-w73h\/#primaryimage","url":"https:\/\/tictelecom.ca\/wp-content\/uploads\/2023\/11\/YKW73H.png","contentUrl":"https:\/\/tictelecom.ca\/wp-content\/uploads\/2023\/11\/YKW73H.png","width":4000,"height":4000},{"@type":"BreadcrumbList","@id":"https:\/\/tictelecom.ca\/en\/products\/telephone-ip-dect-yealink-w73h\/#breadcrumb","itemListElement":[{"@type":"ListItem","position":1,"name":"Accueil","item":"https:\/\/tictelecom.ca\/en\/"},{"@type":"ListItem","position":2,"name":"Produits","item":"https:\/\/tictelecom.ca\/produits\/"},{"@type":"ListItem","position":3,"name":"Yealink Wireless Dect IP Phone W73H"}]},{"@type":"WebSite","@id":"https:\/\/tictelecom.ca\/#website","url":"https:\/\/tictelecom.ca\/","name":"TIC t\u00e9l\u00e9phonie industrielle &amp; commerciale inc.","description":"T\u00e9l\u00e9phonie VoIP TIC T\u00e9l\u00e9com","potentialAction":[{"@type":"SearchAction","target":{"@type":"EntryPoint","urlTemplate":"https:\/\/tictelecom.ca\/?s={search_term_string}"},"query-input":{"@type":"PropertyValueSpecification","valueRequired":true,"valueName":"search_term_string"}}],"inLanguage":"en-US"}]}},"_links":{"self":[{"href":"https:\/\/tictelecom.ca\/en\/wp-json\/wp\/v2\/product\/593","targetHints":{"allow":["GET"]}}],"collection":[{"href":"https:\/\/tictelecom.ca\/en\/wp-json\/wp\/v2\/product"}],"about":[{"href":"https:\/\/tictelecom.ca\/en\/wp-json\/wp\/v2\/types\/product"}],"wp:featuredmedia":[{"embeddable":true,"href":"https:\/\/tictelecom.ca\/en\/wp-json\/wp\/v2\/media\/591"}],"wp:attachment":[{"href":"https:\/\/tictelecom.ca\/en\/wp-json\/wp\/v2\/media?parent=593"}],"wp:term":[{"taxonomy":"product_brand","embeddable":true,"href":"https:\/\/tictelecom.ca\/en\/wp-json\/wp\/v2\/product_brand?post=593"},{"taxonomy":"product_cat","embeddable":true,"href":"https:\/\/tictelecom.ca\/en\/wp-json\/wp\/v2\/product_cat?post=593"},{"taxonomy":"product_tag","embeddable":true,"href":"https:\/\/tictelecom.ca\/en\/wp-json\/wp\/v2\/product_tag?post=593"}],"curies":[{"name":"wp","href":"https:\/\/api.w.org\/{rel}","templated":true}]}}