{"id":607,"date":"2023-11-16T14:39:12","date_gmt":"2023-11-16T19:39:12","guid":{"rendered":"https:\/\/tictelecom.ca\/produits\/yealink-w77p-ensemble-base-et-combine-robuste\/"},"modified":"2023-11-16T14:42:45","modified_gmt":"2023-11-16T19:42:45","slug":"yealink-w77p-ensemble-base-et-combine-robuste","status":"publish","type":"product","link":"https:\/\/tictelecom.ca\/en\/products\/yealink-w77p-ensemble-base-et-combine-robuste\/","title":{"rendered":"Yealink W77P Kit ( Base + Handset ) Rugged"},"content":{"rendered":"<p>W77P, W57R Handset with belt clip, W70B base station, charger Cradle, Power adapter, rechargeable battery.<\/p>\n","protected":false},"excerpt":{"rendered":"<p>W77P, W57R Handset with belt clip, W70B base station, charger Cradle, Power adapter, rechargeable battery.<\/p>\n","protected":false},"featured_media":606,"template":"","meta":{"_acf_changed":false},"product_brand":[],"product_cat":[34],"product_tag":[],"class_list":{"0":"post-607","1":"product","2":"type-product","3":"status-publish","4":"has-post-thumbnail","6":"product_cat-wireless-phone","8":"first","9":"outofstock","10":"taxable","11":"shipping-taxable","12":"purchasable","13":"product-type-simple"},"acf":[],"yoast_head":"<!-- This site is optimized with the Yoast SEO plugin v23.6 - https:\/\/yoast.com\/wordpress\/plugins\/seo\/ -->\n<title>Yealink W77P Kit ( Base + Handset ) Rugged - TIC t\u00e9l\u00e9phonie industrielle &amp; commerciale inc.<\/title>\n<meta name=\"robots\" content=\"index, follow, max-snippet:-1, max-image-preview:large, max-video-preview:-1\" \/>\n<link rel=\"canonical\" href=\"https:\/\/tictelecom.ca\/en\/products\/yealink-w77p-ensemble-base-et-combine-robuste\/\" \/>\n<meta property=\"og:locale\" content=\"en_US\" \/>\n<meta property=\"og:type\" content=\"article\" \/>\n<meta property=\"og:title\" content=\"Yealink W77P Kit ( Base + Handset ) Rugged - TIC t\u00e9l\u00e9phonie industrielle &amp; commerciale inc.\" \/>\n<meta property=\"og:description\" content=\"W77P, W57R Handset with belt clip, W70B base station, charger Cradle, Power adapter, rechargeable battery.\" \/>\n<meta property=\"og:url\" content=\"https:\/\/tictelecom.ca\/en\/products\/yealink-w77p-ensemble-base-et-combine-robuste\/\" \/>\n<meta property=\"og:site_name\" content=\"TIC t\u00e9l\u00e9phonie industrielle &amp; commerciale inc.\" \/>\n<meta property=\"article:modified_time\" content=\"2023-11-16T19:42:45+00:00\" \/>\n<meta property=\"og:image\" content=\"https:\/\/tictelecom.ca\/wp-content\/uploads\/2023\/11\/W77P.png\" \/>\n\t<meta property=\"og:image:width\" content=\"542\" \/>\n\t<meta property=\"og:image:height\" content=\"553\" \/>\n\t<meta property=\"og:image:type\" content=\"image\/png\" \/>\n<meta name=\"twitter:card\" content=\"summary_large_image\" \/>\n<meta name=\"twitter:label1\" content=\"Est. reading time\" \/>\n\t<meta name=\"twitter:data1\" content=\"1 minute\" \/>\n<script type=\"application\/ld+json\" class=\"yoast-schema-graph\">{\"@context\":\"https:\/\/schema.org\",\"@graph\":[{\"@type\":\"WebPage\",\"@id\":\"https:\/\/tictelecom.ca\/en\/products\/yealink-w77p-ensemble-base-et-combine-robuste\/\",\"url\":\"https:\/\/tictelecom.ca\/en\/products\/yealink-w77p-ensemble-base-et-combine-robuste\/\",\"name\":\"Yealink W77P Kit ( Base + Handset ) Rugged - TIC t\u00e9l\u00e9phonie industrielle &amp; commerciale inc.\",\"isPartOf\":{\"@id\":\"https:\/\/tictelecom.ca\/#website\"},\"primaryImageOfPage\":{\"@id\":\"https:\/\/tictelecom.ca\/en\/products\/yealink-w77p-ensemble-base-et-combine-robuste\/#primaryimage\"},\"image\":{\"@id\":\"https:\/\/tictelecom.ca\/en\/products\/yealink-w77p-ensemble-base-et-combine-robuste\/#primaryimage\"},\"thumbnailUrl\":\"https:\/\/tictelecom.ca\/wp-content\/uploads\/2023\/11\/W77P.png\",\"datePublished\":\"2023-11-16T19:39:12+00:00\",\"dateModified\":\"2023-11-16T19:42:45+00:00\",\"breadcrumb\":{\"@id\":\"https:\/\/tictelecom.ca\/en\/products\/yealink-w77p-ensemble-base-et-combine-robuste\/#breadcrumb\"},\"inLanguage\":\"en-US\",\"potentialAction\":[{\"@type\":\"ReadAction\",\"target\":[\"https:\/\/tictelecom.ca\/en\/products\/yealink-w77p-ensemble-base-et-combine-robuste\/\"]}]},{\"@type\":\"ImageObject\",\"inLanguage\":\"en-US\",\"@id\":\"https:\/\/tictelecom.ca\/en\/products\/yealink-w77p-ensemble-base-et-combine-robuste\/#primaryimage\",\"url\":\"https:\/\/tictelecom.ca\/wp-content\/uploads\/2023\/11\/W77P.png\",\"contentUrl\":\"https:\/\/tictelecom.ca\/wp-content\/uploads\/2023\/11\/W77P.png\",\"width\":542,\"height\":553},{\"@type\":\"BreadcrumbList\",\"@id\":\"https:\/\/tictelecom.ca\/en\/products\/yealink-w77p-ensemble-base-et-combine-robuste\/#breadcrumb\",\"itemListElement\":[{\"@type\":\"ListItem\",\"position\":1,\"name\":\"Accueil\",\"item\":\"https:\/\/tictelecom.ca\/en\/\"},{\"@type\":\"ListItem\",\"position\":2,\"name\":\"Produits\",\"item\":\"https:\/\/tictelecom.ca\/produits\/\"},{\"@type\":\"ListItem\",\"position\":3,\"name\":\"Yealink W77P Kit ( Base + Handset ) Rugged\"}]},{\"@type\":\"WebSite\",\"@id\":\"https:\/\/tictelecom.ca\/#website\",\"url\":\"https:\/\/tictelecom.ca\/\",\"name\":\"TIC t\u00e9l\u00e9phonie industrielle &amp; commerciale inc.\",\"description\":\"T\u00e9l\u00e9phonie VoIP TIC T\u00e9l\u00e9com\",\"potentialAction\":[{\"@type\":\"SearchAction\",\"target\":{\"@type\":\"EntryPoint\",\"urlTemplate\":\"https:\/\/tictelecom.ca\/?s={search_term_string}\"},\"query-input\":{\"@type\":\"PropertyValueSpecification\",\"valueRequired\":true,\"valueName\":\"search_term_string\"}}],\"inLanguage\":\"en-US\"}]}<\/script>\n<!-- \/ Yoast SEO plugin. -->","yoast_head_json":{"title":"Yealink W77P Kit ( Base + Handset ) Rugged - TIC t\u00e9l\u00e9phonie industrielle &amp; commerciale inc.","robots":{"index":"index","follow":"follow","max-snippet":"max-snippet:-1","max-image-preview":"max-image-preview:large","max-video-preview":"max-video-preview:-1"},"canonical":"https:\/\/tictelecom.ca\/en\/products\/yealink-w77p-ensemble-base-et-combine-robuste\/","og_locale":"en_US","og_type":"article","og_title":"Yealink W77P Kit ( Base + Handset ) Rugged - TIC t\u00e9l\u00e9phonie industrielle &amp; commerciale inc.","og_description":"W77P, W57R Handset with belt clip, W70B base station, charger Cradle, Power adapter, rechargeable battery.","og_url":"https:\/\/tictelecom.ca\/en\/products\/yealink-w77p-ensemble-base-et-combine-robuste\/","og_site_name":"TIC t\u00e9l\u00e9phonie industrielle &amp; commerciale inc.","article_modified_time":"2023-11-16T19:42:45+00:00","og_image":[{"width":542,"height":553,"url":"https:\/\/tictelecom.ca\/wp-content\/uploads\/2023\/11\/W77P.png","type":"image\/png"}],"twitter_card":"summary_large_image","twitter_misc":{"Est. reading time":"1 minute"},"schema":{"@context":"https:\/\/schema.org","@graph":[{"@type":"WebPage","@id":"https:\/\/tictelecom.ca\/en\/products\/yealink-w77p-ensemble-base-et-combine-robuste\/","url":"https:\/\/tictelecom.ca\/en\/products\/yealink-w77p-ensemble-base-et-combine-robuste\/","name":"Yealink W77P Kit ( Base + Handset ) Rugged - TIC t\u00e9l\u00e9phonie industrielle &amp; commerciale inc.","isPartOf":{"@id":"https:\/\/tictelecom.ca\/#website"},"primaryImageOfPage":{"@id":"https:\/\/tictelecom.ca\/en\/products\/yealink-w77p-ensemble-base-et-combine-robuste\/#primaryimage"},"image":{"@id":"https:\/\/tictelecom.ca\/en\/products\/yealink-w77p-ensemble-base-et-combine-robuste\/#primaryimage"},"thumbnailUrl":"https:\/\/tictelecom.ca\/wp-content\/uploads\/2023\/11\/W77P.png","datePublished":"2023-11-16T19:39:12+00:00","dateModified":"2023-11-16T19:42:45+00:00","breadcrumb":{"@id":"https:\/\/tictelecom.ca\/en\/products\/yealink-w77p-ensemble-base-et-combine-robuste\/#breadcrumb"},"inLanguage":"en-US","potentialAction":[{"@type":"ReadAction","target":["https:\/\/tictelecom.ca\/en\/products\/yealink-w77p-ensemble-base-et-combine-robuste\/"]}]},{"@type":"ImageObject","inLanguage":"en-US","@id":"https:\/\/tictelecom.ca\/en\/products\/yealink-w77p-ensemble-base-et-combine-robuste\/#primaryimage","url":"https:\/\/tictelecom.ca\/wp-content\/uploads\/2023\/11\/W77P.png","contentUrl":"https:\/\/tictelecom.ca\/wp-content\/uploads\/2023\/11\/W77P.png","width":542,"height":553},{"@type":"BreadcrumbList","@id":"https:\/\/tictelecom.ca\/en\/products\/yealink-w77p-ensemble-base-et-combine-robuste\/#breadcrumb","itemListElement":[{"@type":"ListItem","position":1,"name":"Accueil","item":"https:\/\/tictelecom.ca\/en\/"},{"@type":"ListItem","position":2,"name":"Produits","item":"https:\/\/tictelecom.ca\/produits\/"},{"@type":"ListItem","position":3,"name":"Yealink W77P Kit ( Base + Handset ) Rugged"}]},{"@type":"WebSite","@id":"https:\/\/tictelecom.ca\/#website","url":"https:\/\/tictelecom.ca\/","name":"TIC t\u00e9l\u00e9phonie industrielle &amp; commerciale inc.","description":"T\u00e9l\u00e9phonie VoIP TIC T\u00e9l\u00e9com","potentialAction":[{"@type":"SearchAction","target":{"@type":"EntryPoint","urlTemplate":"https:\/\/tictelecom.ca\/?s={search_term_string}"},"query-input":{"@type":"PropertyValueSpecification","valueRequired":true,"valueName":"search_term_string"}}],"inLanguage":"en-US"}]}},"_links":{"self":[{"href":"https:\/\/tictelecom.ca\/en\/wp-json\/wp\/v2\/product\/607","targetHints":{"allow":["GET"]}}],"collection":[{"href":"https:\/\/tictelecom.ca\/en\/wp-json\/wp\/v2\/product"}],"about":[{"href":"https:\/\/tictelecom.ca\/en\/wp-json\/wp\/v2\/types\/product"}],"wp:featuredmedia":[{"embeddable":true,"href":"https:\/\/tictelecom.ca\/en\/wp-json\/wp\/v2\/media\/606"}],"wp:attachment":[{"href":"https:\/\/tictelecom.ca\/en\/wp-json\/wp\/v2\/media?parent=607"}],"wp:term":[{"taxonomy":"product_brand","embeddable":true,"href":"https:\/\/tictelecom.ca\/en\/wp-json\/wp\/v2\/product_brand?post=607"},{"taxonomy":"product_cat","embeddable":true,"href":"https:\/\/tictelecom.ca\/en\/wp-json\/wp\/v2\/product_cat?post=607"},{"taxonomy":"product_tag","embeddable":true,"href":"https:\/\/tictelecom.ca\/en\/wp-json\/wp\/v2\/product_tag?post=607"}],"curies":[{"name":"wp","href":"https:\/\/api.w.org\/{rel}","templated":true}]}}