{"id":633,"date":"2023-11-22T15:28:43","date_gmt":"2023-11-22T20:28:43","guid":{"rendered":"https:\/\/tictelecom.ca\/produits\/yealink-telephone-ip-t31w\/"},"modified":"2023-11-22T15:30:51","modified_gmt":"2023-11-22T20:30:51","slug":"yealink-telephone-ip-t31w","status":"publish","type":"product","link":"https:\/\/tictelecom.ca\/en\/products\/yealink-telephone-ip-t31w\/","title":{"rendered":"Yealink T31W IP Phone"},"content":{"rendered":"<p>SIP-T31W; Classical IP Phone;\u20222.3&#8243; 132&#215;64-pixel graphical LCD with backlight;\u2022Build-in Wi-Fi ;\u2022Yealink HD Voice;Up to 2 SIP accounts;Opus codec support;Headset support;T3 firmware unified;Two-port 10\/100M Ethernet Switch ;Wall mountable ;PoE support;Stand with 2 adjustable angles, with PSU<\/p>\n","protected":false},"excerpt":{"rendered":"<p>SIP-T31W; Classical IP Phone;\u20222.3&#8243; 132&#215;64-pixel graphical LCD with backlight;\u2022Build-in Wi-Fi ;\u2022Yealink HD Voice;Up to 2 SIP accounts;Opus codec support;Headset support;T3 firmware unified;Two-port 10\/100M Ethernet Switch ;Wall mountable ;PoE support;Stand with 2 adjustable angles, with PSU<\/p>\n","protected":false},"featured_media":632,"template":"","meta":{"_acf_changed":false},"product_brand":[],"product_cat":[32],"product_tag":[],"class_list":{"0":"post-633","1":"product","2":"type-product","3":"status-publish","4":"has-post-thumbnail","6":"product_cat-yealink-ip-phone","8":"first","9":"instock","10":"taxable","11":"shipping-taxable","12":"purchasable","13":"product-type-simple"},"acf":[],"yoast_head":"<!-- This site is optimized with the Yoast SEO plugin v23.6 - https:\/\/yoast.com\/wordpress\/plugins\/seo\/ -->\n<title>Yealink T31W IP Phone - TIC t\u00e9l\u00e9phonie industrielle &amp; commerciale inc.<\/title>\n<meta name=\"robots\" content=\"index, follow, max-snippet:-1, max-image-preview:large, max-video-preview:-1\" \/>\n<link rel=\"canonical\" href=\"https:\/\/tictelecom.ca\/en\/products\/yealink-telephone-ip-t31w\/\" \/>\n<meta property=\"og:locale\" content=\"en_US\" \/>\n<meta property=\"og:type\" content=\"article\" \/>\n<meta property=\"og:title\" content=\"Yealink T31W IP Phone - TIC t\u00e9l\u00e9phonie industrielle &amp; commerciale inc.\" \/>\n<meta property=\"og:description\" content=\"SIP-T31W; Classical IP Phone;\u20222.3&#8243; 132&#215;64-pixel graphical LCD with backlight;\u2022Build-in Wi-Fi ;\u2022Yealink HD Voice;Up to 2 SIP accounts;Opus codec support;Headset support;T3 firmware unified;Two-port 10\/100M Ethernet Switch ;Wall mountable ;PoE support;Stand with 2 adjustable angles, with PSU\" \/>\n<meta property=\"og:url\" content=\"https:\/\/tictelecom.ca\/en\/products\/yealink-telephone-ip-t31w\/\" \/>\n<meta property=\"og:site_name\" content=\"TIC t\u00e9l\u00e9phonie industrielle &amp; commerciale inc.\" \/>\n<meta property=\"article:modified_time\" content=\"2023-11-22T20:30:51+00:00\" \/>\n<meta property=\"og:image\" content=\"https:\/\/tictelecom.ca\/wp-content\/uploads\/2023\/11\/T31W.png\" \/>\n\t<meta property=\"og:image:width\" content=\"482\" \/>\n\t<meta property=\"og:image:height\" content=\"367\" \/>\n\t<meta property=\"og:image:type\" content=\"image\/png\" \/>\n<meta name=\"twitter:card\" content=\"summary_large_image\" \/>\n<meta name=\"twitter:label1\" content=\"Est. reading time\" \/>\n\t<meta name=\"twitter:data1\" content=\"1 minute\" \/>\n<script type=\"application\/ld+json\" class=\"yoast-schema-graph\">{\"@context\":\"https:\/\/schema.org\",\"@graph\":[{\"@type\":\"WebPage\",\"@id\":\"https:\/\/tictelecom.ca\/en\/products\/yealink-telephone-ip-t31w\/\",\"url\":\"https:\/\/tictelecom.ca\/en\/products\/yealink-telephone-ip-t31w\/\",\"name\":\"Yealink T31W IP Phone - TIC t\u00e9l\u00e9phonie industrielle &amp; commerciale inc.\",\"isPartOf\":{\"@id\":\"https:\/\/tictelecom.ca\/#website\"},\"primaryImageOfPage\":{\"@id\":\"https:\/\/tictelecom.ca\/en\/products\/yealink-telephone-ip-t31w\/#primaryimage\"},\"image\":{\"@id\":\"https:\/\/tictelecom.ca\/en\/products\/yealink-telephone-ip-t31w\/#primaryimage\"},\"thumbnailUrl\":\"https:\/\/tictelecom.ca\/wp-content\/uploads\/2023\/11\/T31W.png\",\"datePublished\":\"2023-11-22T20:28:43+00:00\",\"dateModified\":\"2023-11-22T20:30:51+00:00\",\"breadcrumb\":{\"@id\":\"https:\/\/tictelecom.ca\/en\/products\/yealink-telephone-ip-t31w\/#breadcrumb\"},\"inLanguage\":\"en-US\",\"potentialAction\":[{\"@type\":\"ReadAction\",\"target\":[\"https:\/\/tictelecom.ca\/en\/products\/yealink-telephone-ip-t31w\/\"]}]},{\"@type\":\"ImageObject\",\"inLanguage\":\"en-US\",\"@id\":\"https:\/\/tictelecom.ca\/en\/products\/yealink-telephone-ip-t31w\/#primaryimage\",\"url\":\"https:\/\/tictelecom.ca\/wp-content\/uploads\/2023\/11\/T31W.png\",\"contentUrl\":\"https:\/\/tictelecom.ca\/wp-content\/uploads\/2023\/11\/T31W.png\",\"width\":482,\"height\":367},{\"@type\":\"BreadcrumbList\",\"@id\":\"https:\/\/tictelecom.ca\/en\/products\/yealink-telephone-ip-t31w\/#breadcrumb\",\"itemListElement\":[{\"@type\":\"ListItem\",\"position\":1,\"name\":\"Accueil\",\"item\":\"https:\/\/tictelecom.ca\/en\/\"},{\"@type\":\"ListItem\",\"position\":2,\"name\":\"Produits\",\"item\":\"https:\/\/tictelecom.ca\/produits\/\"},{\"@type\":\"ListItem\",\"position\":3,\"name\":\"Yealink T31W IP Phone\"}]},{\"@type\":\"WebSite\",\"@id\":\"https:\/\/tictelecom.ca\/#website\",\"url\":\"https:\/\/tictelecom.ca\/\",\"name\":\"TIC t\u00e9l\u00e9phonie industrielle &amp; commerciale inc.\",\"description\":\"T\u00e9l\u00e9phonie VoIP TIC T\u00e9l\u00e9com\",\"potentialAction\":[{\"@type\":\"SearchAction\",\"target\":{\"@type\":\"EntryPoint\",\"urlTemplate\":\"https:\/\/tictelecom.ca\/?s={search_term_string}\"},\"query-input\":{\"@type\":\"PropertyValueSpecification\",\"valueRequired\":true,\"valueName\":\"search_term_string\"}}],\"inLanguage\":\"en-US\"}]}<\/script>\n<!-- \/ Yoast SEO plugin. -->","yoast_head_json":{"title":"Yealink T31W IP Phone - TIC t\u00e9l\u00e9phonie industrielle &amp; commerciale inc.","robots":{"index":"index","follow":"follow","max-snippet":"max-snippet:-1","max-image-preview":"max-image-preview:large","max-video-preview":"max-video-preview:-1"},"canonical":"https:\/\/tictelecom.ca\/en\/products\/yealink-telephone-ip-t31w\/","og_locale":"en_US","og_type":"article","og_title":"Yealink T31W IP Phone - TIC t\u00e9l\u00e9phonie industrielle &amp; commerciale inc.","og_description":"SIP-T31W; Classical IP Phone;\u20222.3&#8243; 132&#215;64-pixel graphical LCD with backlight;\u2022Build-in Wi-Fi ;\u2022Yealink HD Voice;Up to 2 SIP accounts;Opus codec support;Headset support;T3 firmware unified;Two-port 10\/100M Ethernet Switch ;Wall mountable ;PoE support;Stand with 2 adjustable angles, with PSU","og_url":"https:\/\/tictelecom.ca\/en\/products\/yealink-telephone-ip-t31w\/","og_site_name":"TIC t\u00e9l\u00e9phonie industrielle &amp; commerciale inc.","article_modified_time":"2023-11-22T20:30:51+00:00","og_image":[{"width":482,"height":367,"url":"https:\/\/tictelecom.ca\/wp-content\/uploads\/2023\/11\/T31W.png","type":"image\/png"}],"twitter_card":"summary_large_image","twitter_misc":{"Est. reading time":"1 minute"},"schema":{"@context":"https:\/\/schema.org","@graph":[{"@type":"WebPage","@id":"https:\/\/tictelecom.ca\/en\/products\/yealink-telephone-ip-t31w\/","url":"https:\/\/tictelecom.ca\/en\/products\/yealink-telephone-ip-t31w\/","name":"Yealink T31W IP Phone - TIC t\u00e9l\u00e9phonie industrielle &amp; commerciale inc.","isPartOf":{"@id":"https:\/\/tictelecom.ca\/#website"},"primaryImageOfPage":{"@id":"https:\/\/tictelecom.ca\/en\/products\/yealink-telephone-ip-t31w\/#primaryimage"},"image":{"@id":"https:\/\/tictelecom.ca\/en\/products\/yealink-telephone-ip-t31w\/#primaryimage"},"thumbnailUrl":"https:\/\/tictelecom.ca\/wp-content\/uploads\/2023\/11\/T31W.png","datePublished":"2023-11-22T20:28:43+00:00","dateModified":"2023-11-22T20:30:51+00:00","breadcrumb":{"@id":"https:\/\/tictelecom.ca\/en\/products\/yealink-telephone-ip-t31w\/#breadcrumb"},"inLanguage":"en-US","potentialAction":[{"@type":"ReadAction","target":["https:\/\/tictelecom.ca\/en\/products\/yealink-telephone-ip-t31w\/"]}]},{"@type":"ImageObject","inLanguage":"en-US","@id":"https:\/\/tictelecom.ca\/en\/products\/yealink-telephone-ip-t31w\/#primaryimage","url":"https:\/\/tictelecom.ca\/wp-content\/uploads\/2023\/11\/T31W.png","contentUrl":"https:\/\/tictelecom.ca\/wp-content\/uploads\/2023\/11\/T31W.png","width":482,"height":367},{"@type":"BreadcrumbList","@id":"https:\/\/tictelecom.ca\/en\/products\/yealink-telephone-ip-t31w\/#breadcrumb","itemListElement":[{"@type":"ListItem","position":1,"name":"Accueil","item":"https:\/\/tictelecom.ca\/en\/"},{"@type":"ListItem","position":2,"name":"Produits","item":"https:\/\/tictelecom.ca\/produits\/"},{"@type":"ListItem","position":3,"name":"Yealink T31W IP Phone"}]},{"@type":"WebSite","@id":"https:\/\/tictelecom.ca\/#website","url":"https:\/\/tictelecom.ca\/","name":"TIC t\u00e9l\u00e9phonie industrielle &amp; commerciale inc.","description":"T\u00e9l\u00e9phonie VoIP TIC T\u00e9l\u00e9com","potentialAction":[{"@type":"SearchAction","target":{"@type":"EntryPoint","urlTemplate":"https:\/\/tictelecom.ca\/?s={search_term_string}"},"query-input":{"@type":"PropertyValueSpecification","valueRequired":true,"valueName":"search_term_string"}}],"inLanguage":"en-US"}]}},"_links":{"self":[{"href":"https:\/\/tictelecom.ca\/en\/wp-json\/wp\/v2\/product\/633","targetHints":{"allow":["GET"]}}],"collection":[{"href":"https:\/\/tictelecom.ca\/en\/wp-json\/wp\/v2\/product"}],"about":[{"href":"https:\/\/tictelecom.ca\/en\/wp-json\/wp\/v2\/types\/product"}],"wp:featuredmedia":[{"embeddable":true,"href":"https:\/\/tictelecom.ca\/en\/wp-json\/wp\/v2\/media\/632"}],"wp:attachment":[{"href":"https:\/\/tictelecom.ca\/en\/wp-json\/wp\/v2\/media?parent=633"}],"wp:term":[{"taxonomy":"product_brand","embeddable":true,"href":"https:\/\/tictelecom.ca\/en\/wp-json\/wp\/v2\/product_brand?post=633"},{"taxonomy":"product_cat","embeddable":true,"href":"https:\/\/tictelecom.ca\/en\/wp-json\/wp\/v2\/product_cat?post=633"},{"taxonomy":"product_tag","embeddable":true,"href":"https:\/\/tictelecom.ca\/en\/wp-json\/wp\/v2\/product_tag?post=633"}],"curies":[{"name":"wp","href":"https:\/\/api.w.org\/{rel}","templated":true}]}}