{"id":637,"date":"2023-11-22T15:34:46","date_gmt":"2023-11-22T20:34:46","guid":{"rendered":"https:\/\/tictelecom.ca\/produits\/yealink-telephone-ip-de-conference-cp965\/"},"modified":"2023-11-22T15:37:26","modified_gmt":"2023-11-22T20:37:26","slug":"yealink-telephone-ip-de-conference-cp965","status":"publish","type":"product","link":"https:\/\/tictelecom.ca\/en\/products\/yealink-telephone-ip-de-conference-cp965\/","title":{"rendered":"Yealink Conference IP Phone CP965"},"content":{"rendered":"<p>CP965; Optima HD IP Conference Phone;Wrapped with flannel;New UI;Androd 9.0;5-inch multi-touch screen with 720&#215;1280 resolution;Optimal HD audio, full duplex technology;Up to 2 wireless DECT Mic CPW65-DECT-Duo (Optional);Up to 1 wireless Bluetooth Mic CPW25-BT-Single (Optional)(pending);Yealink Noise Proof Technology;20-foot (6-meter) and 360-degree voice pickup;Built-in 12-microphone array, 360-degree voice pickup;Power over Ethernet;10-way conference call;Hybrid UC meeting;Built-in Wi-Fi 2.4GHz\/5GHz, 802.11a\/b\/g\/n;Built-in Bluetooth 4.2 ;Local USB call recording ;Local 3-way PSTN conference via Yealink CPN10;without PSU; Optional AC PoE injector, SKU # POE30, optional DECT wireless microphone, SKU #CPW65.<\/p>\n","protected":false},"excerpt":{"rendered":"<p>CP965; Optima HD IP Conference Phone;Wrapped with flannel;New UI;Androd 9.0;5-inch multi-touch screen with 720&#215;1280 resolution;Optimal HD audio, full duplex technology;Up to 2 wireless DECT Mic CPW65-DECT-Duo (Optional);Up to 1 wireless Bluetooth Mic CPW25-BT-Single (Optional)(pending);Yealink Noise Proof Technology;20-foot (6-meter) and 360-degree voice pickup;Built-in 12-microphone array, 360-degree voice pickup;Power over Ethernet;10-way conference call;Hybrid UC meeting;Built-in Wi-Fi 2.4GHz\/5GHz, [&hellip;]<\/p>\n","protected":false},"featured_media":636,"template":"","meta":{"_acf_changed":false},"product_brand":[],"product_cat":[33],"product_tag":[],"class_list":{"0":"post-637","1":"product","2":"type-product","3":"status-publish","4":"has-post-thumbnail","6":"product_cat-conference-phone","8":"first","9":"outofstock","10":"taxable","11":"shipping-taxable","12":"purchasable","13":"product-type-simple"},"acf":[],"yoast_head":"<!-- This site is optimized with the Yoast SEO plugin v23.6 - https:\/\/yoast.com\/wordpress\/plugins\/seo\/ -->\n<title>Yealink Conference IP Phone CP965 - TIC t\u00e9l\u00e9phonie industrielle &amp; commerciale inc.<\/title>\n<meta name=\"robots\" content=\"index, follow, max-snippet:-1, max-image-preview:large, max-video-preview:-1\" \/>\n<link rel=\"canonical\" href=\"https:\/\/tictelecom.ca\/en\/products\/yealink-telephone-ip-de-conference-cp965\/\" \/>\n<meta property=\"og:locale\" content=\"en_US\" \/>\n<meta property=\"og:type\" content=\"article\" \/>\n<meta property=\"og:title\" content=\"Yealink Conference IP Phone CP965 - TIC t\u00e9l\u00e9phonie industrielle &amp; commerciale inc.\" \/>\n<meta property=\"og:description\" content=\"CP965; Optima HD IP Conference Phone;Wrapped with flannel;New UI;Androd 9.0;5-inch multi-touch screen with 720&#215;1280 resolution;Optimal HD audio, full duplex technology;Up to 2 wireless DECT Mic CPW65-DECT-Duo (Optional);Up to 1 wireless Bluetooth Mic CPW25-BT-Single (Optional)(pending);Yealink Noise Proof Technology;20-foot (6-meter) and 360-degree voice pickup;Built-in 12-microphone array, 360-degree voice pickup;Power over Ethernet;10-way conference call;Hybrid UC meeting;Built-in Wi-Fi 2.4GHz\/5GHz, [&hellip;]\" \/>\n<meta property=\"og:url\" content=\"https:\/\/tictelecom.ca\/en\/products\/yealink-telephone-ip-de-conference-cp965\/\" \/>\n<meta property=\"og:site_name\" content=\"TIC t\u00e9l\u00e9phonie industrielle &amp; commerciale inc.\" \/>\n<meta property=\"article:modified_time\" content=\"2023-11-22T20:37:26+00:00\" \/>\n<meta property=\"og:image\" content=\"https:\/\/tictelecom.ca\/wp-content\/uploads\/2023\/11\/CP965.jpg\" \/>\n\t<meta property=\"og:image:width\" content=\"407\" \/>\n\t<meta property=\"og:image:height\" content=\"367\" \/>\n\t<meta property=\"og:image:type\" content=\"image\/jpeg\" \/>\n<meta name=\"twitter:card\" content=\"summary_large_image\" \/>\n<meta name=\"twitter:label1\" content=\"Est. reading time\" \/>\n\t<meta name=\"twitter:data1\" content=\"1 minute\" \/>\n<script type=\"application\/ld+json\" class=\"yoast-schema-graph\">{\"@context\":\"https:\/\/schema.org\",\"@graph\":[{\"@type\":\"WebPage\",\"@id\":\"https:\/\/tictelecom.ca\/en\/products\/yealink-telephone-ip-de-conference-cp965\/\",\"url\":\"https:\/\/tictelecom.ca\/en\/products\/yealink-telephone-ip-de-conference-cp965\/\",\"name\":\"Yealink Conference IP Phone CP965 - TIC t\u00e9l\u00e9phonie industrielle &amp; commerciale inc.\",\"isPartOf\":{\"@id\":\"https:\/\/tictelecom.ca\/#website\"},\"primaryImageOfPage\":{\"@id\":\"https:\/\/tictelecom.ca\/en\/products\/yealink-telephone-ip-de-conference-cp965\/#primaryimage\"},\"image\":{\"@id\":\"https:\/\/tictelecom.ca\/en\/products\/yealink-telephone-ip-de-conference-cp965\/#primaryimage\"},\"thumbnailUrl\":\"https:\/\/tictelecom.ca\/wp-content\/uploads\/2023\/11\/CP965.jpg\",\"datePublished\":\"2023-11-22T20:34:46+00:00\",\"dateModified\":\"2023-11-22T20:37:26+00:00\",\"breadcrumb\":{\"@id\":\"https:\/\/tictelecom.ca\/en\/products\/yealink-telephone-ip-de-conference-cp965\/#breadcrumb\"},\"inLanguage\":\"en-US\",\"potentialAction\":[{\"@type\":\"ReadAction\",\"target\":[\"https:\/\/tictelecom.ca\/en\/products\/yealink-telephone-ip-de-conference-cp965\/\"]}]},{\"@type\":\"ImageObject\",\"inLanguage\":\"en-US\",\"@id\":\"https:\/\/tictelecom.ca\/en\/products\/yealink-telephone-ip-de-conference-cp965\/#primaryimage\",\"url\":\"https:\/\/tictelecom.ca\/wp-content\/uploads\/2023\/11\/CP965.jpg\",\"contentUrl\":\"https:\/\/tictelecom.ca\/wp-content\/uploads\/2023\/11\/CP965.jpg\",\"width\":407,\"height\":367},{\"@type\":\"BreadcrumbList\",\"@id\":\"https:\/\/tictelecom.ca\/en\/products\/yealink-telephone-ip-de-conference-cp965\/#breadcrumb\",\"itemListElement\":[{\"@type\":\"ListItem\",\"position\":1,\"name\":\"Accueil\",\"item\":\"https:\/\/tictelecom.ca\/en\/\"},{\"@type\":\"ListItem\",\"position\":2,\"name\":\"Produits\",\"item\":\"https:\/\/tictelecom.ca\/produits\/\"},{\"@type\":\"ListItem\",\"position\":3,\"name\":\"Yealink Conference IP Phone CP965\"}]},{\"@type\":\"WebSite\",\"@id\":\"https:\/\/tictelecom.ca\/#website\",\"url\":\"https:\/\/tictelecom.ca\/\",\"name\":\"TIC t\u00e9l\u00e9phonie industrielle &amp; commerciale inc.\",\"description\":\"T\u00e9l\u00e9phonie VoIP TIC T\u00e9l\u00e9com\",\"potentialAction\":[{\"@type\":\"SearchAction\",\"target\":{\"@type\":\"EntryPoint\",\"urlTemplate\":\"https:\/\/tictelecom.ca\/?s={search_term_string}\"},\"query-input\":{\"@type\":\"PropertyValueSpecification\",\"valueRequired\":true,\"valueName\":\"search_term_string\"}}],\"inLanguage\":\"en-US\"}]}<\/script>\n<!-- \/ Yoast SEO plugin. -->","yoast_head_json":{"title":"Yealink Conference IP Phone CP965 - TIC t\u00e9l\u00e9phonie industrielle &amp; commerciale inc.","robots":{"index":"index","follow":"follow","max-snippet":"max-snippet:-1","max-image-preview":"max-image-preview:large","max-video-preview":"max-video-preview:-1"},"canonical":"https:\/\/tictelecom.ca\/en\/products\/yealink-telephone-ip-de-conference-cp965\/","og_locale":"en_US","og_type":"article","og_title":"Yealink Conference IP Phone CP965 - TIC t\u00e9l\u00e9phonie industrielle &amp; commerciale inc.","og_description":"CP965; Optima HD IP Conference Phone;Wrapped with flannel;New UI;Androd 9.0;5-inch multi-touch screen with 720&#215;1280 resolution;Optimal HD audio, full duplex technology;Up to 2 wireless DECT Mic CPW65-DECT-Duo (Optional);Up to 1 wireless Bluetooth Mic CPW25-BT-Single (Optional)(pending);Yealink Noise Proof Technology;20-foot (6-meter) and 360-degree voice pickup;Built-in 12-microphone array, 360-degree voice pickup;Power over Ethernet;10-way conference call;Hybrid UC meeting;Built-in Wi-Fi 2.4GHz\/5GHz, [&hellip;]","og_url":"https:\/\/tictelecom.ca\/en\/products\/yealink-telephone-ip-de-conference-cp965\/","og_site_name":"TIC t\u00e9l\u00e9phonie industrielle &amp; commerciale inc.","article_modified_time":"2023-11-22T20:37:26+00:00","og_image":[{"width":407,"height":367,"url":"https:\/\/tictelecom.ca\/wp-content\/uploads\/2023\/11\/CP965.jpg","type":"image\/jpeg"}],"twitter_card":"summary_large_image","twitter_misc":{"Est. reading time":"1 minute"},"schema":{"@context":"https:\/\/schema.org","@graph":[{"@type":"WebPage","@id":"https:\/\/tictelecom.ca\/en\/products\/yealink-telephone-ip-de-conference-cp965\/","url":"https:\/\/tictelecom.ca\/en\/products\/yealink-telephone-ip-de-conference-cp965\/","name":"Yealink Conference IP Phone CP965 - TIC t\u00e9l\u00e9phonie industrielle &amp; commerciale inc.","isPartOf":{"@id":"https:\/\/tictelecom.ca\/#website"},"primaryImageOfPage":{"@id":"https:\/\/tictelecom.ca\/en\/products\/yealink-telephone-ip-de-conference-cp965\/#primaryimage"},"image":{"@id":"https:\/\/tictelecom.ca\/en\/products\/yealink-telephone-ip-de-conference-cp965\/#primaryimage"},"thumbnailUrl":"https:\/\/tictelecom.ca\/wp-content\/uploads\/2023\/11\/CP965.jpg","datePublished":"2023-11-22T20:34:46+00:00","dateModified":"2023-11-22T20:37:26+00:00","breadcrumb":{"@id":"https:\/\/tictelecom.ca\/en\/products\/yealink-telephone-ip-de-conference-cp965\/#breadcrumb"},"inLanguage":"en-US","potentialAction":[{"@type":"ReadAction","target":["https:\/\/tictelecom.ca\/en\/products\/yealink-telephone-ip-de-conference-cp965\/"]}]},{"@type":"ImageObject","inLanguage":"en-US","@id":"https:\/\/tictelecom.ca\/en\/products\/yealink-telephone-ip-de-conference-cp965\/#primaryimage","url":"https:\/\/tictelecom.ca\/wp-content\/uploads\/2023\/11\/CP965.jpg","contentUrl":"https:\/\/tictelecom.ca\/wp-content\/uploads\/2023\/11\/CP965.jpg","width":407,"height":367},{"@type":"BreadcrumbList","@id":"https:\/\/tictelecom.ca\/en\/products\/yealink-telephone-ip-de-conference-cp965\/#breadcrumb","itemListElement":[{"@type":"ListItem","position":1,"name":"Accueil","item":"https:\/\/tictelecom.ca\/en\/"},{"@type":"ListItem","position":2,"name":"Produits","item":"https:\/\/tictelecom.ca\/produits\/"},{"@type":"ListItem","position":3,"name":"Yealink Conference IP Phone CP965"}]},{"@type":"WebSite","@id":"https:\/\/tictelecom.ca\/#website","url":"https:\/\/tictelecom.ca\/","name":"TIC t\u00e9l\u00e9phonie industrielle &amp; commerciale inc.","description":"T\u00e9l\u00e9phonie VoIP TIC T\u00e9l\u00e9com","potentialAction":[{"@type":"SearchAction","target":{"@type":"EntryPoint","urlTemplate":"https:\/\/tictelecom.ca\/?s={search_term_string}"},"query-input":{"@type":"PropertyValueSpecification","valueRequired":true,"valueName":"search_term_string"}}],"inLanguage":"en-US"}]}},"_links":{"self":[{"href":"https:\/\/tictelecom.ca\/en\/wp-json\/wp\/v2\/product\/637","targetHints":{"allow":["GET"]}}],"collection":[{"href":"https:\/\/tictelecom.ca\/en\/wp-json\/wp\/v2\/product"}],"about":[{"href":"https:\/\/tictelecom.ca\/en\/wp-json\/wp\/v2\/types\/product"}],"wp:featuredmedia":[{"embeddable":true,"href":"https:\/\/tictelecom.ca\/en\/wp-json\/wp\/v2\/media\/636"}],"wp:attachment":[{"href":"https:\/\/tictelecom.ca\/en\/wp-json\/wp\/v2\/media?parent=637"}],"wp:term":[{"taxonomy":"product_brand","embeddable":true,"href":"https:\/\/tictelecom.ca\/en\/wp-json\/wp\/v2\/product_brand?post=637"},{"taxonomy":"product_cat","embeddable":true,"href":"https:\/\/tictelecom.ca\/en\/wp-json\/wp\/v2\/product_cat?post=637"},{"taxonomy":"product_tag","embeddable":true,"href":"https:\/\/tictelecom.ca\/en\/wp-json\/wp\/v2\/product_tag?post=637"}],"curies":[{"name":"wp","href":"https:\/\/api.w.org\/{rel}","templated":true}]}}