{"id":645,"date":"2023-11-22T15:41:57","date_gmt":"2023-11-22T20:41:57","guid":{"rendered":"https:\/\/tictelecom.ca\/produits\/yealink-telephone-de-conference-sans-fil-cp935w-w70b\/"},"modified":"2023-11-22T15:44:48","modified_gmt":"2023-11-22T20:44:48","slug":"yealink-telephone-de-conference-sans-fil-cp935w-w70b","status":"publish","type":"product","link":"https:\/\/tictelecom.ca\/en\/products\/yealink-telephone-de-conference-sans-fil-cp935w-w70b\/","title":{"rendered":"Yealink Wireless Conference Phone CP935W\/W70B"},"content":{"rendered":"<p>CP935W-Base; Cordless SIP Conference Phone System;CP935W &amp; W70B Base Unit Package;Up to 20 simultaneous calls;Up to 10 DECT cordless handsets;Up to 10 SIP accounts;Support Opus audio codec;No Perception Upgrade;Wrapped with flannel;New UI;Linux;4-inch multi-touch screen with 480&#215;800 resolution;One wireless BT expansion Mic CPW25-BT-Single(Optional)(pending);Built-in Battery;Up to 20-hour talk time;Up to 75-hour standby time in Wi-Fi mode, 167-hour standby time in DECT mode;Built-in Wi-Fi 2.4GHz\/5GHz, 802.11a\/b\/g\/n;Built-in Bluetooth 4.2;Built-in 6-Microphone Array for sound pickup;Optima HD Voice, Full Duplex Technology;20-Foot (6-Meter) and 360-Degree Microphone Pickup Range;5-Way Conference Call;Connect to PC via USB type C Port;Hybrid UC Meeting;Charging Cradle with PSU;<\/p>\n","protected":false},"excerpt":{"rendered":"<p>CP935W-Base; Cordless SIP Conference Phone System;CP935W &amp; W70B Base Unit Package;Up to 20 simultaneous calls;Up to 10 DECT cordless handsets;Up to 10 SIP accounts;Support Opus audio codec;No Perception Upgrade;Wrapped with flannel;New UI;Linux;4-inch multi-touch screen with 480&#215;800 resolution;One wireless BT expansion Mic CPW25-BT-Single(Optional)(pending);Built-in Battery;Up to 20-hour talk time;Up to 75-hour standby time in Wi-Fi mode, 167-hour [&hellip;]<\/p>\n","protected":false},"featured_media":644,"template":"","meta":{"_acf_changed":false},"product_brand":[],"product_cat":[33],"product_tag":[],"class_list":{"0":"post-645","1":"product","2":"type-product","3":"status-publish","4":"has-post-thumbnail","6":"product_cat-conference-phone","8":"first","9":"outofstock","10":"taxable","11":"shipping-taxable","12":"purchasable","13":"product-type-simple"},"acf":[],"yoast_head":"<!-- This site is optimized with the Yoast SEO plugin v23.6 - https:\/\/yoast.com\/wordpress\/plugins\/seo\/ -->\n<title>Yealink Wireless Conference Phone CP935W\/W70B - TIC t\u00e9l\u00e9phonie industrielle &amp; commerciale inc.<\/title>\n<meta name=\"robots\" content=\"index, follow, max-snippet:-1, max-image-preview:large, max-video-preview:-1\" \/>\n<link rel=\"canonical\" href=\"https:\/\/tictelecom.ca\/en\/products\/yealink-telephone-de-conference-sans-fil-cp935w-w70b\/\" \/>\n<meta property=\"og:locale\" content=\"en_US\" \/>\n<meta property=\"og:type\" content=\"article\" \/>\n<meta property=\"og:title\" content=\"Yealink Wireless Conference Phone CP935W\/W70B - TIC t\u00e9l\u00e9phonie industrielle &amp; commerciale inc.\" \/>\n<meta property=\"og:description\" content=\"CP935W-Base; Cordless SIP Conference Phone System;CP935W &amp; W70B Base Unit Package;Up to 20 simultaneous calls;Up to 10 DECT cordless handsets;Up to 10 SIP accounts;Support Opus audio codec;No Perception Upgrade;Wrapped with flannel;New UI;Linux;4-inch multi-touch screen with 480&#215;800 resolution;One wireless BT expansion Mic CPW25-BT-Single(Optional)(pending);Built-in Battery;Up to 20-hour talk time;Up to 75-hour standby time in Wi-Fi mode, 167-hour [&hellip;]\" \/>\n<meta property=\"og:url\" content=\"https:\/\/tictelecom.ca\/en\/products\/yealink-telephone-de-conference-sans-fil-cp935w-w70b\/\" \/>\n<meta property=\"og:site_name\" content=\"TIC t\u00e9l\u00e9phonie industrielle &amp; commerciale inc.\" \/>\n<meta property=\"article:modified_time\" content=\"2023-11-22T20:44:48+00:00\" \/>\n<meta property=\"og:image\" content=\"https:\/\/tictelecom.ca\/wp-content\/uploads\/2023\/11\/CP935WBASE.png\" \/>\n\t<meta property=\"og:image:width\" content=\"779\" \/>\n\t<meta property=\"og:image:height\" content=\"612\" \/>\n\t<meta property=\"og:image:type\" content=\"image\/png\" \/>\n<meta name=\"twitter:card\" content=\"summary_large_image\" \/>\n<meta name=\"twitter:label1\" content=\"Est. reading time\" \/>\n\t<meta name=\"twitter:data1\" content=\"1 minute\" \/>\n<script type=\"application\/ld+json\" class=\"yoast-schema-graph\">{\"@context\":\"https:\/\/schema.org\",\"@graph\":[{\"@type\":\"WebPage\",\"@id\":\"https:\/\/tictelecom.ca\/en\/products\/yealink-telephone-de-conference-sans-fil-cp935w-w70b\/\",\"url\":\"https:\/\/tictelecom.ca\/en\/products\/yealink-telephone-de-conference-sans-fil-cp935w-w70b\/\",\"name\":\"Yealink Wireless Conference Phone CP935W\/W70B - TIC t\u00e9l\u00e9phonie industrielle &amp; commerciale inc.\",\"isPartOf\":{\"@id\":\"https:\/\/tictelecom.ca\/#website\"},\"primaryImageOfPage\":{\"@id\":\"https:\/\/tictelecom.ca\/en\/products\/yealink-telephone-de-conference-sans-fil-cp935w-w70b\/#primaryimage\"},\"image\":{\"@id\":\"https:\/\/tictelecom.ca\/en\/products\/yealink-telephone-de-conference-sans-fil-cp935w-w70b\/#primaryimage\"},\"thumbnailUrl\":\"https:\/\/tictelecom.ca\/wp-content\/uploads\/2023\/11\/CP935WBASE.png\",\"datePublished\":\"2023-11-22T20:41:57+00:00\",\"dateModified\":\"2023-11-22T20:44:48+00:00\",\"breadcrumb\":{\"@id\":\"https:\/\/tictelecom.ca\/en\/products\/yealink-telephone-de-conference-sans-fil-cp935w-w70b\/#breadcrumb\"},\"inLanguage\":\"en-US\",\"potentialAction\":[{\"@type\":\"ReadAction\",\"target\":[\"https:\/\/tictelecom.ca\/en\/products\/yealink-telephone-de-conference-sans-fil-cp935w-w70b\/\"]}]},{\"@type\":\"ImageObject\",\"inLanguage\":\"en-US\",\"@id\":\"https:\/\/tictelecom.ca\/en\/products\/yealink-telephone-de-conference-sans-fil-cp935w-w70b\/#primaryimage\",\"url\":\"https:\/\/tictelecom.ca\/wp-content\/uploads\/2023\/11\/CP935WBASE.png\",\"contentUrl\":\"https:\/\/tictelecom.ca\/wp-content\/uploads\/2023\/11\/CP935WBASE.png\",\"width\":779,\"height\":612},{\"@type\":\"BreadcrumbList\",\"@id\":\"https:\/\/tictelecom.ca\/en\/products\/yealink-telephone-de-conference-sans-fil-cp935w-w70b\/#breadcrumb\",\"itemListElement\":[{\"@type\":\"ListItem\",\"position\":1,\"name\":\"Accueil\",\"item\":\"https:\/\/tictelecom.ca\/en\/\"},{\"@type\":\"ListItem\",\"position\":2,\"name\":\"Produits\",\"item\":\"https:\/\/tictelecom.ca\/produits\/\"},{\"@type\":\"ListItem\",\"position\":3,\"name\":\"Yealink Wireless Conference Phone CP935W\/W70B\"}]},{\"@type\":\"WebSite\",\"@id\":\"https:\/\/tictelecom.ca\/#website\",\"url\":\"https:\/\/tictelecom.ca\/\",\"name\":\"TIC t\u00e9l\u00e9phonie industrielle &amp; commerciale inc.\",\"description\":\"T\u00e9l\u00e9phonie VoIP TIC T\u00e9l\u00e9com\",\"potentialAction\":[{\"@type\":\"SearchAction\",\"target\":{\"@type\":\"EntryPoint\",\"urlTemplate\":\"https:\/\/tictelecom.ca\/?s={search_term_string}\"},\"query-input\":{\"@type\":\"PropertyValueSpecification\",\"valueRequired\":true,\"valueName\":\"search_term_string\"}}],\"inLanguage\":\"en-US\"}]}<\/script>\n<!-- \/ Yoast SEO plugin. -->","yoast_head_json":{"title":"Yealink Wireless Conference Phone CP935W\/W70B - TIC t\u00e9l\u00e9phonie industrielle &amp; commerciale inc.","robots":{"index":"index","follow":"follow","max-snippet":"max-snippet:-1","max-image-preview":"max-image-preview:large","max-video-preview":"max-video-preview:-1"},"canonical":"https:\/\/tictelecom.ca\/en\/products\/yealink-telephone-de-conference-sans-fil-cp935w-w70b\/","og_locale":"en_US","og_type":"article","og_title":"Yealink Wireless Conference Phone CP935W\/W70B - TIC t\u00e9l\u00e9phonie industrielle &amp; commerciale inc.","og_description":"CP935W-Base; Cordless SIP Conference Phone System;CP935W &amp; W70B Base Unit Package;Up to 20 simultaneous calls;Up to 10 DECT cordless handsets;Up to 10 SIP accounts;Support Opus audio codec;No Perception Upgrade;Wrapped with flannel;New UI;Linux;4-inch multi-touch screen with 480&#215;800 resolution;One wireless BT expansion Mic CPW25-BT-Single(Optional)(pending);Built-in Battery;Up to 20-hour talk time;Up to 75-hour standby time in Wi-Fi mode, 167-hour [&hellip;]","og_url":"https:\/\/tictelecom.ca\/en\/products\/yealink-telephone-de-conference-sans-fil-cp935w-w70b\/","og_site_name":"TIC t\u00e9l\u00e9phonie industrielle &amp; commerciale inc.","article_modified_time":"2023-11-22T20:44:48+00:00","og_image":[{"width":779,"height":612,"url":"https:\/\/tictelecom.ca\/wp-content\/uploads\/2023\/11\/CP935WBASE.png","type":"image\/png"}],"twitter_card":"summary_large_image","twitter_misc":{"Est. reading time":"1 minute"},"schema":{"@context":"https:\/\/schema.org","@graph":[{"@type":"WebPage","@id":"https:\/\/tictelecom.ca\/en\/products\/yealink-telephone-de-conference-sans-fil-cp935w-w70b\/","url":"https:\/\/tictelecom.ca\/en\/products\/yealink-telephone-de-conference-sans-fil-cp935w-w70b\/","name":"Yealink Wireless Conference Phone CP935W\/W70B - TIC t\u00e9l\u00e9phonie industrielle &amp; commerciale inc.","isPartOf":{"@id":"https:\/\/tictelecom.ca\/#website"},"primaryImageOfPage":{"@id":"https:\/\/tictelecom.ca\/en\/products\/yealink-telephone-de-conference-sans-fil-cp935w-w70b\/#primaryimage"},"image":{"@id":"https:\/\/tictelecom.ca\/en\/products\/yealink-telephone-de-conference-sans-fil-cp935w-w70b\/#primaryimage"},"thumbnailUrl":"https:\/\/tictelecom.ca\/wp-content\/uploads\/2023\/11\/CP935WBASE.png","datePublished":"2023-11-22T20:41:57+00:00","dateModified":"2023-11-22T20:44:48+00:00","breadcrumb":{"@id":"https:\/\/tictelecom.ca\/en\/products\/yealink-telephone-de-conference-sans-fil-cp935w-w70b\/#breadcrumb"},"inLanguage":"en-US","potentialAction":[{"@type":"ReadAction","target":["https:\/\/tictelecom.ca\/en\/products\/yealink-telephone-de-conference-sans-fil-cp935w-w70b\/"]}]},{"@type":"ImageObject","inLanguage":"en-US","@id":"https:\/\/tictelecom.ca\/en\/products\/yealink-telephone-de-conference-sans-fil-cp935w-w70b\/#primaryimage","url":"https:\/\/tictelecom.ca\/wp-content\/uploads\/2023\/11\/CP935WBASE.png","contentUrl":"https:\/\/tictelecom.ca\/wp-content\/uploads\/2023\/11\/CP935WBASE.png","width":779,"height":612},{"@type":"BreadcrumbList","@id":"https:\/\/tictelecom.ca\/en\/products\/yealink-telephone-de-conference-sans-fil-cp935w-w70b\/#breadcrumb","itemListElement":[{"@type":"ListItem","position":1,"name":"Accueil","item":"https:\/\/tictelecom.ca\/en\/"},{"@type":"ListItem","position":2,"name":"Produits","item":"https:\/\/tictelecom.ca\/produits\/"},{"@type":"ListItem","position":3,"name":"Yealink Wireless Conference Phone CP935W\/W70B"}]},{"@type":"WebSite","@id":"https:\/\/tictelecom.ca\/#website","url":"https:\/\/tictelecom.ca\/","name":"TIC t\u00e9l\u00e9phonie industrielle &amp; commerciale inc.","description":"T\u00e9l\u00e9phonie VoIP TIC T\u00e9l\u00e9com","potentialAction":[{"@type":"SearchAction","target":{"@type":"EntryPoint","urlTemplate":"https:\/\/tictelecom.ca\/?s={search_term_string}"},"query-input":{"@type":"PropertyValueSpecification","valueRequired":true,"valueName":"search_term_string"}}],"inLanguage":"en-US"}]}},"_links":{"self":[{"href":"https:\/\/tictelecom.ca\/en\/wp-json\/wp\/v2\/product\/645","targetHints":{"allow":["GET"]}}],"collection":[{"href":"https:\/\/tictelecom.ca\/en\/wp-json\/wp\/v2\/product"}],"about":[{"href":"https:\/\/tictelecom.ca\/en\/wp-json\/wp\/v2\/types\/product"}],"wp:featuredmedia":[{"embeddable":true,"href":"https:\/\/tictelecom.ca\/en\/wp-json\/wp\/v2\/media\/644"}],"wp:attachment":[{"href":"https:\/\/tictelecom.ca\/en\/wp-json\/wp\/v2\/media?parent=645"}],"wp:term":[{"taxonomy":"product_brand","embeddable":true,"href":"https:\/\/tictelecom.ca\/en\/wp-json\/wp\/v2\/product_brand?post=645"},{"taxonomy":"product_cat","embeddable":true,"href":"https:\/\/tictelecom.ca\/en\/wp-json\/wp\/v2\/product_cat?post=645"},{"taxonomy":"product_tag","embeddable":true,"href":"https:\/\/tictelecom.ca\/en\/wp-json\/wp\/v2\/product_tag?post=645"}],"curies":[{"name":"wp","href":"https:\/\/api.w.org\/{rel}","templated":true}]}}