{"id":675,"date":"2024-10-31T12:52:18","date_gmt":"2024-10-31T16:52:18","guid":{"rendered":"https:\/\/tictelecom.ca\/produits\/yealink-wh64-hybrid-dual-teams\/"},"modified":"2024-10-31T13:05:12","modified_gmt":"2024-10-31T17:05:12","slug":"yealink-wh64-hybrid-dual-teams","status":"publish","type":"product","link":"https:\/\/tictelecom.ca\/en\/products\/yealink-wh64-hybrid-dual-teams\/","title":{"rendered":"Yealink WH64 Hybrid Dual Teams"},"content":{"rendered":"<p>WH64 Hybrid Dual Teams. Headset: (Dual\/Stereo version)<\/p>\n<p>\u2022 Weights: 151g<\/p>\n<p>\u2022 Bluetooth &amp; DECT Hybrid Wireless Technology<\/p>\n<p>\u2022 3 mic beamforming noise cancellation<\/p>\n<p>\u2022 Talk time(up to): 16h(Dual, DECT Mode)<\/p>\n<p>\u2022 Bluetooth: 5.2<\/p>\n<p>\u2022 Busylight on headset<\/p>\n<p>Package Contents: \u2022 DECT Dongle, USB-A (WDD60) \u2022 Dual headset(WHD642T) \u2022 Carrying Bag \u2022 USB 2.0 Cable (USB-A to USB-C) \u2022 Quick\u00a0Start\u00a0Guide &amp; Regulatory Notices<\/p>\n","protected":false},"excerpt":{"rendered":"<p>WH64 Hybrid Dual Teams. Headset: (Dual\/Stereo version) \u2022 Weights: 151g \u2022 Bluetooth &amp; DECT Hybrid Wireless Technology \u2022 3 mic beamforming noise cancellation \u2022 Talk time(up to): 16h(Dual, DECT Mode) \u2022 Bluetooth: 5.2 \u2022 Busylight on headset Package Contents: \u2022 DECT Dongle, USB-A (WDD60) \u2022 Dual headset(WHD642T) \u2022 Carrying Bag \u2022 USB 2.0 Cable (USB-A [&hellip;]<\/p>\n","protected":false},"featured_media":674,"template":"","meta":{"_acf_changed":false},"product_brand":[],"product_cat":[30,31],"product_tag":[],"class_list":{"0":"post-675","1":"product","2":"type-product","3":"status-publish","4":"has-post-thumbnail","6":"product_cat-bluetooth-wireless-headset","7":"product_cat-dect-wireless-headset","9":"first","10":"outofstock","11":"taxable","12":"shipping-taxable","13":"purchasable","14":"product-type-simple"},"acf":[],"yoast_head":"<!-- This site is optimized with the Yoast SEO plugin v23.6 - https:\/\/yoast.com\/wordpress\/plugins\/seo\/ -->\n<title>Yealink WH64 Hybrid Dual Teams - TIC t\u00e9l\u00e9phonie industrielle &amp; commerciale inc.<\/title>\n<meta name=\"robots\" content=\"index, follow, max-snippet:-1, max-image-preview:large, max-video-preview:-1\" \/>\n<link rel=\"canonical\" href=\"https:\/\/tictelecom.ca\/en\/products\/yealink-wh64-hybrid-dual-teams\/\" \/>\n<meta property=\"og:locale\" content=\"en_US\" \/>\n<meta property=\"og:type\" content=\"article\" \/>\n<meta property=\"og:title\" content=\"Yealink WH64 Hybrid Dual Teams - TIC t\u00e9l\u00e9phonie industrielle &amp; commerciale inc.\" \/>\n<meta property=\"og:description\" content=\"WH64 Hybrid Dual Teams. Headset: (Dual\/Stereo version) \u2022 Weights: 151g \u2022 Bluetooth &amp; DECT Hybrid Wireless Technology \u2022 3 mic beamforming noise cancellation \u2022 Talk time(up to): 16h(Dual, DECT Mode) \u2022 Bluetooth: 5.2 \u2022 Busylight on headset Package Contents: \u2022 DECT Dongle, USB-A (WDD60) \u2022 Dual headset(WHD642T) \u2022 Carrying Bag \u2022 USB 2.0 Cable (USB-A [&hellip;]\" \/>\n<meta property=\"og:url\" content=\"https:\/\/tictelecom.ca\/en\/products\/yealink-wh64-hybrid-dual-teams\/\" \/>\n<meta property=\"og:site_name\" content=\"TIC t\u00e9l\u00e9phonie industrielle &amp; commerciale inc.\" \/>\n<meta property=\"article:modified_time\" content=\"2024-10-31T17:05:12+00:00\" \/>\n<meta property=\"og:image\" content=\"https:\/\/tictelecom.ca\/wp-content\/uploads\/2024\/10\/wh64hybrid1.png\" \/>\n\t<meta property=\"og:image:width\" content=\"270\" \/>\n\t<meta property=\"og:image:height\" content=\"285\" \/>\n\t<meta property=\"og:image:type\" content=\"image\/png\" \/>\n<meta name=\"twitter:card\" content=\"summary_large_image\" \/>\n<script type=\"application\/ld+json\" class=\"yoast-schema-graph\">{\"@context\":\"https:\/\/schema.org\",\"@graph\":[{\"@type\":\"WebPage\",\"@id\":\"https:\/\/tictelecom.ca\/en\/products\/yealink-wh64-hybrid-dual-teams\/\",\"url\":\"https:\/\/tictelecom.ca\/en\/products\/yealink-wh64-hybrid-dual-teams\/\",\"name\":\"Yealink WH64 Hybrid Dual Teams - TIC t\u00e9l\u00e9phonie industrielle &amp; commerciale inc.\",\"isPartOf\":{\"@id\":\"https:\/\/tictelecom.ca\/#website\"},\"primaryImageOfPage\":{\"@id\":\"https:\/\/tictelecom.ca\/en\/products\/yealink-wh64-hybrid-dual-teams\/#primaryimage\"},\"image\":{\"@id\":\"https:\/\/tictelecom.ca\/en\/products\/yealink-wh64-hybrid-dual-teams\/#primaryimage\"},\"thumbnailUrl\":\"https:\/\/tictelecom.ca\/wp-content\/uploads\/2024\/10\/wh64hybrid1.png\",\"datePublished\":\"2024-10-31T16:52:18+00:00\",\"dateModified\":\"2024-10-31T17:05:12+00:00\",\"breadcrumb\":{\"@id\":\"https:\/\/tictelecom.ca\/en\/products\/yealink-wh64-hybrid-dual-teams\/#breadcrumb\"},\"inLanguage\":\"en-US\",\"potentialAction\":[{\"@type\":\"ReadAction\",\"target\":[\"https:\/\/tictelecom.ca\/en\/products\/yealink-wh64-hybrid-dual-teams\/\"]}]},{\"@type\":\"ImageObject\",\"inLanguage\":\"en-US\",\"@id\":\"https:\/\/tictelecom.ca\/en\/products\/yealink-wh64-hybrid-dual-teams\/#primaryimage\",\"url\":\"https:\/\/tictelecom.ca\/wp-content\/uploads\/2024\/10\/wh64hybrid1.png\",\"contentUrl\":\"https:\/\/tictelecom.ca\/wp-content\/uploads\/2024\/10\/wh64hybrid1.png\",\"width\":270,\"height\":285},{\"@type\":\"BreadcrumbList\",\"@id\":\"https:\/\/tictelecom.ca\/en\/products\/yealink-wh64-hybrid-dual-teams\/#breadcrumb\",\"itemListElement\":[{\"@type\":\"ListItem\",\"position\":1,\"name\":\"Accueil\",\"item\":\"https:\/\/tictelecom.ca\/en\/\"},{\"@type\":\"ListItem\",\"position\":2,\"name\":\"Produits\",\"item\":\"https:\/\/tictelecom.ca\/produits\/\"},{\"@type\":\"ListItem\",\"position\":3,\"name\":\"Yealink WH64 Hybrid Dual Teams\"}]},{\"@type\":\"WebSite\",\"@id\":\"https:\/\/tictelecom.ca\/#website\",\"url\":\"https:\/\/tictelecom.ca\/\",\"name\":\"TIC t\u00e9l\u00e9phonie industrielle &amp; commerciale inc.\",\"description\":\"T\u00e9l\u00e9phonie VoIP TIC T\u00e9l\u00e9com\",\"potentialAction\":[{\"@type\":\"SearchAction\",\"target\":{\"@type\":\"EntryPoint\",\"urlTemplate\":\"https:\/\/tictelecom.ca\/?s={search_term_string}\"},\"query-input\":{\"@type\":\"PropertyValueSpecification\",\"valueRequired\":true,\"valueName\":\"search_term_string\"}}],\"inLanguage\":\"en-US\"}]}<\/script>\n<!-- \/ Yoast SEO plugin. -->","yoast_head_json":{"title":"Yealink WH64 Hybrid Dual Teams - TIC t\u00e9l\u00e9phonie industrielle &amp; commerciale inc.","robots":{"index":"index","follow":"follow","max-snippet":"max-snippet:-1","max-image-preview":"max-image-preview:large","max-video-preview":"max-video-preview:-1"},"canonical":"https:\/\/tictelecom.ca\/en\/products\/yealink-wh64-hybrid-dual-teams\/","og_locale":"en_US","og_type":"article","og_title":"Yealink WH64 Hybrid Dual Teams - TIC t\u00e9l\u00e9phonie industrielle &amp; commerciale inc.","og_description":"WH64 Hybrid Dual Teams. Headset: (Dual\/Stereo version) \u2022 Weights: 151g \u2022 Bluetooth &amp; DECT Hybrid Wireless Technology \u2022 3 mic beamforming noise cancellation \u2022 Talk time(up to): 16h(Dual, DECT Mode) \u2022 Bluetooth: 5.2 \u2022 Busylight on headset Package Contents: \u2022 DECT Dongle, USB-A (WDD60) \u2022 Dual headset(WHD642T) \u2022 Carrying Bag \u2022 USB 2.0 Cable (USB-A [&hellip;]","og_url":"https:\/\/tictelecom.ca\/en\/products\/yealink-wh64-hybrid-dual-teams\/","og_site_name":"TIC t\u00e9l\u00e9phonie industrielle &amp; commerciale inc.","article_modified_time":"2024-10-31T17:05:12+00:00","og_image":[{"width":270,"height":285,"url":"https:\/\/tictelecom.ca\/wp-content\/uploads\/2024\/10\/wh64hybrid1.png","type":"image\/png"}],"twitter_card":"summary_large_image","schema":{"@context":"https:\/\/schema.org","@graph":[{"@type":"WebPage","@id":"https:\/\/tictelecom.ca\/en\/products\/yealink-wh64-hybrid-dual-teams\/","url":"https:\/\/tictelecom.ca\/en\/products\/yealink-wh64-hybrid-dual-teams\/","name":"Yealink WH64 Hybrid Dual Teams - TIC t\u00e9l\u00e9phonie industrielle &amp; commerciale inc.","isPartOf":{"@id":"https:\/\/tictelecom.ca\/#website"},"primaryImageOfPage":{"@id":"https:\/\/tictelecom.ca\/en\/products\/yealink-wh64-hybrid-dual-teams\/#primaryimage"},"image":{"@id":"https:\/\/tictelecom.ca\/en\/products\/yealink-wh64-hybrid-dual-teams\/#primaryimage"},"thumbnailUrl":"https:\/\/tictelecom.ca\/wp-content\/uploads\/2024\/10\/wh64hybrid1.png","datePublished":"2024-10-31T16:52:18+00:00","dateModified":"2024-10-31T17:05:12+00:00","breadcrumb":{"@id":"https:\/\/tictelecom.ca\/en\/products\/yealink-wh64-hybrid-dual-teams\/#breadcrumb"},"inLanguage":"en-US","potentialAction":[{"@type":"ReadAction","target":["https:\/\/tictelecom.ca\/en\/products\/yealink-wh64-hybrid-dual-teams\/"]}]},{"@type":"ImageObject","inLanguage":"en-US","@id":"https:\/\/tictelecom.ca\/en\/products\/yealink-wh64-hybrid-dual-teams\/#primaryimage","url":"https:\/\/tictelecom.ca\/wp-content\/uploads\/2024\/10\/wh64hybrid1.png","contentUrl":"https:\/\/tictelecom.ca\/wp-content\/uploads\/2024\/10\/wh64hybrid1.png","width":270,"height":285},{"@type":"BreadcrumbList","@id":"https:\/\/tictelecom.ca\/en\/products\/yealink-wh64-hybrid-dual-teams\/#breadcrumb","itemListElement":[{"@type":"ListItem","position":1,"name":"Accueil","item":"https:\/\/tictelecom.ca\/en\/"},{"@type":"ListItem","position":2,"name":"Produits","item":"https:\/\/tictelecom.ca\/produits\/"},{"@type":"ListItem","position":3,"name":"Yealink WH64 Hybrid Dual Teams"}]},{"@type":"WebSite","@id":"https:\/\/tictelecom.ca\/#website","url":"https:\/\/tictelecom.ca\/","name":"TIC t\u00e9l\u00e9phonie industrielle &amp; commerciale inc.","description":"T\u00e9l\u00e9phonie VoIP TIC T\u00e9l\u00e9com","potentialAction":[{"@type":"SearchAction","target":{"@type":"EntryPoint","urlTemplate":"https:\/\/tictelecom.ca\/?s={search_term_string}"},"query-input":{"@type":"PropertyValueSpecification","valueRequired":true,"valueName":"search_term_string"}}],"inLanguage":"en-US"}]}},"_links":{"self":[{"href":"https:\/\/tictelecom.ca\/en\/wp-json\/wp\/v2\/product\/675","targetHints":{"allow":["GET"]}}],"collection":[{"href":"https:\/\/tictelecom.ca\/en\/wp-json\/wp\/v2\/product"}],"about":[{"href":"https:\/\/tictelecom.ca\/en\/wp-json\/wp\/v2\/types\/product"}],"wp:featuredmedia":[{"embeddable":true,"href":"https:\/\/tictelecom.ca\/en\/wp-json\/wp\/v2\/media\/674"}],"wp:attachment":[{"href":"https:\/\/tictelecom.ca\/en\/wp-json\/wp\/v2\/media?parent=675"}],"wp:term":[{"taxonomy":"product_brand","embeddable":true,"href":"https:\/\/tictelecom.ca\/en\/wp-json\/wp\/v2\/product_brand?post=675"},{"taxonomy":"product_cat","embeddable":true,"href":"https:\/\/tictelecom.ca\/en\/wp-json\/wp\/v2\/product_cat?post=675"},{"taxonomy":"product_tag","embeddable":true,"href":"https:\/\/tictelecom.ca\/en\/wp-json\/wp\/v2\/product_tag?post=675"}],"curies":[{"name":"wp","href":"https:\/\/api.w.org\/{rel}","templated":true}]}}