{"id":684,"date":"2024-10-31T13:12:18","date_gmt":"2024-10-31T17:12:18","guid":{"rendered":"https:\/\/tictelecom.ca\/produits\/yealink-wh63-portable\/"},"modified":"2024-10-31T13:12:18","modified_gmt":"2024-10-31T17:12:18","slug":"yealink-wh63-portable","status":"publish","type":"product","link":"https:\/\/tictelecom.ca\/en\/products\/yealink-wh63-portable\/","title":{"rendered":"Yealink WH63 Portable"},"content":{"rendered":"<p>WH63 Portable Teams; Microsoft Certified Teams Standard DECT Wireless Headset<\/p>\n<p>DECT Headset: WHM631T<\/p>\n<p>Convertible Multiple Wearing Style Headset<\/p>\n<p>Busylight on headset<\/p>\n<p>Yealink Acoustic Shield Technology<\/p>\n<p>DECT Dongle: WDD60<\/p>\n<p>Charging Cable<\/p>\n<p>Carry Bag.<\/p>\n","protected":false},"excerpt":{"rendered":"<p>WH63 Portable Teams; Microsoft Certified Teams Standard DECT Wireless Headset DECT Headset: WHM631T Convertible Multiple Wearing Style Headset Busylight on headset Yealink Acoustic Shield Technology DECT Dongle: WDD60 Charging Cable Carry Bag.<\/p>\n","protected":false},"featured_media":683,"template":"","meta":{"_acf_changed":false},"product_brand":[],"product_cat":[31],"product_tag":[],"class_list":{"0":"post-684","1":"product","2":"type-product","3":"status-publish","4":"has-post-thumbnail","6":"product_cat-dect-wireless-headset","8":"first","9":"outofstock","10":"taxable","11":"shipping-taxable","12":"purchasable","13":"product-type-simple"},"acf":[],"yoast_head":"<!-- This site is optimized with the Yoast SEO plugin v23.6 - https:\/\/yoast.com\/wordpress\/plugins\/seo\/ -->\n<title>Yealink WH63 Portable - TIC t\u00e9l\u00e9phonie industrielle &amp; commerciale inc.<\/title>\n<meta name=\"robots\" content=\"index, follow, max-snippet:-1, max-image-preview:large, max-video-preview:-1\" \/>\n<link rel=\"canonical\" href=\"https:\/\/tictelecom.ca\/en\/products\/yealink-wh63-portable\/\" \/>\n<meta property=\"og:locale\" content=\"en_US\" \/>\n<meta property=\"og:type\" content=\"article\" \/>\n<meta property=\"og:title\" content=\"Yealink WH63 Portable - TIC t\u00e9l\u00e9phonie industrielle &amp; commerciale inc.\" \/>\n<meta property=\"og:description\" content=\"WH63 Portable Teams; Microsoft Certified Teams Standard DECT Wireless Headset DECT Headset: WHM631T Convertible Multiple Wearing Style Headset Busylight on headset Yealink Acoustic Shield Technology DECT Dongle: WDD60 Charging Cable Carry Bag.\" \/>\n<meta property=\"og:url\" content=\"https:\/\/tictelecom.ca\/en\/products\/yealink-wh63-portable\/\" \/>\n<meta property=\"og:site_name\" content=\"TIC t\u00e9l\u00e9phonie industrielle &amp; commerciale inc.\" \/>\n<meta property=\"og:image\" content=\"https:\/\/tictelecom.ca\/wp-content\/uploads\/2024\/10\/WH63portable.png\" \/>\n\t<meta property=\"og:image:width\" content=\"270\" \/>\n\t<meta property=\"og:image:height\" content=\"285\" \/>\n\t<meta property=\"og:image:type\" content=\"image\/png\" \/>\n<meta name=\"twitter:card\" content=\"summary_large_image\" \/>\n<script type=\"application\/ld+json\" class=\"yoast-schema-graph\">{\"@context\":\"https:\/\/schema.org\",\"@graph\":[{\"@type\":\"WebPage\",\"@id\":\"https:\/\/tictelecom.ca\/en\/products\/yealink-wh63-portable\/\",\"url\":\"https:\/\/tictelecom.ca\/en\/products\/yealink-wh63-portable\/\",\"name\":\"Yealink WH63 Portable - TIC t\u00e9l\u00e9phonie industrielle &amp; commerciale inc.\",\"isPartOf\":{\"@id\":\"https:\/\/tictelecom.ca\/#website\"},\"primaryImageOfPage\":{\"@id\":\"https:\/\/tictelecom.ca\/en\/products\/yealink-wh63-portable\/#primaryimage\"},\"image\":{\"@id\":\"https:\/\/tictelecom.ca\/en\/products\/yealink-wh63-portable\/#primaryimage\"},\"thumbnailUrl\":\"https:\/\/tictelecom.ca\/wp-content\/uploads\/2024\/10\/WH63portable.png\",\"datePublished\":\"2024-10-31T17:12:18+00:00\",\"dateModified\":\"2024-10-31T17:12:18+00:00\",\"breadcrumb\":{\"@id\":\"https:\/\/tictelecom.ca\/en\/products\/yealink-wh63-portable\/#breadcrumb\"},\"inLanguage\":\"en-US\",\"potentialAction\":[{\"@type\":\"ReadAction\",\"target\":[\"https:\/\/tictelecom.ca\/en\/products\/yealink-wh63-portable\/\"]}]},{\"@type\":\"ImageObject\",\"inLanguage\":\"en-US\",\"@id\":\"https:\/\/tictelecom.ca\/en\/products\/yealink-wh63-portable\/#primaryimage\",\"url\":\"https:\/\/tictelecom.ca\/wp-content\/uploads\/2024\/10\/WH63portable.png\",\"contentUrl\":\"https:\/\/tictelecom.ca\/wp-content\/uploads\/2024\/10\/WH63portable.png\",\"width\":270,\"height\":285},{\"@type\":\"BreadcrumbList\",\"@id\":\"https:\/\/tictelecom.ca\/en\/products\/yealink-wh63-portable\/#breadcrumb\",\"itemListElement\":[{\"@type\":\"ListItem\",\"position\":1,\"name\":\"Accueil\",\"item\":\"https:\/\/tictelecom.ca\/en\/\"},{\"@type\":\"ListItem\",\"position\":2,\"name\":\"Produits\",\"item\":\"https:\/\/tictelecom.ca\/produits\/\"},{\"@type\":\"ListItem\",\"position\":3,\"name\":\"Yealink WH63 Portable\"}]},{\"@type\":\"WebSite\",\"@id\":\"https:\/\/tictelecom.ca\/#website\",\"url\":\"https:\/\/tictelecom.ca\/\",\"name\":\"TIC t\u00e9l\u00e9phonie industrielle &amp; commerciale inc.\",\"description\":\"T\u00e9l\u00e9phonie VoIP TIC T\u00e9l\u00e9com\",\"potentialAction\":[{\"@type\":\"SearchAction\",\"target\":{\"@type\":\"EntryPoint\",\"urlTemplate\":\"https:\/\/tictelecom.ca\/?s={search_term_string}\"},\"query-input\":{\"@type\":\"PropertyValueSpecification\",\"valueRequired\":true,\"valueName\":\"search_term_string\"}}],\"inLanguage\":\"en-US\"}]}<\/script>\n<!-- \/ Yoast SEO plugin. -->","yoast_head_json":{"title":"Yealink WH63 Portable - TIC t\u00e9l\u00e9phonie industrielle &amp; commerciale inc.","robots":{"index":"index","follow":"follow","max-snippet":"max-snippet:-1","max-image-preview":"max-image-preview:large","max-video-preview":"max-video-preview:-1"},"canonical":"https:\/\/tictelecom.ca\/en\/products\/yealink-wh63-portable\/","og_locale":"en_US","og_type":"article","og_title":"Yealink WH63 Portable - TIC t\u00e9l\u00e9phonie industrielle &amp; commerciale inc.","og_description":"WH63 Portable Teams; Microsoft Certified Teams Standard DECT Wireless Headset DECT Headset: WHM631T Convertible Multiple Wearing Style Headset Busylight on headset Yealink Acoustic Shield Technology DECT Dongle: WDD60 Charging Cable Carry Bag.","og_url":"https:\/\/tictelecom.ca\/en\/products\/yealink-wh63-portable\/","og_site_name":"TIC t\u00e9l\u00e9phonie industrielle &amp; commerciale inc.","og_image":[{"width":270,"height":285,"url":"https:\/\/tictelecom.ca\/wp-content\/uploads\/2024\/10\/WH63portable.png","type":"image\/png"}],"twitter_card":"summary_large_image","schema":{"@context":"https:\/\/schema.org","@graph":[{"@type":"WebPage","@id":"https:\/\/tictelecom.ca\/en\/products\/yealink-wh63-portable\/","url":"https:\/\/tictelecom.ca\/en\/products\/yealink-wh63-portable\/","name":"Yealink WH63 Portable - TIC t\u00e9l\u00e9phonie industrielle &amp; commerciale inc.","isPartOf":{"@id":"https:\/\/tictelecom.ca\/#website"},"primaryImageOfPage":{"@id":"https:\/\/tictelecom.ca\/en\/products\/yealink-wh63-portable\/#primaryimage"},"image":{"@id":"https:\/\/tictelecom.ca\/en\/products\/yealink-wh63-portable\/#primaryimage"},"thumbnailUrl":"https:\/\/tictelecom.ca\/wp-content\/uploads\/2024\/10\/WH63portable.png","datePublished":"2024-10-31T17:12:18+00:00","dateModified":"2024-10-31T17:12:18+00:00","breadcrumb":{"@id":"https:\/\/tictelecom.ca\/en\/products\/yealink-wh63-portable\/#breadcrumb"},"inLanguage":"en-US","potentialAction":[{"@type":"ReadAction","target":["https:\/\/tictelecom.ca\/en\/products\/yealink-wh63-portable\/"]}]},{"@type":"ImageObject","inLanguage":"en-US","@id":"https:\/\/tictelecom.ca\/en\/products\/yealink-wh63-portable\/#primaryimage","url":"https:\/\/tictelecom.ca\/wp-content\/uploads\/2024\/10\/WH63portable.png","contentUrl":"https:\/\/tictelecom.ca\/wp-content\/uploads\/2024\/10\/WH63portable.png","width":270,"height":285},{"@type":"BreadcrumbList","@id":"https:\/\/tictelecom.ca\/en\/products\/yealink-wh63-portable\/#breadcrumb","itemListElement":[{"@type":"ListItem","position":1,"name":"Accueil","item":"https:\/\/tictelecom.ca\/en\/"},{"@type":"ListItem","position":2,"name":"Produits","item":"https:\/\/tictelecom.ca\/produits\/"},{"@type":"ListItem","position":3,"name":"Yealink WH63 Portable"}]},{"@type":"WebSite","@id":"https:\/\/tictelecom.ca\/#website","url":"https:\/\/tictelecom.ca\/","name":"TIC t\u00e9l\u00e9phonie industrielle &amp; commerciale inc.","description":"T\u00e9l\u00e9phonie VoIP TIC T\u00e9l\u00e9com","potentialAction":[{"@type":"SearchAction","target":{"@type":"EntryPoint","urlTemplate":"https:\/\/tictelecom.ca\/?s={search_term_string}"},"query-input":{"@type":"PropertyValueSpecification","valueRequired":true,"valueName":"search_term_string"}}],"inLanguage":"en-US"}]}},"_links":{"self":[{"href":"https:\/\/tictelecom.ca\/en\/wp-json\/wp\/v2\/product\/684","targetHints":{"allow":["GET"]}}],"collection":[{"href":"https:\/\/tictelecom.ca\/en\/wp-json\/wp\/v2\/product"}],"about":[{"href":"https:\/\/tictelecom.ca\/en\/wp-json\/wp\/v2\/types\/product"}],"wp:featuredmedia":[{"embeddable":true,"href":"https:\/\/tictelecom.ca\/en\/wp-json\/wp\/v2\/media\/683"}],"wp:attachment":[{"href":"https:\/\/tictelecom.ca\/en\/wp-json\/wp\/v2\/media?parent=684"}],"wp:term":[{"taxonomy":"product_brand","embeddable":true,"href":"https:\/\/tictelecom.ca\/en\/wp-json\/wp\/v2\/product_brand?post=684"},{"taxonomy":"product_cat","embeddable":true,"href":"https:\/\/tictelecom.ca\/en\/wp-json\/wp\/v2\/product_cat?post=684"},{"taxonomy":"product_tag","embeddable":true,"href":"https:\/\/tictelecom.ca\/en\/wp-json\/wp\/v2\/product_tag?post=684"}],"curies":[{"name":"wp","href":"https:\/\/api.w.org\/{rel}","templated":true}]}}