{"id":692,"date":"2024-10-31T13:29:03","date_gmt":"2024-10-31T17:29:03","guid":{"rendered":"https:\/\/tictelecom.ca\/produits\/yealink-uh34-dual-teams-usb-headset\/"},"modified":"2024-10-31T13:29:03","modified_gmt":"2024-10-31T17:29:03","slug":"yealink-uh34-dual-teams-usb-headset","status":"publish","type":"product","link":"https:\/\/tictelecom.ca\/en\/products\/yealink-uh34-dual-teams-usb-headset\/","title":{"rendered":"Yealink UH34 Dual Teams USB Headset"},"content":{"rendered":"<p>UH34 Dual Teams Microsoft Certified Teams USB Wired Headset<\/p>\n<p>Binaural Ear (dual ear)<\/p>\n<p>USB-A 2.0<\/p>\n<p>Noise-Canceling Microphone<\/p>\n<p>Leather Ear Cushions<\/p>\n<p>Controller(Microsoft Teams button)<\/p>\n","protected":false},"excerpt":{"rendered":"<p>UH34 Dual Teams Microsoft Certified Teams USB Wired Headset Binaural Ear (dual ear) USB-A 2.0 Noise-Canceling Microphone Leather Ear Cushions Controller(Microsoft Teams button)<\/p>\n","protected":false},"featured_media":691,"template":"","meta":{"_acf_changed":false},"product_brand":[],"product_cat":[29],"product_tag":[],"class_list":{"0":"post-692","1":"product","2":"type-product","3":"status-publish","4":"has-post-thumbnail","6":"product_cat-usb-headset","8":"first","9":"outofstock","10":"taxable","11":"shipping-taxable","12":"purchasable","13":"product-type-simple"},"acf":[],"yoast_head":"<!-- This site is optimized with the Yoast SEO plugin v23.6 - https:\/\/yoast.com\/wordpress\/plugins\/seo\/ -->\n<title>Yealink UH34 Dual Teams USB Headset - TIC t\u00e9l\u00e9phonie industrielle &amp; commerciale inc.<\/title>\n<meta name=\"robots\" content=\"index, follow, max-snippet:-1, max-image-preview:large, max-video-preview:-1\" \/>\n<link rel=\"canonical\" href=\"https:\/\/tictelecom.ca\/en\/products\/yealink-uh34-dual-teams-usb-headset\/\" \/>\n<meta property=\"og:locale\" content=\"en_US\" \/>\n<meta property=\"og:type\" content=\"article\" \/>\n<meta property=\"og:title\" content=\"Yealink UH34 Dual Teams USB Headset - TIC t\u00e9l\u00e9phonie industrielle &amp; commerciale inc.\" \/>\n<meta property=\"og:description\" content=\"UH34 Dual Teams Microsoft Certified Teams USB Wired Headset Binaural Ear (dual ear) USB-A 2.0 Noise-Canceling Microphone Leather Ear Cushions Controller(Microsoft Teams button)\" \/>\n<meta property=\"og:url\" content=\"https:\/\/tictelecom.ca\/en\/products\/yealink-uh34-dual-teams-usb-headset\/\" \/>\n<meta property=\"og:site_name\" content=\"TIC t\u00e9l\u00e9phonie industrielle &amp; commerciale inc.\" \/>\n<meta property=\"og:image\" content=\"https:\/\/tictelecom.ca\/wp-content\/uploads\/2024\/10\/UH34DUOTEAMS.png\" \/>\n\t<meta property=\"og:image:width\" content=\"639\" \/>\n\t<meta property=\"og:image:height\" content=\"447\" \/>\n\t<meta property=\"og:image:type\" content=\"image\/png\" \/>\n<meta name=\"twitter:card\" content=\"summary_large_image\" \/>\n<script type=\"application\/ld+json\" class=\"yoast-schema-graph\">{\"@context\":\"https:\/\/schema.org\",\"@graph\":[{\"@type\":\"WebPage\",\"@id\":\"https:\/\/tictelecom.ca\/en\/products\/yealink-uh34-dual-teams-usb-headset\/\",\"url\":\"https:\/\/tictelecom.ca\/en\/products\/yealink-uh34-dual-teams-usb-headset\/\",\"name\":\"Yealink UH34 Dual Teams USB Headset - TIC t\u00e9l\u00e9phonie industrielle &amp; commerciale inc.\",\"isPartOf\":{\"@id\":\"https:\/\/tictelecom.ca\/#website\"},\"primaryImageOfPage\":{\"@id\":\"https:\/\/tictelecom.ca\/en\/products\/yealink-uh34-dual-teams-usb-headset\/#primaryimage\"},\"image\":{\"@id\":\"https:\/\/tictelecom.ca\/en\/products\/yealink-uh34-dual-teams-usb-headset\/#primaryimage\"},\"thumbnailUrl\":\"https:\/\/tictelecom.ca\/wp-content\/uploads\/2024\/10\/UH34DUOTEAMS.png\",\"datePublished\":\"2024-10-31T17:29:03+00:00\",\"dateModified\":\"2024-10-31T17:29:03+00:00\",\"breadcrumb\":{\"@id\":\"https:\/\/tictelecom.ca\/en\/products\/yealink-uh34-dual-teams-usb-headset\/#breadcrumb\"},\"inLanguage\":\"en-US\",\"potentialAction\":[{\"@type\":\"ReadAction\",\"target\":[\"https:\/\/tictelecom.ca\/en\/products\/yealink-uh34-dual-teams-usb-headset\/\"]}]},{\"@type\":\"ImageObject\",\"inLanguage\":\"en-US\",\"@id\":\"https:\/\/tictelecom.ca\/en\/products\/yealink-uh34-dual-teams-usb-headset\/#primaryimage\",\"url\":\"https:\/\/tictelecom.ca\/wp-content\/uploads\/2024\/10\/UH34DUOTEAMS.png\",\"contentUrl\":\"https:\/\/tictelecom.ca\/wp-content\/uploads\/2024\/10\/UH34DUOTEAMS.png\",\"width\":639,\"height\":447},{\"@type\":\"BreadcrumbList\",\"@id\":\"https:\/\/tictelecom.ca\/en\/products\/yealink-uh34-dual-teams-usb-headset\/#breadcrumb\",\"itemListElement\":[{\"@type\":\"ListItem\",\"position\":1,\"name\":\"Accueil\",\"item\":\"https:\/\/tictelecom.ca\/en\/\"},{\"@type\":\"ListItem\",\"position\":2,\"name\":\"Produits\",\"item\":\"https:\/\/tictelecom.ca\/produits\/\"},{\"@type\":\"ListItem\",\"position\":3,\"name\":\"Yealink UH34 Dual Teams USB Headset\"}]},{\"@type\":\"WebSite\",\"@id\":\"https:\/\/tictelecom.ca\/#website\",\"url\":\"https:\/\/tictelecom.ca\/\",\"name\":\"TIC t\u00e9l\u00e9phonie industrielle &amp; commerciale inc.\",\"description\":\"T\u00e9l\u00e9phonie VoIP TIC T\u00e9l\u00e9com\",\"potentialAction\":[{\"@type\":\"SearchAction\",\"target\":{\"@type\":\"EntryPoint\",\"urlTemplate\":\"https:\/\/tictelecom.ca\/?s={search_term_string}\"},\"query-input\":{\"@type\":\"PropertyValueSpecification\",\"valueRequired\":true,\"valueName\":\"search_term_string\"}}],\"inLanguage\":\"en-US\"}]}<\/script>\n<!-- \/ Yoast SEO plugin. -->","yoast_head_json":{"title":"Yealink UH34 Dual Teams USB Headset - TIC t\u00e9l\u00e9phonie industrielle &amp; commerciale inc.","robots":{"index":"index","follow":"follow","max-snippet":"max-snippet:-1","max-image-preview":"max-image-preview:large","max-video-preview":"max-video-preview:-1"},"canonical":"https:\/\/tictelecom.ca\/en\/products\/yealink-uh34-dual-teams-usb-headset\/","og_locale":"en_US","og_type":"article","og_title":"Yealink UH34 Dual Teams USB Headset - TIC t\u00e9l\u00e9phonie industrielle &amp; commerciale inc.","og_description":"UH34 Dual Teams Microsoft Certified Teams USB Wired Headset Binaural Ear (dual ear) USB-A 2.0 Noise-Canceling Microphone Leather Ear Cushions Controller(Microsoft Teams button)","og_url":"https:\/\/tictelecom.ca\/en\/products\/yealink-uh34-dual-teams-usb-headset\/","og_site_name":"TIC t\u00e9l\u00e9phonie industrielle &amp; commerciale inc.","og_image":[{"width":639,"height":447,"url":"https:\/\/tictelecom.ca\/wp-content\/uploads\/2024\/10\/UH34DUOTEAMS.png","type":"image\/png"}],"twitter_card":"summary_large_image","schema":{"@context":"https:\/\/schema.org","@graph":[{"@type":"WebPage","@id":"https:\/\/tictelecom.ca\/en\/products\/yealink-uh34-dual-teams-usb-headset\/","url":"https:\/\/tictelecom.ca\/en\/products\/yealink-uh34-dual-teams-usb-headset\/","name":"Yealink UH34 Dual Teams USB Headset - TIC t\u00e9l\u00e9phonie industrielle &amp; commerciale inc.","isPartOf":{"@id":"https:\/\/tictelecom.ca\/#website"},"primaryImageOfPage":{"@id":"https:\/\/tictelecom.ca\/en\/products\/yealink-uh34-dual-teams-usb-headset\/#primaryimage"},"image":{"@id":"https:\/\/tictelecom.ca\/en\/products\/yealink-uh34-dual-teams-usb-headset\/#primaryimage"},"thumbnailUrl":"https:\/\/tictelecom.ca\/wp-content\/uploads\/2024\/10\/UH34DUOTEAMS.png","datePublished":"2024-10-31T17:29:03+00:00","dateModified":"2024-10-31T17:29:03+00:00","breadcrumb":{"@id":"https:\/\/tictelecom.ca\/en\/products\/yealink-uh34-dual-teams-usb-headset\/#breadcrumb"},"inLanguage":"en-US","potentialAction":[{"@type":"ReadAction","target":["https:\/\/tictelecom.ca\/en\/products\/yealink-uh34-dual-teams-usb-headset\/"]}]},{"@type":"ImageObject","inLanguage":"en-US","@id":"https:\/\/tictelecom.ca\/en\/products\/yealink-uh34-dual-teams-usb-headset\/#primaryimage","url":"https:\/\/tictelecom.ca\/wp-content\/uploads\/2024\/10\/UH34DUOTEAMS.png","contentUrl":"https:\/\/tictelecom.ca\/wp-content\/uploads\/2024\/10\/UH34DUOTEAMS.png","width":639,"height":447},{"@type":"BreadcrumbList","@id":"https:\/\/tictelecom.ca\/en\/products\/yealink-uh34-dual-teams-usb-headset\/#breadcrumb","itemListElement":[{"@type":"ListItem","position":1,"name":"Accueil","item":"https:\/\/tictelecom.ca\/en\/"},{"@type":"ListItem","position":2,"name":"Produits","item":"https:\/\/tictelecom.ca\/produits\/"},{"@type":"ListItem","position":3,"name":"Yealink UH34 Dual Teams USB Headset"}]},{"@type":"WebSite","@id":"https:\/\/tictelecom.ca\/#website","url":"https:\/\/tictelecom.ca\/","name":"TIC t\u00e9l\u00e9phonie industrielle &amp; commerciale inc.","description":"T\u00e9l\u00e9phonie VoIP TIC T\u00e9l\u00e9com","potentialAction":[{"@type":"SearchAction","target":{"@type":"EntryPoint","urlTemplate":"https:\/\/tictelecom.ca\/?s={search_term_string}"},"query-input":{"@type":"PropertyValueSpecification","valueRequired":true,"valueName":"search_term_string"}}],"inLanguage":"en-US"}]}},"_links":{"self":[{"href":"https:\/\/tictelecom.ca\/en\/wp-json\/wp\/v2\/product\/692","targetHints":{"allow":["GET"]}}],"collection":[{"href":"https:\/\/tictelecom.ca\/en\/wp-json\/wp\/v2\/product"}],"about":[{"href":"https:\/\/tictelecom.ca\/en\/wp-json\/wp\/v2\/types\/product"}],"wp:featuredmedia":[{"embeddable":true,"href":"https:\/\/tictelecom.ca\/en\/wp-json\/wp\/v2\/media\/691"}],"wp:attachment":[{"href":"https:\/\/tictelecom.ca\/en\/wp-json\/wp\/v2\/media?parent=692"}],"wp:term":[{"taxonomy":"product_brand","embeddable":true,"href":"https:\/\/tictelecom.ca\/en\/wp-json\/wp\/v2\/product_brand?post=692"},{"taxonomy":"product_cat","embeddable":true,"href":"https:\/\/tictelecom.ca\/en\/wp-json\/wp\/v2\/product_cat?post=692"},{"taxonomy":"product_tag","embeddable":true,"href":"https:\/\/tictelecom.ca\/en\/wp-json\/wp\/v2\/product_tag?post=692"}],"curies":[{"name":"wp","href":"https:\/\/api.w.org\/{rel}","templated":true}]}}