{"id":709,"date":"2024-12-19T16:01:40","date_gmt":"2024-12-19T21:01:40","guid":{"rendered":"https:\/\/tictelecom.ca\/produits\/ehs60-electronic-lifter-for-yealink\/"},"modified":"2024-12-19T16:01:40","modified_gmt":"2024-12-19T21:01:40","slug":"ehs60-electronic-lifter-for-yealink","status":"publish","type":"product","link":"https:\/\/tictelecom.ca\/en\/products\/ehs60-electronic-lifter-for-yealink\/","title":{"rendered":"EHS60 Electronic lifter for Yealink"},"content":{"rendered":"<p>The advanced Yealink Headset Adapter EHS60 provides a technical interface between your Yealink DECT Headset and a compatible desk phone (Cisco, Avaya, Poly, Grandstream, Fanvil).<\/p>\n<p>It is easy to install and offers plug-and-play functionality, allowing remote control of phone calls, including answering, hanging up, and adjusting the volume (with microphone muting available only for Cisco phones).<\/p>\n<p>The adapter features a 1 x Micro USB port for Yealink wireless headsets (WH62\/WH63) with a 20 cm cable, as well as 1 x RJ45 (8P8C) and 1 x RJ9 (4P4C) headset jacks for connecting the desk phone, EHS60, and headset port through the included cable.<\/p>\n<p>It is compatible with Yealink wireless headsets (WH62\/WH63) and IP phones from Cisco, Avaya, Poly, Grandstream, and Fanvil.<\/p>\n<p>Incoming calls are signaled in the headset earpiece, and users can control calls through the remote wireless headset by answering, hanging up, adjusting the volume, or muting the microphone (for Cisco phones only).<\/p>\n","protected":false},"excerpt":{"rendered":"<p>The advanced Yealink Headset Adapter EHS60 provides a technical interface between your Yealink DECT Headset and a compatible desk phone (Cisco, Avaya, Poly, Grandstream, Fanvil). It is easy to install and offers plug-and-play functionality, allowing remote control of phone calls, including answering, hanging up, and adjusting the volume (with microphone muting available only for Cisco [&hellip;]<\/p>\n","protected":false},"featured_media":708,"template":"","meta":{"_acf_changed":false},"product_brand":[],"product_cat":[28],"product_tag":[],"class_list":{"0":"post-709","1":"product","2":"type-product","3":"status-publish","4":"has-post-thumbnail","6":"product_cat-accessories","8":"first","9":"outofstock","10":"taxable","11":"shipping-taxable","12":"purchasable","13":"product-type-simple"},"acf":[],"yoast_head":"<!-- This site is optimized with the Yoast SEO plugin v23.6 - https:\/\/yoast.com\/wordpress\/plugins\/seo\/ -->\n<title>EHS60 Electronic lifter for Yealink - TIC t\u00e9l\u00e9phonie industrielle &amp; commerciale inc.<\/title>\n<meta name=\"robots\" content=\"index, follow, max-snippet:-1, max-image-preview:large, max-video-preview:-1\" \/>\n<link rel=\"canonical\" href=\"https:\/\/tictelecom.ca\/en\/products\/ehs60-electronic-lifter-for-yealink\/\" \/>\n<meta property=\"og:locale\" content=\"en_US\" \/>\n<meta property=\"og:type\" content=\"article\" \/>\n<meta property=\"og:title\" content=\"EHS60 Electronic lifter for Yealink - TIC t\u00e9l\u00e9phonie industrielle &amp; commerciale inc.\" \/>\n<meta property=\"og:description\" content=\"The advanced Yealink Headset Adapter EHS60 provides a technical interface between your Yealink DECT Headset and a compatible desk phone (Cisco, Avaya, Poly, Grandstream, Fanvil). It is easy to install and offers plug-and-play functionality, allowing remote control of phone calls, including answering, hanging up, and adjusting the volume (with microphone muting available only for Cisco [&hellip;]\" \/>\n<meta property=\"og:url\" content=\"https:\/\/tictelecom.ca\/en\/products\/ehs60-electronic-lifter-for-yealink\/\" \/>\n<meta property=\"og:site_name\" content=\"TIC t\u00e9l\u00e9phonie industrielle &amp; commerciale inc.\" \/>\n<meta property=\"og:image\" content=\"https:\/\/tictelecom.ca\/wp-content\/uploads\/2024\/12\/EHS60.jpg\" \/>\n\t<meta property=\"og:image:width\" content=\"485\" \/>\n\t<meta property=\"og:image:height\" content=\"485\" \/>\n\t<meta property=\"og:image:type\" content=\"image\/jpeg\" \/>\n<meta name=\"twitter:card\" content=\"summary_large_image\" \/>\n<meta name=\"twitter:label1\" content=\"Est. reading time\" \/>\n\t<meta name=\"twitter:data1\" content=\"1 minute\" \/>\n<script type=\"application\/ld+json\" class=\"yoast-schema-graph\">{\"@context\":\"https:\/\/schema.org\",\"@graph\":[{\"@type\":\"WebPage\",\"@id\":\"https:\/\/tictelecom.ca\/en\/products\/ehs60-electronic-lifter-for-yealink\/\",\"url\":\"https:\/\/tictelecom.ca\/en\/products\/ehs60-electronic-lifter-for-yealink\/\",\"name\":\"EHS60 Electronic lifter for Yealink - TIC t\u00e9l\u00e9phonie industrielle &amp; commerciale inc.\",\"isPartOf\":{\"@id\":\"https:\/\/tictelecom.ca\/#website\"},\"primaryImageOfPage\":{\"@id\":\"https:\/\/tictelecom.ca\/en\/products\/ehs60-electronic-lifter-for-yealink\/#primaryimage\"},\"image\":{\"@id\":\"https:\/\/tictelecom.ca\/en\/products\/ehs60-electronic-lifter-for-yealink\/#primaryimage\"},\"thumbnailUrl\":\"https:\/\/tictelecom.ca\/wp-content\/uploads\/2024\/12\/EHS60.jpg\",\"datePublished\":\"2024-12-19T21:01:40+00:00\",\"dateModified\":\"2024-12-19T21:01:40+00:00\",\"breadcrumb\":{\"@id\":\"https:\/\/tictelecom.ca\/en\/products\/ehs60-electronic-lifter-for-yealink\/#breadcrumb\"},\"inLanguage\":\"en-US\",\"potentialAction\":[{\"@type\":\"ReadAction\",\"target\":[\"https:\/\/tictelecom.ca\/en\/products\/ehs60-electronic-lifter-for-yealink\/\"]}]},{\"@type\":\"ImageObject\",\"inLanguage\":\"en-US\",\"@id\":\"https:\/\/tictelecom.ca\/en\/products\/ehs60-electronic-lifter-for-yealink\/#primaryimage\",\"url\":\"https:\/\/tictelecom.ca\/wp-content\/uploads\/2024\/12\/EHS60.jpg\",\"contentUrl\":\"https:\/\/tictelecom.ca\/wp-content\/uploads\/2024\/12\/EHS60.jpg\",\"width\":485,\"height\":485},{\"@type\":\"BreadcrumbList\",\"@id\":\"https:\/\/tictelecom.ca\/en\/products\/ehs60-electronic-lifter-for-yealink\/#breadcrumb\",\"itemListElement\":[{\"@type\":\"ListItem\",\"position\":1,\"name\":\"Accueil\",\"item\":\"https:\/\/tictelecom.ca\/en\/\"},{\"@type\":\"ListItem\",\"position\":2,\"name\":\"Produits\",\"item\":\"https:\/\/tictelecom.ca\/produits\/\"},{\"@type\":\"ListItem\",\"position\":3,\"name\":\"EHS60 Electronic lifter for Yealink\"}]},{\"@type\":\"WebSite\",\"@id\":\"https:\/\/tictelecom.ca\/#website\",\"url\":\"https:\/\/tictelecom.ca\/\",\"name\":\"TIC t\u00e9l\u00e9phonie industrielle &amp; commerciale inc.\",\"description\":\"T\u00e9l\u00e9phonie VoIP TIC T\u00e9l\u00e9com\",\"potentialAction\":[{\"@type\":\"SearchAction\",\"target\":{\"@type\":\"EntryPoint\",\"urlTemplate\":\"https:\/\/tictelecom.ca\/?s={search_term_string}\"},\"query-input\":{\"@type\":\"PropertyValueSpecification\",\"valueRequired\":true,\"valueName\":\"search_term_string\"}}],\"inLanguage\":\"en-US\"}]}<\/script>\n<!-- \/ Yoast SEO plugin. -->","yoast_head_json":{"title":"EHS60 Electronic lifter for Yealink - TIC t\u00e9l\u00e9phonie industrielle &amp; commerciale inc.","robots":{"index":"index","follow":"follow","max-snippet":"max-snippet:-1","max-image-preview":"max-image-preview:large","max-video-preview":"max-video-preview:-1"},"canonical":"https:\/\/tictelecom.ca\/en\/products\/ehs60-electronic-lifter-for-yealink\/","og_locale":"en_US","og_type":"article","og_title":"EHS60 Electronic lifter for Yealink - TIC t\u00e9l\u00e9phonie industrielle &amp; commerciale inc.","og_description":"The advanced Yealink Headset Adapter EHS60 provides a technical interface between your Yealink DECT Headset and a compatible desk phone (Cisco, Avaya, Poly, Grandstream, Fanvil). It is easy to install and offers plug-and-play functionality, allowing remote control of phone calls, including answering, hanging up, and adjusting the volume (with microphone muting available only for Cisco [&hellip;]","og_url":"https:\/\/tictelecom.ca\/en\/products\/ehs60-electronic-lifter-for-yealink\/","og_site_name":"TIC t\u00e9l\u00e9phonie industrielle &amp; commerciale inc.","og_image":[{"width":485,"height":485,"url":"https:\/\/tictelecom.ca\/wp-content\/uploads\/2024\/12\/EHS60.jpg","type":"image\/jpeg"}],"twitter_card":"summary_large_image","twitter_misc":{"Est. reading time":"1 minute"},"schema":{"@context":"https:\/\/schema.org","@graph":[{"@type":"WebPage","@id":"https:\/\/tictelecom.ca\/en\/products\/ehs60-electronic-lifter-for-yealink\/","url":"https:\/\/tictelecom.ca\/en\/products\/ehs60-electronic-lifter-for-yealink\/","name":"EHS60 Electronic lifter for Yealink - TIC t\u00e9l\u00e9phonie industrielle &amp; commerciale inc.","isPartOf":{"@id":"https:\/\/tictelecom.ca\/#website"},"primaryImageOfPage":{"@id":"https:\/\/tictelecom.ca\/en\/products\/ehs60-electronic-lifter-for-yealink\/#primaryimage"},"image":{"@id":"https:\/\/tictelecom.ca\/en\/products\/ehs60-electronic-lifter-for-yealink\/#primaryimage"},"thumbnailUrl":"https:\/\/tictelecom.ca\/wp-content\/uploads\/2024\/12\/EHS60.jpg","datePublished":"2024-12-19T21:01:40+00:00","dateModified":"2024-12-19T21:01:40+00:00","breadcrumb":{"@id":"https:\/\/tictelecom.ca\/en\/products\/ehs60-electronic-lifter-for-yealink\/#breadcrumb"},"inLanguage":"en-US","potentialAction":[{"@type":"ReadAction","target":["https:\/\/tictelecom.ca\/en\/products\/ehs60-electronic-lifter-for-yealink\/"]}]},{"@type":"ImageObject","inLanguage":"en-US","@id":"https:\/\/tictelecom.ca\/en\/products\/ehs60-electronic-lifter-for-yealink\/#primaryimage","url":"https:\/\/tictelecom.ca\/wp-content\/uploads\/2024\/12\/EHS60.jpg","contentUrl":"https:\/\/tictelecom.ca\/wp-content\/uploads\/2024\/12\/EHS60.jpg","width":485,"height":485},{"@type":"BreadcrumbList","@id":"https:\/\/tictelecom.ca\/en\/products\/ehs60-electronic-lifter-for-yealink\/#breadcrumb","itemListElement":[{"@type":"ListItem","position":1,"name":"Accueil","item":"https:\/\/tictelecom.ca\/en\/"},{"@type":"ListItem","position":2,"name":"Produits","item":"https:\/\/tictelecom.ca\/produits\/"},{"@type":"ListItem","position":3,"name":"EHS60 Electronic lifter for Yealink"}]},{"@type":"WebSite","@id":"https:\/\/tictelecom.ca\/#website","url":"https:\/\/tictelecom.ca\/","name":"TIC t\u00e9l\u00e9phonie industrielle &amp; commerciale inc.","description":"T\u00e9l\u00e9phonie VoIP TIC T\u00e9l\u00e9com","potentialAction":[{"@type":"SearchAction","target":{"@type":"EntryPoint","urlTemplate":"https:\/\/tictelecom.ca\/?s={search_term_string}"},"query-input":{"@type":"PropertyValueSpecification","valueRequired":true,"valueName":"search_term_string"}}],"inLanguage":"en-US"}]}},"_links":{"self":[{"href":"https:\/\/tictelecom.ca\/en\/wp-json\/wp\/v2\/product\/709","targetHints":{"allow":["GET"]}}],"collection":[{"href":"https:\/\/tictelecom.ca\/en\/wp-json\/wp\/v2\/product"}],"about":[{"href":"https:\/\/tictelecom.ca\/en\/wp-json\/wp\/v2\/types\/product"}],"wp:featuredmedia":[{"embeddable":true,"href":"https:\/\/tictelecom.ca\/en\/wp-json\/wp\/v2\/media\/708"}],"wp:attachment":[{"href":"https:\/\/tictelecom.ca\/en\/wp-json\/wp\/v2\/media?parent=709"}],"wp:term":[{"taxonomy":"product_brand","embeddable":true,"href":"https:\/\/tictelecom.ca\/en\/wp-json\/wp\/v2\/product_brand?post=709"},{"taxonomy":"product_cat","embeddable":true,"href":"https:\/\/tictelecom.ca\/en\/wp-json\/wp\/v2\/product_cat?post=709"},{"taxonomy":"product_tag","embeddable":true,"href":"https:\/\/tictelecom.ca\/en\/wp-json\/wp\/v2\/product_tag?post=709"}],"curies":[{"name":"wp","href":"https:\/\/api.w.org\/{rel}","templated":true}]}}