{"id":720,"date":"2025-06-06T14:35:59","date_gmt":"2025-06-06T18:35:59","guid":{"rendered":"https:\/\/tictelecom.ca\/produits\/yealink-ax83h-sip-wifi-phone\/"},"modified":"2025-06-06T14:35:59","modified_gmt":"2025-06-06T18:35:59","slug":"yealink-ax83h-sip-wifi-phone","status":"publish","type":"product","link":"https:\/\/tictelecom.ca\/en\/products\/yealink-ax83h-sip-wifi-phone\/","title":{"rendered":"Yealink AX83H &#8211; SIP WIFI Phone"},"content":{"rendered":"<p>Dual-band Wi-Fi 6 with seamless roaming (802.11 a\/b\/g\/n\/ac\/ax)<\/p>\n<p>\u2022 HD Voice and intelligent noise cancellation<\/p>\n<p>\u2022 Wireless headset connection via Bluetooth 5.0<\/p>\n<p>\u2022 2.4-inch 240 x 320 TFT color display<\/p>\n<p>\u2022 4 SIP accounts, 5-way conferencing<\/p>\n<p>\u2022 Bluetooth 5.0<\/p>\n<p>\u2022 9 hours talk time \/ 200 hours standby time<\/p>\n","protected":false},"excerpt":{"rendered":"<p>Dual-band Wi-Fi 6 with seamless roaming (802.11 a\/b\/g\/n\/ac\/ax) \u2022 HD Voice and intelligent noise cancellation \u2022 Wireless headset connection via Bluetooth 5.0 \u2022 2.4-inch 240 x 320 TFT color display \u2022 4 SIP accounts, 5-way conferencing \u2022 Bluetooth 5.0 \u2022 9 hours talk time \/ 200 hours standby time<\/p>\n","protected":false},"featured_media":718,"template":"","meta":{"_acf_changed":false},"product_brand":[],"product_cat":[34],"product_tag":[],"class_list":{"0":"post-720","1":"product","2":"type-product","3":"status-publish","4":"has-post-thumbnail","6":"product_cat-wireless-phone","8":"first","9":"instock","10":"taxable","11":"shipping-taxable","12":"purchasable","13":"product-type-simple"},"acf":[],"yoast_head":"<!-- This site is optimized with the Yoast SEO plugin v23.6 - https:\/\/yoast.com\/wordpress\/plugins\/seo\/ -->\n<title>Yealink AX83H - SIP WIFI Phone - TIC t\u00e9l\u00e9phonie industrielle &amp; commerciale inc.<\/title>\n<meta name=\"robots\" content=\"index, follow, max-snippet:-1, max-image-preview:large, max-video-preview:-1\" \/>\n<link rel=\"canonical\" href=\"https:\/\/tictelecom.ca\/en\/products\/yealink-ax83h-sip-wifi-phone\/\" \/>\n<meta property=\"og:locale\" content=\"en_US\" \/>\n<meta property=\"og:type\" content=\"article\" \/>\n<meta property=\"og:title\" content=\"Yealink AX83H - SIP WIFI Phone - TIC t\u00e9l\u00e9phonie industrielle &amp; commerciale inc.\" \/>\n<meta property=\"og:description\" content=\"Dual-band Wi-Fi 6 with seamless roaming (802.11 a\/b\/g\/n\/ac\/ax) \u2022 HD Voice and intelligent noise cancellation \u2022 Wireless headset connection via Bluetooth 5.0 \u2022 2.4-inch 240 x 320 TFT color display \u2022 4 SIP accounts, 5-way conferencing \u2022 Bluetooth 5.0 \u2022 9 hours talk time \/ 200 hours standby time\" \/>\n<meta property=\"og:url\" content=\"https:\/\/tictelecom.ca\/en\/products\/yealink-ax83h-sip-wifi-phone\/\" \/>\n<meta property=\"og:site_name\" content=\"TIC t\u00e9l\u00e9phonie industrielle &amp; commerciale inc.\" \/>\n<meta property=\"og:image\" content=\"https:\/\/tictelecom.ca\/wp-content\/uploads\/2025\/06\/AX83H-1.png\" \/>\n\t<meta property=\"og:image:width\" content=\"308\" \/>\n\t<meta property=\"og:image:height\" content=\"484\" \/>\n\t<meta property=\"og:image:type\" content=\"image\/png\" \/>\n<meta name=\"twitter:card\" content=\"summary_large_image\" \/>\n<script type=\"application\/ld+json\" class=\"yoast-schema-graph\">{\"@context\":\"https:\/\/schema.org\",\"@graph\":[{\"@type\":\"WebPage\",\"@id\":\"https:\/\/tictelecom.ca\/en\/products\/yealink-ax83h-sip-wifi-phone\/\",\"url\":\"https:\/\/tictelecom.ca\/en\/products\/yealink-ax83h-sip-wifi-phone\/\",\"name\":\"Yealink AX83H - SIP WIFI Phone - TIC t\u00e9l\u00e9phonie industrielle &amp; commerciale inc.\",\"isPartOf\":{\"@id\":\"https:\/\/tictelecom.ca\/#website\"},\"primaryImageOfPage\":{\"@id\":\"https:\/\/tictelecom.ca\/en\/products\/yealink-ax83h-sip-wifi-phone\/#primaryimage\"},\"image\":{\"@id\":\"https:\/\/tictelecom.ca\/en\/products\/yealink-ax83h-sip-wifi-phone\/#primaryimage\"},\"thumbnailUrl\":\"https:\/\/tictelecom.ca\/wp-content\/uploads\/2025\/06\/AX83H-1.png\",\"datePublished\":\"2025-06-06T18:35:59+00:00\",\"dateModified\":\"2025-06-06T18:35:59+00:00\",\"breadcrumb\":{\"@id\":\"https:\/\/tictelecom.ca\/en\/products\/yealink-ax83h-sip-wifi-phone\/#breadcrumb\"},\"inLanguage\":\"en-US\",\"potentialAction\":[{\"@type\":\"ReadAction\",\"target\":[\"https:\/\/tictelecom.ca\/en\/products\/yealink-ax83h-sip-wifi-phone\/\"]}]},{\"@type\":\"ImageObject\",\"inLanguage\":\"en-US\",\"@id\":\"https:\/\/tictelecom.ca\/en\/products\/yealink-ax83h-sip-wifi-phone\/#primaryimage\",\"url\":\"https:\/\/tictelecom.ca\/wp-content\/uploads\/2025\/06\/AX83H-1.png\",\"contentUrl\":\"https:\/\/tictelecom.ca\/wp-content\/uploads\/2025\/06\/AX83H-1.png\",\"width\":308,\"height\":484},{\"@type\":\"BreadcrumbList\",\"@id\":\"https:\/\/tictelecom.ca\/en\/products\/yealink-ax83h-sip-wifi-phone\/#breadcrumb\",\"itemListElement\":[{\"@type\":\"ListItem\",\"position\":1,\"name\":\"Accueil\",\"item\":\"https:\/\/tictelecom.ca\/en\/\"},{\"@type\":\"ListItem\",\"position\":2,\"name\":\"Produits\",\"item\":\"https:\/\/tictelecom.ca\/produits\/\"},{\"@type\":\"ListItem\",\"position\":3,\"name\":\"Yealink AX83H &#8211; SIP WIFI Phone\"}]},{\"@type\":\"WebSite\",\"@id\":\"https:\/\/tictelecom.ca\/#website\",\"url\":\"https:\/\/tictelecom.ca\/\",\"name\":\"TIC t\u00e9l\u00e9phonie industrielle &amp; commerciale inc.\",\"description\":\"T\u00e9l\u00e9phonie VoIP TIC T\u00e9l\u00e9com\",\"potentialAction\":[{\"@type\":\"SearchAction\",\"target\":{\"@type\":\"EntryPoint\",\"urlTemplate\":\"https:\/\/tictelecom.ca\/?s={search_term_string}\"},\"query-input\":{\"@type\":\"PropertyValueSpecification\",\"valueRequired\":true,\"valueName\":\"search_term_string\"}}],\"inLanguage\":\"en-US\"}]}<\/script>\n<!-- \/ Yoast SEO plugin. -->","yoast_head_json":{"title":"Yealink AX83H - SIP WIFI Phone - TIC t\u00e9l\u00e9phonie industrielle &amp; commerciale inc.","robots":{"index":"index","follow":"follow","max-snippet":"max-snippet:-1","max-image-preview":"max-image-preview:large","max-video-preview":"max-video-preview:-1"},"canonical":"https:\/\/tictelecom.ca\/en\/products\/yealink-ax83h-sip-wifi-phone\/","og_locale":"en_US","og_type":"article","og_title":"Yealink AX83H - SIP WIFI Phone - TIC t\u00e9l\u00e9phonie industrielle &amp; commerciale inc.","og_description":"Dual-band Wi-Fi 6 with seamless roaming (802.11 a\/b\/g\/n\/ac\/ax) \u2022 HD Voice and intelligent noise cancellation \u2022 Wireless headset connection via Bluetooth 5.0 \u2022 2.4-inch 240 x 320 TFT color display \u2022 4 SIP accounts, 5-way conferencing \u2022 Bluetooth 5.0 \u2022 9 hours talk time \/ 200 hours standby time","og_url":"https:\/\/tictelecom.ca\/en\/products\/yealink-ax83h-sip-wifi-phone\/","og_site_name":"TIC t\u00e9l\u00e9phonie industrielle &amp; commerciale inc.","og_image":[{"width":308,"height":484,"url":"https:\/\/tictelecom.ca\/wp-content\/uploads\/2025\/06\/AX83H-1.png","type":"image\/png"}],"twitter_card":"summary_large_image","schema":{"@context":"https:\/\/schema.org","@graph":[{"@type":"WebPage","@id":"https:\/\/tictelecom.ca\/en\/products\/yealink-ax83h-sip-wifi-phone\/","url":"https:\/\/tictelecom.ca\/en\/products\/yealink-ax83h-sip-wifi-phone\/","name":"Yealink AX83H - SIP WIFI Phone - TIC t\u00e9l\u00e9phonie industrielle &amp; commerciale inc.","isPartOf":{"@id":"https:\/\/tictelecom.ca\/#website"},"primaryImageOfPage":{"@id":"https:\/\/tictelecom.ca\/en\/products\/yealink-ax83h-sip-wifi-phone\/#primaryimage"},"image":{"@id":"https:\/\/tictelecom.ca\/en\/products\/yealink-ax83h-sip-wifi-phone\/#primaryimage"},"thumbnailUrl":"https:\/\/tictelecom.ca\/wp-content\/uploads\/2025\/06\/AX83H-1.png","datePublished":"2025-06-06T18:35:59+00:00","dateModified":"2025-06-06T18:35:59+00:00","breadcrumb":{"@id":"https:\/\/tictelecom.ca\/en\/products\/yealink-ax83h-sip-wifi-phone\/#breadcrumb"},"inLanguage":"en-US","potentialAction":[{"@type":"ReadAction","target":["https:\/\/tictelecom.ca\/en\/products\/yealink-ax83h-sip-wifi-phone\/"]}]},{"@type":"ImageObject","inLanguage":"en-US","@id":"https:\/\/tictelecom.ca\/en\/products\/yealink-ax83h-sip-wifi-phone\/#primaryimage","url":"https:\/\/tictelecom.ca\/wp-content\/uploads\/2025\/06\/AX83H-1.png","contentUrl":"https:\/\/tictelecom.ca\/wp-content\/uploads\/2025\/06\/AX83H-1.png","width":308,"height":484},{"@type":"BreadcrumbList","@id":"https:\/\/tictelecom.ca\/en\/products\/yealink-ax83h-sip-wifi-phone\/#breadcrumb","itemListElement":[{"@type":"ListItem","position":1,"name":"Accueil","item":"https:\/\/tictelecom.ca\/en\/"},{"@type":"ListItem","position":2,"name":"Produits","item":"https:\/\/tictelecom.ca\/produits\/"},{"@type":"ListItem","position":3,"name":"Yealink AX83H &#8211; SIP WIFI Phone"}]},{"@type":"WebSite","@id":"https:\/\/tictelecom.ca\/#website","url":"https:\/\/tictelecom.ca\/","name":"TIC t\u00e9l\u00e9phonie industrielle &amp; commerciale inc.","description":"T\u00e9l\u00e9phonie VoIP TIC T\u00e9l\u00e9com","potentialAction":[{"@type":"SearchAction","target":{"@type":"EntryPoint","urlTemplate":"https:\/\/tictelecom.ca\/?s={search_term_string}"},"query-input":{"@type":"PropertyValueSpecification","valueRequired":true,"valueName":"search_term_string"}}],"inLanguage":"en-US"}]}},"_links":{"self":[{"href":"https:\/\/tictelecom.ca\/en\/wp-json\/wp\/v2\/product\/720","targetHints":{"allow":["GET"]}}],"collection":[{"href":"https:\/\/tictelecom.ca\/en\/wp-json\/wp\/v2\/product"}],"about":[{"href":"https:\/\/tictelecom.ca\/en\/wp-json\/wp\/v2\/types\/product"}],"wp:featuredmedia":[{"embeddable":true,"href":"https:\/\/tictelecom.ca\/en\/wp-json\/wp\/v2\/media\/718"}],"wp:attachment":[{"href":"https:\/\/tictelecom.ca\/en\/wp-json\/wp\/v2\/media?parent=720"}],"wp:term":[{"taxonomy":"product_brand","embeddable":true,"href":"https:\/\/tictelecom.ca\/en\/wp-json\/wp\/v2\/product_brand?post=720"},{"taxonomy":"product_cat","embeddable":true,"href":"https:\/\/tictelecom.ca\/en\/wp-json\/wp\/v2\/product_cat?post=720"},{"taxonomy":"product_tag","embeddable":true,"href":"https:\/\/tictelecom.ca\/en\/wp-json\/wp\/v2\/product_tag?post=720"}],"curies":[{"name":"wp","href":"https:\/\/api.w.org\/{rel}","templated":true}]}}